{"id":951,"date":"2025-02-12T07:50:29","date_gmt":"2025-02-12T07:50:29","guid":{"rendered":"https:\/\/intlweloveu.org\/project\/education\/"},"modified":"2025-12-26T06:28:24","modified_gmt":"2025-12-26T06:28:24","slug":"education","status":"publish","type":"page","link":"https:\/\/intlweloveu.org\/vi\/education\/","title":{"rendered":"Gi\u00e1o d\u1ee5c"},"content":{"rendered":"<p class=\"desc\">Gi\u00e1o d\u1ee5c l\u00e0 qu\u00e1 tr\u00ecnh quan tr\u1ecdng t\u1ea1o n\u00ean t\u01b0\u01a1ng lai t\u01b0\u01a1i s\u00e1ng v\u00e0 tr\u00e0n \u0111\u1ea7y hy v\u1ecdng. Qu\u1ef9 chi vi\u1ec7n h\u1ecdc ph\u00ed, x\u00e2y d\u1ef1ng &amp; c\u1ea3i thi\u1ec7n c\u01a1 s\u1edf tr\u01b0\u1eddng h\u1ecdc, cung c\u1ea5p trang thi\u1ebft b\u1ecb &amp; \u0111\u1ed3 d\u00f9ng d\u00e0nh cho gi\u00e1o d\u1ee5c \u0111\u1ec3 cung c\u1ea5p m\u00f4i tr\u01b0\u1eddng gi\u00e1o d\u1ee5c c\u00f4ng b\u1eb1ng v\u00e0 mang t\u00ednh ph\u1ed5 qu\u00e1t cho tr\u1ebb em, thanh thi\u1ebfu ni\u00ean v\u00e0 c\u00e1c sinh vi\u00ean \u0111\u1ea1i h\u1ecdc, l\u00e0 vai ch\u00ednh c\u1ee7a l\u00e0ng \u0111\u1ecba c\u1ea7u trong t\u01b0\u01a1ng lai. H\u01a1n n\u1eefa, Qu\u1ef9 c\u00f2n thi h\u00e0nh c\u00e1c ch\u01b0\u01a1ng tr\u00ecnh gi\u00e1o d\u1ee5c \u0111a \u0111\u1ea1ng \u0111\u1ec3 c\u00e1c vai ch\u00ednh n\u00e0y c\u00f3 th\u1ec3 tr\u01b0\u1edfng th\u00e0nh trong khi b\u1ed3i d\u01b0\u1ee1ng t\u00ecnh c\u1ea3m &amp; nh\u00e2n t\u00ednh, th\u00f4ng hi\u1ec3u v\u1edbi gia \u0111\u00ecnh v\u00e0 gi\u1eefa c\u00e1c th\u1ebf h\u1ec7, l\u00e0m t\u1ed1t vai tr\u00f2 v\u1edbi t\u01b0 c\u00e1ch l\u00e0 m\u1ed9t th\u00e0nh vi\u00ean c\u1ee7a x\u00e3 h\u1ed9i.<\/p>\n","protected":false},"excerpt":{"rendered":"V\u1eadn h\u00e0nh c\u00e1c ch\u01b0\u01a1ng tr\u00ecnh h\u1ed7 tr\u1ee3 gi\u00e1o d\u1ee5c \nv\u00e0 ph\u00e1t tri\u1ec3n nh\u00e2n c\u00e1ch cho th\u1ebf h\u1ec7 t\u01b0\u01a1ng lai","protected":false},"author":2,"featured_media":28572,"parent":0,"menu_order":0,"comment_status":"closed","ping_status":"closed","template":"","meta":{"footnotes":""},"class_list":["post-951","page","type-page","status-publish","has-post-thumbnail","hentry"],"yoast_head":"<!-- This site is optimized with the Yoast SEO plugin v26.8 - https:\/\/yoast.com\/product\/yoast-seo-wordpress\/ -->\n<title>Gi\u00e1o d\u1ee5c - Qu\u1ef9 WeLoveU Qu\u1ed1c t\u1ebf<\/title>\n<meta name=\"robots\" content=\"index, follow, max-snippet:-1, max-image-preview:large, max-video-preview:-1\" \/>\n<link rel=\"canonical\" href=\"https:\/\/intlweloveu.org\/vi\/education\/\" \/>\n<meta property=\"og:locale\" content=\"vi_VN\" \/>\n<meta property=\"og:type\" content=\"article\" \/>\n<meta property=\"og:title\" content=\"Gi\u00e1o d\u1ee5c - Qu\u1ef9 WeLoveU Qu\u1ed1c t\u1ebf\" \/>\n<meta property=\"og:description\" content=\"V\u1eadn h\u00e0nh c\u00e1c ch\u01b0\u01a1ng tr\u00ecnh h\u1ed7 tr\u1ee3 gi\u00e1o d\u1ee5c v\u00e0 ph\u00e1t tri\u1ec3n nh\u00e2n c\u00e1ch cho th\u1ebf h\u1ec7 t\u01b0\u01a1ng lai\" \/>\n<meta property=\"og:url\" content=\"https:\/\/intlweloveu.org\/vi\/education\/\" \/>\n<meta property=\"og:site_name\" content=\"Qu\u1ef9 WeLoveU Qu\u1ed1c t\u1ebf\" \/>\n<meta property=\"article:modified_time\" content=\"2025-12-26T06:28:24+00:00\" \/>\n<meta property=\"og:image\" content=\"https:\/\/intlweloveu.org\/wp-content\/uploads\/2025\/10\/thum_WeLoveU_project3.jpg\" \/>\n\t<meta property=\"og:image:width\" content=\"1200\" \/>\n\t<meta property=\"og:image:height\" content=\"630\" \/>\n\t<meta property=\"og:image:type\" content=\"image\/jpeg\" \/>\n<meta name=\"twitter:card\" content=\"summary_large_image\" \/>\n<meta name=\"twitter:label1\" content=\"\u01af\u1edbc t\u00ednh th\u1eddi gian \u0111\u1ecdc\" \/>\n\t<meta name=\"twitter:data1\" content=\"1 ph\u00fat\" \/>\n<script type=\"application\/ld+json\" class=\"yoast-schema-graph\">{\"@context\":\"https:\/\/schema.org\",\"@graph\":[{\"@type\":\"WebPage\",\"@id\":\"https:\/\/intlweloveu.org\/vi\/education\/\",\"url\":\"https:\/\/intlweloveu.org\/vi\/education\/\",\"name\":\"Gi\u00e1o d\u1ee5c - Qu\u1ef9 WeLoveU Qu\u1ed1c t\u1ebf\",\"isPartOf\":{\"@id\":\"https:\/\/intlweloveu.org\/#website\"},\"primaryImageOfPage\":{\"@id\":\"https:\/\/intlweloveu.org\/vi\/education\/#primaryimage\"},\"image\":{\"@id\":\"https:\/\/intlweloveu.org\/vi\/education\/#primaryimage\"},\"thumbnailUrl\":\"https:\/\/intlweloveu.org\/wp-content\/uploads\/2025\/10\/thum_WeLoveU_project3.jpg\",\"datePublished\":\"2025-02-12T07:50:29+00:00\",\"dateModified\":\"2025-12-26T06:28:24+00:00\",\"breadcrumb\":{\"@id\":\"https:\/\/intlweloveu.org\/vi\/education\/#breadcrumb\"},\"inLanguage\":\"vi\",\"potentialAction\":[{\"@type\":\"ReadAction\",\"target\":[\"https:\/\/intlweloveu.org\/vi\/education\/\"]}]},{\"@type\":\"ImageObject\",\"inLanguage\":\"vi\",\"@id\":\"https:\/\/intlweloveu.org\/vi\/education\/#primaryimage\",\"url\":\"https:\/\/intlweloveu.org\/wp-content\/uploads\/2025\/10\/thum_WeLoveU_project3.jpg\",\"contentUrl\":\"https:\/\/intlweloveu.org\/wp-content\/uploads\/2025\/10\/thum_WeLoveU_project3.jpg\",\"width\":1200,\"height\":630},{\"@type\":\"BreadcrumbList\",\"@id\":\"https:\/\/intlweloveu.org\/vi\/education\/#breadcrumb\",\"itemListElement\":[{\"@type\":\"ListItem\",\"position\":1,\"name\":\"\ud648\",\"item\":\"https:\/\/intlweloveu.org\/vi\/\"},{\"@type\":\"ListItem\",\"position\":2,\"name\":\"Gi\u00e1o d\u1ee5c\"}]},{\"@type\":\"WebSite\",\"@id\":\"https:\/\/intlweloveu.org\/#website\",\"url\":\"https:\/\/intlweloveu.org\/\",\"name\":\"The Intl. WeLoveU Foundation\",\"description\":\"T\u00ecnh y\u00eau th\u01b0\u01a1ng c\u1ee7a m\u1eb9 \u0111\u01b0\u1ee3c truy\u1ec1n kh\u1eafp th\u1ebf gian\",\"alternateName\":\"\uad6d\uc81c\uc704\ub7ec\ube0c\uc720\uc6b4\ub3d9\ubcf8\ubd80\",\"potentialAction\":[{\"@type\":\"SearchAction\",\"target\":{\"@type\":\"EntryPoint\",\"urlTemplate\":\"https:\/\/intlweloveu.org\/?s={search_term_string}\"},\"query-input\":{\"@type\":\"PropertyValueSpecification\",\"valueRequired\":true,\"valueName\":\"search_term_string\"}}],\"inLanguage\":\"vi\"}]}<\/script>\n<!-- \/ Yoast SEO plugin. -->","yoast_head_json":{"title":"Gi\u00e1o d\u1ee5c - Qu\u1ef9 WeLoveU Qu\u1ed1c t\u1ebf","robots":{"index":"index","follow":"follow","max-snippet":"max-snippet:-1","max-image-preview":"max-image-preview:large","max-video-preview":"max-video-preview:-1"},"canonical":"https:\/\/intlweloveu.org\/vi\/education\/","og_locale":"vi_VN","og_type":"article","og_title":"Gi\u00e1o d\u1ee5c - Qu\u1ef9 WeLoveU Qu\u1ed1c t\u1ebf","og_description":"V\u1eadn h\u00e0nh c\u00e1c ch\u01b0\u01a1ng tr\u00ecnh h\u1ed7 tr\u1ee3 gi\u00e1o d\u1ee5c v\u00e0 ph\u00e1t tri\u1ec3n nh\u00e2n c\u00e1ch cho th\u1ebf h\u1ec7 t\u01b0\u01a1ng lai","og_url":"https:\/\/intlweloveu.org\/vi\/education\/","og_site_name":"Qu\u1ef9 WeLoveU Qu\u1ed1c t\u1ebf","article_modified_time":"2025-12-26T06:28:24+00:00","og_image":[{"width":1200,"height":630,"url":"https:\/\/intlweloveu.org\/wp-content\/uploads\/2025\/10\/thum_WeLoveU_project3.jpg","type":"image\/jpeg"}],"twitter_card":"summary_large_image","twitter_misc":{"\u01af\u1edbc t\u00ednh th\u1eddi gian \u0111\u1ecdc":"1 ph\u00fat"},"schema":{"@context":"https:\/\/schema.org","@graph":[{"@type":"WebPage","@id":"https:\/\/intlweloveu.org\/vi\/education\/","url":"https:\/\/intlweloveu.org\/vi\/education\/","name":"Gi\u00e1o d\u1ee5c - Qu\u1ef9 WeLoveU Qu\u1ed1c t\u1ebf","isPartOf":{"@id":"https:\/\/intlweloveu.org\/#website"},"primaryImageOfPage":{"@id":"https:\/\/intlweloveu.org\/vi\/education\/#primaryimage"},"image":{"@id":"https:\/\/intlweloveu.org\/vi\/education\/#primaryimage"},"thumbnailUrl":"https:\/\/intlweloveu.org\/wp-content\/uploads\/2025\/10\/thum_WeLoveU_project3.jpg","datePublished":"2025-02-12T07:50:29+00:00","dateModified":"2025-12-26T06:28:24+00:00","breadcrumb":{"@id":"https:\/\/intlweloveu.org\/vi\/education\/#breadcrumb"},"inLanguage":"vi","potentialAction":[{"@type":"ReadAction","target":["https:\/\/intlweloveu.org\/vi\/education\/"]}]},{"@type":"ImageObject","inLanguage":"vi","@id":"https:\/\/intlweloveu.org\/vi\/education\/#primaryimage","url":"https:\/\/intlweloveu.org\/wp-content\/uploads\/2025\/10\/thum_WeLoveU_project3.jpg","contentUrl":"https:\/\/intlweloveu.org\/wp-content\/uploads\/2025\/10\/thum_WeLoveU_project3.jpg","width":1200,"height":630},{"@type":"BreadcrumbList","@id":"https:\/\/intlweloveu.org\/vi\/education\/#breadcrumb","itemListElement":[{"@type":"ListItem","position":1,"name":"\ud648","item":"https:\/\/intlweloveu.org\/vi\/"},{"@type":"ListItem","position":2,"name":"Gi\u00e1o d\u1ee5c"}]},{"@type":"WebSite","@id":"https:\/\/intlweloveu.org\/#website","url":"https:\/\/intlweloveu.org\/","name":"The Intl. WeLoveU Foundation","description":"T\u00ecnh y\u00eau th\u01b0\u01a1ng c\u1ee7a m\u1eb9 \u0111\u01b0\u1ee3c truy\u1ec1n kh\u1eafp th\u1ebf gian","alternateName":"\uad6d\uc81c\uc704\ub7ec\ube0c\uc720\uc6b4\ub3d9\ubcf8\ubd80","potentialAction":[{"@type":"SearchAction","target":{"@type":"EntryPoint","urlTemplate":"https:\/\/intlweloveu.org\/?s={search_term_string}"},"query-input":{"@type":"PropertyValueSpecification","valueRequired":true,"valueName":"search_term_string"}}],"inLanguage":"vi"}]}},"_links":{"self":[{"href":"https:\/\/intlweloveu.org\/vi\/wp-json\/wp\/v2\/pages\/951","targetHints":{"allow":["GET"]}}],"collection":[{"href":"https:\/\/intlweloveu.org\/vi\/wp-json\/wp\/v2\/pages"}],"about":[{"href":"https:\/\/intlweloveu.org\/vi\/wp-json\/wp\/v2\/types\/page"}],"author":[{"embeddable":true,"href":"https:\/\/intlweloveu.org\/vi\/wp-json\/wp\/v2\/users\/2"}],"replies":[{"embeddable":true,"href":"https:\/\/intlweloveu.org\/vi\/wp-json\/wp\/v2\/comments?post=951"}],"version-history":[{"count":5,"href":"https:\/\/intlweloveu.org\/vi\/wp-json\/wp\/v2\/pages\/951\/revisions"}],"predecessor-version":[{"id":208638,"href":"https:\/\/intlweloveu.org\/vi\/wp-json\/wp\/v2\/pages\/951\/revisions\/208638"}],"wp:featuredmedia":[{"embeddable":true,"href":"https:\/\/intlweloveu.org\/vi\/wp-json\/wp\/v2\/media\/28572"}],"wp:attachment":[{"href":"https:\/\/intlweloveu.org\/vi\/wp-json\/wp\/v2\/media?parent=951"}],"curies":[{"name":"wp","href":"https:\/\/api.w.org\/{rel}","templated":true}]}}