{"id":939,"date":"2025-02-12T01:45:53","date_gmt":"2025-02-12T01:45:53","guid":{"rendered":"https:\/\/intlweloveu.org\/introduction\/"},"modified":"2025-12-04T01:22:36","modified_gmt":"2025-12-04T01:22:36","slug":"introduction","status":"publish","type":"page","link":"https:\/\/intlweloveu.org\/vi\/introduction\/","title":{"rendered":"Gi\u1edbi thi\u1ec7u WeLoveU"},"content":{"rendered":"<section class=\"wp-block-group section about bg-gray\">\n<div class=\"wp-block-group__inner-container is-layout-constrained wp-block-group-is-layout-constrained\">\n<div class=\"wp-block-group container\">\n<div class=\"wp-block-group__inner-container is-layout-constrained wp-block-group-is-layout-constrained\">\n<div class=\"wp-block-columns is-layout-flex wp-container-core-columns-is-layout-9d6595d7 wp-block-columns-is-layout-flex\">\n<div class=\"wp-block-column is-layout-flow wp-block-column-is-layout-flow\" style=\"flex-basis:33.33%\">\n<h2 class=\"wp-block-heading typo-headline mg-b-16 mg-lgfix-b-36 sm-slide-Fide-In-Up\">Gi\u1edbi thi\u1ec7u WeLoveU<\/h2>\n<\/div>\n<div class=\"wp-block-column text-wrap sm-set is-layout-flow wp-block-column-is-layout-flow\" style=\"flex-basis:66.66%\">\n<p class=\"sm-slide-Fide-In-Up sm-item\">Qu\u1ef9 WeLoveU Qu\u1ed1c t\u1ebf tri\u1ec3n khai ho\u1ea1t \u0111\u1ed9ng ph\u00fac l\u1ee3i to\u00e0n c\u1ea7u \u0111\u1ec3 gi\u00fap nh\u1eefng ng\u01b0\u1eddi nh\u00e0 l\u00e0ng \u0111\u1ecba c\u1ea7u \u0111ang b\u1ecb nguy c\u01a1 b\u1edfi tai n\u1ea1n, b\u1ec7nh t\u1eadt v\u00e0 ngh\u00e8o n\u00e0n v.v\u2026 \u0111\u01b0\u1ee3c t\u00f4n tr\u1ecdng v\u00e0 s\u1ed1ng m\u1ed9t c\u00e1ch h\u00f2a b\u00ecnh v\u01b0\u1ee3t qua qu\u1ed1c gia, ch\u1ee7ng t\u1ed9c, ng\u00f4n ng\u1eef, v\u00e0 v\u0103n h\u00f3a.<\/p>\n<p class=\"sm-slide-Fide-In-Up sm-item\">Kh\u00f4ng ph\u1ea3i l\u00e0 qu\u00e1 l\u1eddi khi n\u00f3i r\u1eb1ng \u0111\u1ea1i danh t\u1eeb c\u1ee7a s\u1ef1 t\u00f4n tr\u1ecdng ch\u00ednh l\u00e0 \u201cm\u1eb9\u201d. Gi\u1ed1ng nh\u01b0 ng\u01b0\u1eddi m\u1eb9 coi tr\u1ecdng t\u1eebng m\u1ed9t th\u00e0nh vi\u00ean gia \u0111\u00ecnh v\u00e0 kh\u00f4ng ti\u1ebfc ban t\u00ecnh y\u00eau th\u01b0\u01a1ng v\u00e0 hy sinh v\u00ec s\u1ef1 h\u00f2a thu\u1eadn v\u00e0 s\u1ef1 s\u1ed1ng c\u1ee7a gia \u0111\u00ecnh, ho\u1ea1t \u0111\u1ed9ng ch\u1ee7 ngh\u0129a nh\u00e2n \u0111\u1ea1o c\u1ee7a Qu\u1ef9 WeLoveU Qu\u1ed1c t\u1ebf d\u1ef1a tr\u00ean n\u1ec1n t\u1ea3ng \u201ct\u1ea5m l\u00f2ng t\u00ecnh y\u00eau c\u1ee7a m\u1eb9\u201d coi nh\u00e2n lo\u1ea1i kh\u1eafp th\u1ebf gi\u1edbi nh\u01b0 m\u1ed9t gia \u0111\u00ecnh.<\/p>\n<p class=\"sm-slide-Fide-In-Up sm-item\">Ch\u00fang t\u00f4i ho\u1ea1t \u0111\u1ed9ng t\u1ea1i H\u00e0n Qu\u1ed1c t\u1eeb nh\u1eefng n\u0103m 1990, v\u00e0 sau khi ho\u1ea1t \u0111\u1ed9ng ch\u00ednh th\u1ee9c v\u00e0o n\u0103m 2001, 155.000 h\u1ed9i vi\u00ean t\u1ea1i 249 khu v\u1ef1c \u1edf 73 qu\u1ed1c gia \u0111ang ho\u1ea1t \u0111\u1ed9ng \u0111a d\u1ea1ng v\u00ec s\u1ef1 t\u0103ng ti\u1ebfn ph\u00fac l\u1ee3i, th\u00f4ng hi\u1ec3u c\u1ed9ng \u0111\u1ed3ng, v\u00e0 h\u00f2a thu\u1eadn c\u1ee7a nh\u1eefng ng\u01b0\u1eddi y\u1ebfu th\u1ebf trong x\u00e3 h\u1ed9i nh\u01b0 tr\u1ebb em, ph\u1ee5 n\u1eef, ng\u01b0\u1eddi gi\u00e0, ng\u01b0\u1eddi khuy\u1ebft t\u1eadt, d\u00e2n t\u1ecb n\u1ea1n v\u00e0 n\u1ea1n nh\u00e2n, gia \u0111\u00ecnh ngh\u00e8o kh\u00f3 v.v\u2026<\/p>\n<p class=\"sm-slide-Fide-In-Up sm-item\">H\u01a1n n\u1eefa, v\u00e0o n\u0103m 2018, Qu\u1ef9 WeLoveU Qu\u1ed1c t\u1ebf gi\u00e0nh \u0111\u01b0\u1ee3c v\u1ecb tr\u00ed hi\u1ec7p l\u1ef1c t\u1eeb V\u1ee5 LHQ v\u1ec1 Th\u00f4ng tin C\u00f4ng c\u1ed9ng (UN DPI, United Nations Department of Public Information), n\u00ean \u0111\u01b0\u1ee3c x\u00e1c l\u1eadp v\u1ecb th\u1ebf v\u1edbi t\u01b0 c\u00e1ch l\u00e0 NGO to\u00e0n c\u1ea7u. Qu\u1ef9 WeLoveU Qu\u1ed1c t\u1ebf chi vi\u1ec7n trong vi\u1ec7c l\u00e0m ho\u00e0n th\u00e0nh M\u1ee5c ti\u00eau Ph\u00e1t tri\u1ec3n B\u1ec1n v\u1eefng LHQ (UN SDGs) l\u00e0 m\u1ee5c ti\u00eau chung l\u1edbn nh\u1ea5t c\u1ee7a x\u00e3 h\u1ed9i qu\u1ed1c t\u1ebf; hi\u1ec7p l\u1ef1c qu\u1ed1c t\u1ebf si\u00eau qu\u1ed1c gia b\u1edfi t\u1ea1o th\u00e0nh m\u1ea1ng l\u01b0\u1edbi v\u00e0 h\u1ee3p t\u00e1c v\u1edbi ch\u00ednh ph\u1ee7 c\u00e1c n\u01b0\u1edbc th\u1ebf gi\u1edbi, \u0111o\u00e0n th\u1ec3 t\u1ef1 tr\u1ecb \u0111\u1ecba ph\u01b0\u01a1ng v\u00e0 c\u00e1c c\u01a1 quan, v\u00ec ph\u00fac l\u1ee3i b\u1ec1n v\u1eefng c\u1ee7a l\u00e0ng \u0111\u1ecba c\u1ea7u.<\/p>\n<\/div>\n<\/div>\n<\/div>\n<\/div>\n<\/div>\n<\/section>\n<section class=\"wp-block-group section video\">\n<div class=\"wp-block-group__inner-container is-layout-constrained wp-block-group-is-layout-constrained\">\n<div class=\"wp-block-group container\">\n<div class=\"wp-block-group__inner-container is-layout-constrained wp-block-group-is-layout-constrained\">\n<h2 class=\"wp-block-heading typo-headline mg-b-16 mg-lgfix-b-36 sm-slide-Fide-In-Up\">Video gi\u1edbi thi\u1ec7u<\/h2>\n<figure class=\"wp-block-embed is-type-video is-provider-youtube wp-block-embed-youtube wp-embed-aspect-16-9 wp-has-aspect-ratio sm-slide-Fide-In-Up\">\n<div class=\"wp-block-embed__wrapper\">\n<iframe loading=\"lazy\" title=\"[WeLoveU] Trao hy v\u1ecdng cho nh\u00e2n lo\u1ea1i b\u1eb1ng t\u1ea5m l\u00f2ng c\u1ee7a M\u1eb9 | WeLoveU | Ch\u1ee7 t\u1ecbch Zahng Gil Jah\" width=\"500\" height=\"281\" src=\"https:\/\/www.youtube.com\/embed\/MvfqBE4p_yA?feature=oembed\" frameborder=\"0\" allow=\"accelerometer; autoplay; clipboard-write; encrypted-media; gyroscope; picture-in-picture; web-share\" referrerpolicy=\"strict-origin-when-cross-origin\" allowfullscreen><\/iframe>\n<\/div>\n<\/figure>\n<\/div>\n<\/div>\n<\/div>\n<\/section>\n","protected":false},"excerpt":{"rendered":"Qu\u1ef9 WeLoveU Qu\u1ed1c t\u1ebf t\u1ea1o d\u1ef1ng th\u1ebf gian m\u00e0 ai c\u0169ng \u0111\u01b0\u1ee3c t\u00f4n tr\u1ecdng, v\u00e0 h\u00f2a b\u00ecnh b\u1ec1n v\u1eefng.","protected":false},"author":2,"featured_media":26033,"parent":0,"menu_order":0,"comment_status":"closed","ping_status":"closed","template":"","meta":{"footnotes":""},"class_list":["post-939","page","type-page","status-publish","has-post-thumbnail","hentry"],"yoast_head":"<!-- This site is optimized with the Yoast SEO plugin v26.8 - https:\/\/yoast.com\/product\/yoast-seo-wordpress\/ -->\n<title>Gi\u1edbi thi\u1ec7u WeLoveU - Qu\u1ef9 WeLoveU Qu\u1ed1c t\u1ebf<\/title>\n<meta name=\"robots\" content=\"index, follow, max-snippet:-1, max-image-preview:large, max-video-preview:-1\" \/>\n<link rel=\"canonical\" href=\"https:\/\/intlweloveu.org\/vi\/introduction\/\" \/>\n<meta property=\"og:locale\" content=\"vi_VN\" \/>\n<meta property=\"og:type\" content=\"article\" \/>\n<meta property=\"og:title\" content=\"Gi\u1edbi thi\u1ec7u WeLoveU - Qu\u1ef9 WeLoveU Qu\u1ed1c t\u1ebf\" \/>\n<meta property=\"og:description\" content=\"Qu\u1ef9 WeLoveU Qu\u1ed1c t\u1ebf t\u1ea1o d\u1ef1ng th\u1ebf gian m\u00e0 ai c\u0169ng \u0111\u01b0\u1ee3c t\u00f4n tr\u1ecdng, v\u00e0 h\u00f2a b\u00ecnh b\u1ec1n v\u1eefng.\" \/>\n<meta property=\"og:url\" content=\"https:\/\/intlweloveu.org\/vi\/introduction\/\" \/>\n<meta property=\"og:site_name\" content=\"Qu\u1ef9 WeLoveU Qu\u1ed1c t\u1ebf\" \/>\n<meta property=\"article:modified_time\" content=\"2025-12-04T01:22:36+00:00\" \/>\n<meta property=\"og:image\" content=\"https:\/\/intlweloveu.org\/wp-content\/uploads\/2025\/10\/thum_WeLoveU_introduction-scaled.jpg\" \/>\n\t<meta property=\"og:image:width\" content=\"2560\" \/>\n\t<meta property=\"og:image:height\" content=\"1383\" \/>\n\t<meta property=\"og:image:type\" content=\"image\/jpeg\" \/>\n<meta name=\"twitter:card\" content=\"summary_large_image\" \/>\n<meta name=\"twitter:label1\" content=\"\u01af\u1edbc t\u00ednh th\u1eddi gian \u0111\u1ecdc\" \/>\n\t<meta name=\"twitter:data1\" content=\"3 ph\u00fat\" \/>\n<script type=\"application\/ld+json\" class=\"yoast-schema-graph\">{\"@context\":\"https:\/\/schema.org\",\"@graph\":[{\"@type\":\"WebPage\",\"@id\":\"https:\/\/intlweloveu.org\/vi\/introduction\/\",\"url\":\"https:\/\/intlweloveu.org\/vi\/introduction\/\",\"name\":\"Gi\u1edbi thi\u1ec7u WeLoveU - Qu\u1ef9 WeLoveU Qu\u1ed1c t\u1ebf\",\"isPartOf\":{\"@id\":\"https:\/\/intlweloveu.org\/#website\"},\"primaryImageOfPage\":{\"@id\":\"https:\/\/intlweloveu.org\/vi\/introduction\/#primaryimage\"},\"image\":{\"@id\":\"https:\/\/intlweloveu.org\/vi\/introduction\/#primaryimage\"},\"thumbnailUrl\":\"https:\/\/intlweloveu.org\/wp-content\/uploads\/2025\/10\/thum_WeLoveU_introduction-scaled.jpg\",\"datePublished\":\"2025-02-12T01:45:53+00:00\",\"dateModified\":\"2025-12-04T01:22:36+00:00\",\"breadcrumb\":{\"@id\":\"https:\/\/intlweloveu.org\/vi\/introduction\/#breadcrumb\"},\"inLanguage\":\"vi\",\"potentialAction\":[{\"@type\":\"ReadAction\",\"target\":[\"https:\/\/intlweloveu.org\/vi\/introduction\/\"]}]},{\"@type\":\"ImageObject\",\"inLanguage\":\"vi\",\"@id\":\"https:\/\/intlweloveu.org\/vi\/introduction\/#primaryimage\",\"url\":\"https:\/\/intlweloveu.org\/wp-content\/uploads\/2025\/10\/thum_WeLoveU_introduction-scaled.jpg\",\"contentUrl\":\"https:\/\/intlweloveu.org\/wp-content\/uploads\/2025\/10\/thum_WeLoveU_introduction-scaled.jpg\",\"width\":2560,\"height\":1383},{\"@type\":\"BreadcrumbList\",\"@id\":\"https:\/\/intlweloveu.org\/vi\/introduction\/#breadcrumb\",\"itemListElement\":[{\"@type\":\"ListItem\",\"position\":1,\"name\":\"\ud648\",\"item\":\"https:\/\/intlweloveu.org\/vi\/\"},{\"@type\":\"ListItem\",\"position\":2,\"name\":\"Gi\u1edbi thi\u1ec7u WeLoveU\"}]},{\"@type\":\"WebSite\",\"@id\":\"https:\/\/intlweloveu.org\/#website\",\"url\":\"https:\/\/intlweloveu.org\/\",\"name\":\"The Intl. WeLoveU Foundation\",\"description\":\"T\u00ecnh y\u00eau th\u01b0\u01a1ng c\u1ee7a m\u1eb9 \u0111\u01b0\u1ee3c truy\u1ec1n kh\u1eafp th\u1ebf gian\",\"alternateName\":\"\uad6d\uc81c\uc704\ub7ec\ube0c\uc720\uc6b4\ub3d9\ubcf8\ubd80\",\"potentialAction\":[{\"@type\":\"SearchAction\",\"target\":{\"@type\":\"EntryPoint\",\"urlTemplate\":\"https:\/\/intlweloveu.org\/?s={search_term_string}\"},\"query-input\":{\"@type\":\"PropertyValueSpecification\",\"valueRequired\":true,\"valueName\":\"search_term_string\"}}],\"inLanguage\":\"vi\"}]}<\/script>\n<!-- \/ Yoast SEO plugin. -->","yoast_head_json":{"title":"Gi\u1edbi thi\u1ec7u WeLoveU - Qu\u1ef9 WeLoveU Qu\u1ed1c t\u1ebf","robots":{"index":"index","follow":"follow","max-snippet":"max-snippet:-1","max-image-preview":"max-image-preview:large","max-video-preview":"max-video-preview:-1"},"canonical":"https:\/\/intlweloveu.org\/vi\/introduction\/","og_locale":"vi_VN","og_type":"article","og_title":"Gi\u1edbi thi\u1ec7u WeLoveU - Qu\u1ef9 WeLoveU Qu\u1ed1c t\u1ebf","og_description":"Qu\u1ef9 WeLoveU Qu\u1ed1c t\u1ebf t\u1ea1o d\u1ef1ng th\u1ebf gian m\u00e0 ai c\u0169ng \u0111\u01b0\u1ee3c t\u00f4n tr\u1ecdng, v\u00e0 h\u00f2a b\u00ecnh b\u1ec1n v\u1eefng.","og_url":"https:\/\/intlweloveu.org\/vi\/introduction\/","og_site_name":"Qu\u1ef9 WeLoveU Qu\u1ed1c t\u1ebf","article_modified_time":"2025-12-04T01:22:36+00:00","og_image":[{"width":2560,"height":1383,"url":"https:\/\/intlweloveu.org\/wp-content\/uploads\/2025\/10\/thum_WeLoveU_introduction-scaled.jpg","type":"image\/jpeg"}],"twitter_card":"summary_large_image","twitter_misc":{"\u01af\u1edbc t\u00ednh th\u1eddi gian \u0111\u1ecdc":"3 ph\u00fat"},"schema":{"@context":"https:\/\/schema.org","@graph":[{"@type":"WebPage","@id":"https:\/\/intlweloveu.org\/vi\/introduction\/","url":"https:\/\/intlweloveu.org\/vi\/introduction\/","name":"Gi\u1edbi thi\u1ec7u WeLoveU - Qu\u1ef9 WeLoveU Qu\u1ed1c t\u1ebf","isPartOf":{"@id":"https:\/\/intlweloveu.org\/#website"},"primaryImageOfPage":{"@id":"https:\/\/intlweloveu.org\/vi\/introduction\/#primaryimage"},"image":{"@id":"https:\/\/intlweloveu.org\/vi\/introduction\/#primaryimage"},"thumbnailUrl":"https:\/\/intlweloveu.org\/wp-content\/uploads\/2025\/10\/thum_WeLoveU_introduction-scaled.jpg","datePublished":"2025-02-12T01:45:53+00:00","dateModified":"2025-12-04T01:22:36+00:00","breadcrumb":{"@id":"https:\/\/intlweloveu.org\/vi\/introduction\/#breadcrumb"},"inLanguage":"vi","potentialAction":[{"@type":"ReadAction","target":["https:\/\/intlweloveu.org\/vi\/introduction\/"]}]},{"@type":"ImageObject","inLanguage":"vi","@id":"https:\/\/intlweloveu.org\/vi\/introduction\/#primaryimage","url":"https:\/\/intlweloveu.org\/wp-content\/uploads\/2025\/10\/thum_WeLoveU_introduction-scaled.jpg","contentUrl":"https:\/\/intlweloveu.org\/wp-content\/uploads\/2025\/10\/thum_WeLoveU_introduction-scaled.jpg","width":2560,"height":1383},{"@type":"BreadcrumbList","@id":"https:\/\/intlweloveu.org\/vi\/introduction\/#breadcrumb","itemListElement":[{"@type":"ListItem","position":1,"name":"\ud648","item":"https:\/\/intlweloveu.org\/vi\/"},{"@type":"ListItem","position":2,"name":"Gi\u1edbi thi\u1ec7u WeLoveU"}]},{"@type":"WebSite","@id":"https:\/\/intlweloveu.org\/#website","url":"https:\/\/intlweloveu.org\/","name":"The Intl. WeLoveU Foundation","description":"T\u00ecnh y\u00eau th\u01b0\u01a1ng c\u1ee7a m\u1eb9 \u0111\u01b0\u1ee3c truy\u1ec1n kh\u1eafp th\u1ebf gian","alternateName":"\uad6d\uc81c\uc704\ub7ec\ube0c\uc720\uc6b4\ub3d9\ubcf8\ubd80","potentialAction":[{"@type":"SearchAction","target":{"@type":"EntryPoint","urlTemplate":"https:\/\/intlweloveu.org\/?s={search_term_string}"},"query-input":{"@type":"PropertyValueSpecification","valueRequired":true,"valueName":"search_term_string"}}],"inLanguage":"vi"}]}},"_links":{"self":[{"href":"https:\/\/intlweloveu.org\/vi\/wp-json\/wp\/v2\/pages\/939","targetHints":{"allow":["GET"]}}],"collection":[{"href":"https:\/\/intlweloveu.org\/vi\/wp-json\/wp\/v2\/pages"}],"about":[{"href":"https:\/\/intlweloveu.org\/vi\/wp-json\/wp\/v2\/types\/page"}],"author":[{"embeddable":true,"href":"https:\/\/intlweloveu.org\/vi\/wp-json\/wp\/v2\/users\/2"}],"replies":[{"embeddable":true,"href":"https:\/\/intlweloveu.org\/vi\/wp-json\/wp\/v2\/comments?post=939"}],"version-history":[{"count":4,"href":"https:\/\/intlweloveu.org\/vi\/wp-json\/wp\/v2\/pages\/939\/revisions"}],"predecessor-version":[{"id":48563,"href":"https:\/\/intlweloveu.org\/vi\/wp-json\/wp\/v2\/pages\/939\/revisions\/48563"}],"wp:featuredmedia":[{"embeddable":true,"href":"https:\/\/intlweloveu.org\/vi\/wp-json\/wp\/v2\/media\/26033"}],"wp:attachment":[{"href":"https:\/\/intlweloveu.org\/vi\/wp-json\/wp\/v2\/media?parent=939"}],"curies":[{"name":"wp","href":"https:\/\/api.w.org\/{rel}","templated":true}]}}