{"id":933,"date":"2025-02-12T07:48:49","date_gmt":"2025-02-12T07:48:49","guid":{"rendered":"https:\/\/intlweloveu.org\/project\/health\/"},"modified":"2025-12-29T06:45:51","modified_gmt":"2025-12-29T06:45:51","slug":"health","status":"publish","type":"page","link":"https:\/\/intlweloveu.org\/vi\/health\/","title":{"rendered":"B\u1ea3o v\u1ec7 s\u1ee9c kh\u1ecfe"},"content":{"rendered":"<p class=\"desc\">Qu\u1ef9 WeLoveU Qu\u1ed1c t\u1ebf cung c\u1ea5p d\u1ecbch v\u1ee5 s\u1ee9c kh\u1ecfe v\u00e0 y t\u1ebf cho tr\u1ebb em v\u00e0 th\u00e0nh vi\u00ean x\u00e3 h\u1ed9i \u0111\u1ecba ph\u01b0\u01a1ng \u0111ang ch\u1ecbu \u0111au \u0111\u1edbn b\u1edfi c\u00e1c lo\u1ea1i b\u1ec7nh t\u1eadt v\u00e0 m\u00f4i tr\u01b0\u1eddng s\u1ee9c kh\u1ecfe ngh\u00e8o n\u00e0n.<br><\/p>\n<p class=\"desc\">Ch\u00fang t\u00f4i n\u1ed7 l\u1ef1c \u0111\u1ec3 c\u1ea3i thi\u1ec7n s\u1ee9c kh\u1ecfe c\u1ee7a m\u1ecdi ng\u01b0\u1eddi v\u00e0 gi\u1ea3m b\u1edbt nguy hi\u1ec3m s\u1ef1 ch\u1ebft do thi\u1ebfu huy\u1ebft, th\u00f4ng qua V\u1eadn \u0111\u1ed9ng Hi\u1ebfn m\u00e1u M\u1ed9t Hai kh\u1eafp th\u1ebf gi\u1edbi.<\/p>\n<p class=\"desc\">\n<p class=\"desc\">\n","protected":false},"excerpt":{"rendered":"Cung c\u1ea5p d\u1ecbch v\u1ee5 y t\u1ebf \ncho tr\u1ebb em v\u00e0 ng\u01b0\u1eddi d\u00e2n \u1edf c\u00e1c khu v\u1ef1c d\u1ec5 b\u1ecb t\u1ed5n th\u01b0\u01a1ng","protected":false},"author":2,"featured_media":28563,"parent":0,"menu_order":0,"comment_status":"closed","ping_status":"closed","template":"","meta":{"footnotes":""},"class_list":["post-933","page","type-page","status-publish","has-post-thumbnail","hentry"],"yoast_head":"<!-- This site is optimized with the Yoast SEO plugin v26.8 - https:\/\/yoast.com\/product\/yoast-seo-wordpress\/ -->\n<title>B\u1ea3o v\u1ec7 s\u1ee9c kh\u1ecfe - Qu\u1ef9 WeLoveU Qu\u1ed1c t\u1ebf<\/title>\n<meta name=\"robots\" content=\"index, follow, max-snippet:-1, max-image-preview:large, max-video-preview:-1\" \/>\n<link rel=\"canonical\" href=\"https:\/\/intlweloveu.org\/vi\/health\/\" \/>\n<meta property=\"og:locale\" content=\"vi_VN\" \/>\n<meta property=\"og:type\" content=\"article\" \/>\n<meta property=\"og:title\" content=\"B\u1ea3o v\u1ec7 s\u1ee9c kh\u1ecfe - Qu\u1ef9 WeLoveU Qu\u1ed1c t\u1ebf\" \/>\n<meta property=\"og:description\" content=\"Cung c\u1ea5p d\u1ecbch v\u1ee5 y t\u1ebf cho tr\u1ebb em v\u00e0 ng\u01b0\u1eddi d\u00e2n \u1edf c\u00e1c khu v\u1ef1c d\u1ec5 b\u1ecb t\u1ed5n th\u01b0\u01a1ng\" \/>\n<meta property=\"og:url\" content=\"https:\/\/intlweloveu.org\/vi\/health\/\" \/>\n<meta property=\"og:site_name\" content=\"Qu\u1ef9 WeLoveU Qu\u1ed1c t\u1ebf\" \/>\n<meta property=\"article:modified_time\" content=\"2025-12-29T06:45:51+00:00\" \/>\n<meta property=\"og:image\" content=\"https:\/\/intlweloveu.org\/wp-content\/uploads\/2025\/10\/thum_WeLoveU_project2.jpg\" \/>\n\t<meta property=\"og:image:width\" content=\"1200\" \/>\n\t<meta property=\"og:image:height\" content=\"630\" \/>\n\t<meta property=\"og:image:type\" content=\"image\/jpeg\" \/>\n<meta name=\"twitter:card\" content=\"summary_large_image\" \/>\n<meta name=\"twitter:label1\" content=\"\u01af\u1edbc t\u00ednh th\u1eddi gian \u0111\u1ecdc\" \/>\n\t<meta name=\"twitter:data1\" content=\"1 ph\u00fat\" \/>\n<script type=\"application\/ld+json\" class=\"yoast-schema-graph\">{\"@context\":\"https:\/\/schema.org\",\"@graph\":[{\"@type\":\"WebPage\",\"@id\":\"https:\/\/intlweloveu.org\/vi\/health\/\",\"url\":\"https:\/\/intlweloveu.org\/vi\/health\/\",\"name\":\"B\u1ea3o v\u1ec7 s\u1ee9c kh\u1ecfe - Qu\u1ef9 WeLoveU Qu\u1ed1c t\u1ebf\",\"isPartOf\":{\"@id\":\"https:\/\/intlweloveu.org\/#website\"},\"primaryImageOfPage\":{\"@id\":\"https:\/\/intlweloveu.org\/vi\/health\/#primaryimage\"},\"image\":{\"@id\":\"https:\/\/intlweloveu.org\/vi\/health\/#primaryimage\"},\"thumbnailUrl\":\"https:\/\/intlweloveu.org\/wp-content\/uploads\/2025\/10\/thum_WeLoveU_project2.jpg\",\"datePublished\":\"2025-02-12T07:48:49+00:00\",\"dateModified\":\"2025-12-29T06:45:51+00:00\",\"breadcrumb\":{\"@id\":\"https:\/\/intlweloveu.org\/vi\/health\/#breadcrumb\"},\"inLanguage\":\"vi\",\"potentialAction\":[{\"@type\":\"ReadAction\",\"target\":[\"https:\/\/intlweloveu.org\/vi\/health\/\"]}]},{\"@type\":\"ImageObject\",\"inLanguage\":\"vi\",\"@id\":\"https:\/\/intlweloveu.org\/vi\/health\/#primaryimage\",\"url\":\"https:\/\/intlweloveu.org\/wp-content\/uploads\/2025\/10\/thum_WeLoveU_project2.jpg\",\"contentUrl\":\"https:\/\/intlweloveu.org\/wp-content\/uploads\/2025\/10\/thum_WeLoveU_project2.jpg\",\"width\":1200,\"height\":630},{\"@type\":\"BreadcrumbList\",\"@id\":\"https:\/\/intlweloveu.org\/vi\/health\/#breadcrumb\",\"itemListElement\":[{\"@type\":\"ListItem\",\"position\":1,\"name\":\"\ud648\",\"item\":\"https:\/\/intlweloveu.org\/vi\/\"},{\"@type\":\"ListItem\",\"position\":2,\"name\":\"B\u1ea3o v\u1ec7 s\u1ee9c kh\u1ecfe\"}]},{\"@type\":\"WebSite\",\"@id\":\"https:\/\/intlweloveu.org\/#website\",\"url\":\"https:\/\/intlweloveu.org\/\",\"name\":\"The Intl. WeLoveU Foundation\",\"description\":\"T\u00ecnh y\u00eau th\u01b0\u01a1ng c\u1ee7a m\u1eb9 \u0111\u01b0\u1ee3c truy\u1ec1n kh\u1eafp th\u1ebf gian\",\"alternateName\":\"\uad6d\uc81c\uc704\ub7ec\ube0c\uc720\uc6b4\ub3d9\ubcf8\ubd80\",\"potentialAction\":[{\"@type\":\"SearchAction\",\"target\":{\"@type\":\"EntryPoint\",\"urlTemplate\":\"https:\/\/intlweloveu.org\/?s={search_term_string}\"},\"query-input\":{\"@type\":\"PropertyValueSpecification\",\"valueRequired\":true,\"valueName\":\"search_term_string\"}}],\"inLanguage\":\"vi\"}]}<\/script>\n<!-- \/ Yoast SEO plugin. -->","yoast_head_json":{"title":"B\u1ea3o v\u1ec7 s\u1ee9c kh\u1ecfe - Qu\u1ef9 WeLoveU Qu\u1ed1c t\u1ebf","robots":{"index":"index","follow":"follow","max-snippet":"max-snippet:-1","max-image-preview":"max-image-preview:large","max-video-preview":"max-video-preview:-1"},"canonical":"https:\/\/intlweloveu.org\/vi\/health\/","og_locale":"vi_VN","og_type":"article","og_title":"B\u1ea3o v\u1ec7 s\u1ee9c kh\u1ecfe - Qu\u1ef9 WeLoveU Qu\u1ed1c t\u1ebf","og_description":"Cung c\u1ea5p d\u1ecbch v\u1ee5 y t\u1ebf cho tr\u1ebb em v\u00e0 ng\u01b0\u1eddi d\u00e2n \u1edf c\u00e1c khu v\u1ef1c d\u1ec5 b\u1ecb t\u1ed5n th\u01b0\u01a1ng","og_url":"https:\/\/intlweloveu.org\/vi\/health\/","og_site_name":"Qu\u1ef9 WeLoveU Qu\u1ed1c t\u1ebf","article_modified_time":"2025-12-29T06:45:51+00:00","og_image":[{"width":1200,"height":630,"url":"https:\/\/intlweloveu.org\/wp-content\/uploads\/2025\/10\/thum_WeLoveU_project2.jpg","type":"image\/jpeg"}],"twitter_card":"summary_large_image","twitter_misc":{"\u01af\u1edbc t\u00ednh th\u1eddi gian \u0111\u1ecdc":"1 ph\u00fat"},"schema":{"@context":"https:\/\/schema.org","@graph":[{"@type":"WebPage","@id":"https:\/\/intlweloveu.org\/vi\/health\/","url":"https:\/\/intlweloveu.org\/vi\/health\/","name":"B\u1ea3o v\u1ec7 s\u1ee9c kh\u1ecfe - Qu\u1ef9 WeLoveU Qu\u1ed1c t\u1ebf","isPartOf":{"@id":"https:\/\/intlweloveu.org\/#website"},"primaryImageOfPage":{"@id":"https:\/\/intlweloveu.org\/vi\/health\/#primaryimage"},"image":{"@id":"https:\/\/intlweloveu.org\/vi\/health\/#primaryimage"},"thumbnailUrl":"https:\/\/intlweloveu.org\/wp-content\/uploads\/2025\/10\/thum_WeLoveU_project2.jpg","datePublished":"2025-02-12T07:48:49+00:00","dateModified":"2025-12-29T06:45:51+00:00","breadcrumb":{"@id":"https:\/\/intlweloveu.org\/vi\/health\/#breadcrumb"},"inLanguage":"vi","potentialAction":[{"@type":"ReadAction","target":["https:\/\/intlweloveu.org\/vi\/health\/"]}]},{"@type":"ImageObject","inLanguage":"vi","@id":"https:\/\/intlweloveu.org\/vi\/health\/#primaryimage","url":"https:\/\/intlweloveu.org\/wp-content\/uploads\/2025\/10\/thum_WeLoveU_project2.jpg","contentUrl":"https:\/\/intlweloveu.org\/wp-content\/uploads\/2025\/10\/thum_WeLoveU_project2.jpg","width":1200,"height":630},{"@type":"BreadcrumbList","@id":"https:\/\/intlweloveu.org\/vi\/health\/#breadcrumb","itemListElement":[{"@type":"ListItem","position":1,"name":"\ud648","item":"https:\/\/intlweloveu.org\/vi\/"},{"@type":"ListItem","position":2,"name":"B\u1ea3o v\u1ec7 s\u1ee9c kh\u1ecfe"}]},{"@type":"WebSite","@id":"https:\/\/intlweloveu.org\/#website","url":"https:\/\/intlweloveu.org\/","name":"The Intl. WeLoveU Foundation","description":"T\u00ecnh y\u00eau th\u01b0\u01a1ng c\u1ee7a m\u1eb9 \u0111\u01b0\u1ee3c truy\u1ec1n kh\u1eafp th\u1ebf gian","alternateName":"\uad6d\uc81c\uc704\ub7ec\ube0c\uc720\uc6b4\ub3d9\ubcf8\ubd80","potentialAction":[{"@type":"SearchAction","target":{"@type":"EntryPoint","urlTemplate":"https:\/\/intlweloveu.org\/?s={search_term_string}"},"query-input":{"@type":"PropertyValueSpecification","valueRequired":true,"valueName":"search_term_string"}}],"inLanguage":"vi"}]}},"_links":{"self":[{"href":"https:\/\/intlweloveu.org\/vi\/wp-json\/wp\/v2\/pages\/933","targetHints":{"allow":["GET"]}}],"collection":[{"href":"https:\/\/intlweloveu.org\/vi\/wp-json\/wp\/v2\/pages"}],"about":[{"href":"https:\/\/intlweloveu.org\/vi\/wp-json\/wp\/v2\/types\/page"}],"author":[{"embeddable":true,"href":"https:\/\/intlweloveu.org\/vi\/wp-json\/wp\/v2\/users\/2"}],"replies":[{"embeddable":true,"href":"https:\/\/intlweloveu.org\/vi\/wp-json\/wp\/v2\/comments?post=933"}],"version-history":[{"count":5,"href":"https:\/\/intlweloveu.org\/vi\/wp-json\/wp\/v2\/pages\/933\/revisions"}],"predecessor-version":[{"id":208665,"href":"https:\/\/intlweloveu.org\/vi\/wp-json\/wp\/v2\/pages\/933\/revisions\/208665"}],"wp:featuredmedia":[{"embeddable":true,"href":"https:\/\/intlweloveu.org\/vi\/wp-json\/wp\/v2\/media\/28563"}],"wp:attachment":[{"href":"https:\/\/intlweloveu.org\/vi\/wp-json\/wp\/v2\/media?parent=933"}],"curies":[{"name":"wp","href":"https:\/\/api.w.org\/{rel}","templated":true}]}}