{"id":926,"date":"2025-02-12T01:49:49","date_gmt":"2025-02-12T01:49:49","guid":{"rendered":"https:\/\/intlweloveu.org\/project\/"},"modified":"2025-10-29T02:57:35","modified_gmt":"2025-10-29T02:57:35","slug":"project","status":"publish","type":"page","link":"https:\/\/intlweloveu.org\/vi\/project\/","title":{"rendered":"Gi\u1edbi thi\u1ec7u c\u00f4ng t\u00e1c"},"content":{"rendered":"","protected":false},"excerpt":{"rendered":"D\u00f9 c\u00f4ng nghi\u1ec7p to\u00e0n c\u1ea7u ph\u00e1t tri\u1ec3n, nh\u01b0ng v\u1eabn c\u00f3 r\u1ea5t nhi\u1ec1u ng\u01b0\u1eddi \u0111ang kh\u1ed5 s\u1edf b\u1edfi n\u1ed7i \u0111au ngh\u00e8o n\u00e0n v\u00e0 n\u1ea1n \u0111\u00f3i. Qu\u1ef9 l\u1eafp \u0111\u1eb7t thi\u1ebft b\u1ecb v\u1ec7 sinh v\u00e0 chi vi\u1ec7n l\u01b0\u01a1ng th\u1ef1c &#038; \u0111\u1ed3 d\u00f9ng sinh ho\u1ea1t, \u0111\u1ed3 d\u00f9ng ch\u1ed1ng l\u1ea1nh &#038; s\u01b0\u1edfi \u1ea5m c\u1ea7n thi\u1ebft t\u1edbi khu v\u1ef1c ngh\u00e8o n\u00e0n c\u1ee7a c\u00e1c n\u01b0\u1edbc g\u1eb7p kh\u00f3 kh\u0103n v\u1ec1 kinh t\u1ebf, c\u1ea3i thi\u1ec7n ch\u1ea5t l\u01b0\u1ee3ng cu\u1ed9c s\u1ed1ng b\u1ec1n v\u1eefng th\u00f4ng qua chi vi\u1ec7n sinh k\u1ebf t\u1ef1 l\u1eadp. Chi vi\u1ec7n c\u1ea3i thi\u1ec7n sinh ho\u1ea1t v\u00e0 h\u1ed3i ph\u1ee5c t\u00e2m l\u00fd c\u1ee7a nh\u1eefng ng\u01b0\u1eddi b\u1ecb m\u1ea5t nh\u00e0 c\u1eeda v\u00e0 sinh k\u1ebf do th\u1ea3m h\u1ecda &#038; tai n\u1ea1n v\u00e0 s\u1ef1 h\u1ed7 lo\u1ea1n mang t\u00ednh x\u00e3 h\u1ed9i.","protected":false},"author":2,"featured_media":28047,"parent":0,"menu_order":0,"comment_status":"closed","ping_status":"closed","template":"","meta":{"footnotes":""},"class_list":["post-926","page","type-page","status-publish","has-post-thumbnail","hentry"],"yoast_head":"<!-- This site is optimized with the Yoast SEO plugin v26.8 - https:\/\/yoast.com\/product\/yoast-seo-wordpress\/ -->\n<title>Gi\u1edbi thi\u1ec7u c\u00f4ng t\u00e1c - Qu\u1ef9 WeLoveU Qu\u1ed1c t\u1ebf<\/title>\n<meta name=\"robots\" content=\"index, follow, max-snippet:-1, max-image-preview:large, max-video-preview:-1\" \/>\n<link rel=\"canonical\" href=\"https:\/\/intlweloveu.org\/vi\/project\/\" \/>\n<meta property=\"og:locale\" content=\"vi_VN\" \/>\n<meta property=\"og:type\" content=\"article\" \/>\n<meta property=\"og:title\" content=\"Gi\u1edbi thi\u1ec7u c\u00f4ng t\u00e1c - Qu\u1ef9 WeLoveU Qu\u1ed1c t\u1ebf\" \/>\n<meta property=\"og:description\" content=\"D\u00f9 c\u00f4ng nghi\u1ec7p to\u00e0n c\u1ea7u ph\u00e1t tri\u1ec3n, nh\u01b0ng v\u1eabn c\u00f3 r\u1ea5t nhi\u1ec1u ng\u01b0\u1eddi \u0111ang kh\u1ed5 s\u1edf b\u1edfi n\u1ed7i \u0111au ngh\u00e8o n\u00e0n v\u00e0 n\u1ea1n \u0111\u00f3i. Qu\u1ef9 l\u1eafp \u0111\u1eb7t thi\u1ebft b\u1ecb v\u1ec7 sinh v\u00e0 chi vi\u1ec7n l\u01b0\u01a1ng th\u1ef1c &amp; \u0111\u1ed3 d\u00f9ng sinh ho\u1ea1t, \u0111\u1ed3 d\u00f9ng ch\u1ed1ng l\u1ea1nh &amp; s\u01b0\u1edfi \u1ea5m c\u1ea7n thi\u1ebft t\u1edbi khu v\u1ef1c ngh\u00e8o n\u00e0n c\u1ee7a c\u00e1c n\u01b0\u1edbc g\u1eb7p kh\u00f3 kh\u0103n v\u1ec1 kinh t\u1ebf, c\u1ea3i thi\u1ec7n ch\u1ea5t l\u01b0\u1ee3ng cu\u1ed9c s\u1ed1ng b\u1ec1n v\u1eefng th\u00f4ng qua chi vi\u1ec7n sinh k\u1ebf t\u1ef1 l\u1eadp. Chi vi\u1ec7n c\u1ea3i thi\u1ec7n sinh ho\u1ea1t v\u00e0 h\u1ed3i ph\u1ee5c t\u00e2m l\u00fd c\u1ee7a nh\u1eefng ng\u01b0\u1eddi b\u1ecb m\u1ea5t nh\u00e0 c\u1eeda v\u00e0 sinh k\u1ebf do th\u1ea3m h\u1ecda &amp; tai n\u1ea1n v\u00e0 s\u1ef1 h\u1ed7 lo\u1ea1n mang t\u00ednh x\u00e3 h\u1ed9i.\" \/>\n<meta property=\"og:url\" content=\"https:\/\/intlweloveu.org\/vi\/project\/\" \/>\n<meta property=\"og:site_name\" content=\"Qu\u1ef9 WeLoveU Qu\u1ed1c t\u1ebf\" \/>\n<meta property=\"article:modified_time\" content=\"2025-10-29T02:57:35+00:00\" \/>\n<meta property=\"og:image\" content=\"https:\/\/intlweloveu.org\/wp-content\/uploads\/2025\/10\/thum_WeLoveU_project.jpg\" \/>\n\t<meta property=\"og:image:width\" content=\"2000\" \/>\n\t<meta property=\"og:image:height\" content=\"1270\" \/>\n\t<meta property=\"og:image:type\" content=\"image\/jpeg\" \/>\n<meta name=\"twitter:card\" content=\"summary_large_image\" \/>\n<meta name=\"twitter:label1\" content=\"\u01af\u1edbc t\u00ednh th\u1eddi gian \u0111\u1ecdc\" \/>\n\t<meta name=\"twitter:data1\" content=\"1 ph\u00fat\" \/>\n<script type=\"application\/ld+json\" class=\"yoast-schema-graph\">{\"@context\":\"https:\/\/schema.org\",\"@graph\":[{\"@type\":\"WebPage\",\"@id\":\"https:\/\/intlweloveu.org\/vi\/project\/\",\"url\":\"https:\/\/intlweloveu.org\/vi\/project\/\",\"name\":\"Gi\u1edbi thi\u1ec7u c\u00f4ng t\u00e1c - Qu\u1ef9 WeLoveU Qu\u1ed1c t\u1ebf\",\"isPartOf\":{\"@id\":\"https:\/\/intlweloveu.org\/#website\"},\"primaryImageOfPage\":{\"@id\":\"https:\/\/intlweloveu.org\/vi\/project\/#primaryimage\"},\"image\":{\"@id\":\"https:\/\/intlweloveu.org\/vi\/project\/#primaryimage\"},\"thumbnailUrl\":\"https:\/\/intlweloveu.org\/wp-content\/uploads\/2025\/10\/thum_WeLoveU_project.jpg\",\"datePublished\":\"2025-02-12T01:49:49+00:00\",\"dateModified\":\"2025-10-29T02:57:35+00:00\",\"breadcrumb\":{\"@id\":\"https:\/\/intlweloveu.org\/vi\/project\/#breadcrumb\"},\"inLanguage\":\"vi\",\"potentialAction\":[{\"@type\":\"ReadAction\",\"target\":[\"https:\/\/intlweloveu.org\/vi\/project\/\"]}]},{\"@type\":\"ImageObject\",\"inLanguage\":\"vi\",\"@id\":\"https:\/\/intlweloveu.org\/vi\/project\/#primaryimage\",\"url\":\"https:\/\/intlweloveu.org\/wp-content\/uploads\/2025\/10\/thum_WeLoveU_project.jpg\",\"contentUrl\":\"https:\/\/intlweloveu.org\/wp-content\/uploads\/2025\/10\/thum_WeLoveU_project.jpg\",\"width\":2000,\"height\":1270},{\"@type\":\"BreadcrumbList\",\"@id\":\"https:\/\/intlweloveu.org\/vi\/project\/#breadcrumb\",\"itemListElement\":[{\"@type\":\"ListItem\",\"position\":1,\"name\":\"\ud648\",\"item\":\"https:\/\/intlweloveu.org\/vi\/\"},{\"@type\":\"ListItem\",\"position\":2,\"name\":\"Gi\u1edbi thi\u1ec7u c\u00f4ng t\u00e1c\"}]},{\"@type\":\"WebSite\",\"@id\":\"https:\/\/intlweloveu.org\/#website\",\"url\":\"https:\/\/intlweloveu.org\/\",\"name\":\"The Intl. WeLoveU Foundation\",\"description\":\"T\u00ecnh y\u00eau th\u01b0\u01a1ng c\u1ee7a m\u1eb9 \u0111\u01b0\u1ee3c truy\u1ec1n kh\u1eafp th\u1ebf gian\",\"alternateName\":\"\uad6d\uc81c\uc704\ub7ec\ube0c\uc720\uc6b4\ub3d9\ubcf8\ubd80\",\"potentialAction\":[{\"@type\":\"SearchAction\",\"target\":{\"@type\":\"EntryPoint\",\"urlTemplate\":\"https:\/\/intlweloveu.org\/?s={search_term_string}\"},\"query-input\":{\"@type\":\"PropertyValueSpecification\",\"valueRequired\":true,\"valueName\":\"search_term_string\"}}],\"inLanguage\":\"vi\"}]}<\/script>\n<!-- \/ Yoast SEO plugin. -->","yoast_head_json":{"title":"Gi\u1edbi thi\u1ec7u c\u00f4ng t\u00e1c - Qu\u1ef9 WeLoveU Qu\u1ed1c t\u1ebf","robots":{"index":"index","follow":"follow","max-snippet":"max-snippet:-1","max-image-preview":"max-image-preview:large","max-video-preview":"max-video-preview:-1"},"canonical":"https:\/\/intlweloveu.org\/vi\/project\/","og_locale":"vi_VN","og_type":"article","og_title":"Gi\u1edbi thi\u1ec7u c\u00f4ng t\u00e1c - Qu\u1ef9 WeLoveU Qu\u1ed1c t\u1ebf","og_description":"D\u00f9 c\u00f4ng nghi\u1ec7p to\u00e0n c\u1ea7u ph\u00e1t tri\u1ec3n, nh\u01b0ng v\u1eabn c\u00f3 r\u1ea5t nhi\u1ec1u ng\u01b0\u1eddi \u0111ang kh\u1ed5 s\u1edf b\u1edfi n\u1ed7i \u0111au ngh\u00e8o n\u00e0n v\u00e0 n\u1ea1n \u0111\u00f3i. Qu\u1ef9 l\u1eafp \u0111\u1eb7t thi\u1ebft b\u1ecb v\u1ec7 sinh v\u00e0 chi vi\u1ec7n l\u01b0\u01a1ng th\u1ef1c & \u0111\u1ed3 d\u00f9ng sinh ho\u1ea1t, \u0111\u1ed3 d\u00f9ng ch\u1ed1ng l\u1ea1nh & s\u01b0\u1edfi \u1ea5m c\u1ea7n thi\u1ebft t\u1edbi khu v\u1ef1c ngh\u00e8o n\u00e0n c\u1ee7a c\u00e1c n\u01b0\u1edbc g\u1eb7p kh\u00f3 kh\u0103n v\u1ec1 kinh t\u1ebf, c\u1ea3i thi\u1ec7n ch\u1ea5t l\u01b0\u1ee3ng cu\u1ed9c s\u1ed1ng b\u1ec1n v\u1eefng th\u00f4ng qua chi vi\u1ec7n sinh k\u1ebf t\u1ef1 l\u1eadp. Chi vi\u1ec7n c\u1ea3i thi\u1ec7n sinh ho\u1ea1t v\u00e0 h\u1ed3i ph\u1ee5c t\u00e2m l\u00fd c\u1ee7a nh\u1eefng ng\u01b0\u1eddi b\u1ecb m\u1ea5t nh\u00e0 c\u1eeda v\u00e0 sinh k\u1ebf do th\u1ea3m h\u1ecda & tai n\u1ea1n v\u00e0 s\u1ef1 h\u1ed7 lo\u1ea1n mang t\u00ednh x\u00e3 h\u1ed9i.","og_url":"https:\/\/intlweloveu.org\/vi\/project\/","og_site_name":"Qu\u1ef9 WeLoveU Qu\u1ed1c t\u1ebf","article_modified_time":"2025-10-29T02:57:35+00:00","og_image":[{"width":2000,"height":1270,"url":"https:\/\/intlweloveu.org\/wp-content\/uploads\/2025\/10\/thum_WeLoveU_project.jpg","type":"image\/jpeg"}],"twitter_card":"summary_large_image","twitter_misc":{"\u01af\u1edbc t\u00ednh th\u1eddi gian \u0111\u1ecdc":"1 ph\u00fat"},"schema":{"@context":"https:\/\/schema.org","@graph":[{"@type":"WebPage","@id":"https:\/\/intlweloveu.org\/vi\/project\/","url":"https:\/\/intlweloveu.org\/vi\/project\/","name":"Gi\u1edbi thi\u1ec7u c\u00f4ng t\u00e1c - Qu\u1ef9 WeLoveU Qu\u1ed1c t\u1ebf","isPartOf":{"@id":"https:\/\/intlweloveu.org\/#website"},"primaryImageOfPage":{"@id":"https:\/\/intlweloveu.org\/vi\/project\/#primaryimage"},"image":{"@id":"https:\/\/intlweloveu.org\/vi\/project\/#primaryimage"},"thumbnailUrl":"https:\/\/intlweloveu.org\/wp-content\/uploads\/2025\/10\/thum_WeLoveU_project.jpg","datePublished":"2025-02-12T01:49:49+00:00","dateModified":"2025-10-29T02:57:35+00:00","breadcrumb":{"@id":"https:\/\/intlweloveu.org\/vi\/project\/#breadcrumb"},"inLanguage":"vi","potentialAction":[{"@type":"ReadAction","target":["https:\/\/intlweloveu.org\/vi\/project\/"]}]},{"@type":"ImageObject","inLanguage":"vi","@id":"https:\/\/intlweloveu.org\/vi\/project\/#primaryimage","url":"https:\/\/intlweloveu.org\/wp-content\/uploads\/2025\/10\/thum_WeLoveU_project.jpg","contentUrl":"https:\/\/intlweloveu.org\/wp-content\/uploads\/2025\/10\/thum_WeLoveU_project.jpg","width":2000,"height":1270},{"@type":"BreadcrumbList","@id":"https:\/\/intlweloveu.org\/vi\/project\/#breadcrumb","itemListElement":[{"@type":"ListItem","position":1,"name":"\ud648","item":"https:\/\/intlweloveu.org\/vi\/"},{"@type":"ListItem","position":2,"name":"Gi\u1edbi thi\u1ec7u c\u00f4ng t\u00e1c"}]},{"@type":"WebSite","@id":"https:\/\/intlweloveu.org\/#website","url":"https:\/\/intlweloveu.org\/","name":"The Intl. WeLoveU Foundation","description":"T\u00ecnh y\u00eau th\u01b0\u01a1ng c\u1ee7a m\u1eb9 \u0111\u01b0\u1ee3c truy\u1ec1n kh\u1eafp th\u1ebf gian","alternateName":"\uad6d\uc81c\uc704\ub7ec\ube0c\uc720\uc6b4\ub3d9\ubcf8\ubd80","potentialAction":[{"@type":"SearchAction","target":{"@type":"EntryPoint","urlTemplate":"https:\/\/intlweloveu.org\/?s={search_term_string}"},"query-input":{"@type":"PropertyValueSpecification","valueRequired":true,"valueName":"search_term_string"}}],"inLanguage":"vi"}]}},"_links":{"self":[{"href":"https:\/\/intlweloveu.org\/vi\/wp-json\/wp\/v2\/pages\/926","targetHints":{"allow":["GET"]}}],"collection":[{"href":"https:\/\/intlweloveu.org\/vi\/wp-json\/wp\/v2\/pages"}],"about":[{"href":"https:\/\/intlweloveu.org\/vi\/wp-json\/wp\/v2\/types\/page"}],"author":[{"embeddable":true,"href":"https:\/\/intlweloveu.org\/vi\/wp-json\/wp\/v2\/users\/2"}],"replies":[{"embeddable":true,"href":"https:\/\/intlweloveu.org\/vi\/wp-json\/wp\/v2\/comments?post=926"}],"version-history":[{"count":3,"href":"https:\/\/intlweloveu.org\/vi\/wp-json\/wp\/v2\/pages\/926\/revisions"}],"predecessor-version":[{"id":28068,"href":"https:\/\/intlweloveu.org\/vi\/wp-json\/wp\/v2\/pages\/926\/revisions\/28068"}],"wp:featuredmedia":[{"embeddable":true,"href":"https:\/\/intlweloveu.org\/vi\/wp-json\/wp\/v2\/media\/28047"}],"wp:attachment":[{"href":"https:\/\/intlweloveu.org\/vi\/wp-json\/wp\/v2\/media?parent=926"}],"curies":[{"name":"wp","href":"https:\/\/api.w.org\/{rel}","templated":true}]}}