{"id":895,"date":"2025-02-12T08:03:35","date_gmt":"2025-02-12T08:03:35","guid":{"rendered":"https:\/\/intlweloveu.org\/family-walkathon\/"},"modified":"2026-02-05T11:04:52","modified_gmt":"2026-02-05T11:04:52","slug":"family-walkathon","status":"publish","type":"page","link":"https:\/\/intlweloveu.org\/vi\/family-walkathon\/","title":{"rendered":"\u0110\u1ea1i h\u1ed9i \u0111i b\u1ed9 gia \u0111\u00ecnh y\u00eau th\u01b0\u01a1ng s\u1ef1 s\u1ed1ng m\u1edbi"},"content":{"rendered":"","protected":false},"excerpt":{"rendered":"\u201c\u0110\u1ea1i h\u1ed9i \u0111i b\u1ed9 gia \u0111\u00ecnh y\u00eau th\u01b0\u01a1ng s\u1ef1 s\u1ed1ng m\u1edbi\u201d l\u00e0 s\u1ef1 ki\u1ec7n ph\u00fac l\u1ee3i t\u1ed5 ch\u1ee9c h\u00e0ng n\u0103m \u0111\u1ec3 gi\u00fap \u0111\u1ee1 h\u00e0ng x\u00f3m kh\u00f3 kh\u0103n tr\u00ean l\u00e0ng \u0111\u1ecba c\u1ea7u. Su\u1ed1t h\u01a1n 20 n\u0103m qua, t\u1ed5ng c\u1ed9ng 245.300 ng\u01b0\u1eddi \u0111\u00e3 tham gia, v\u00e0 b\u01b0\u1edbc ch\u00e2n b\u01b0\u1edbc t\u1eebng m\u1ed9t hai b\u01b0\u1edbc b\u1eb1ng t\u1ea5m l\u00f2ng c\u1ee9u s\u1ef1 s\u1ed1ng \u0111\u00e3 \u0111i qu\u00e3ng \u0111\u01b0\u1eddng t\u00ecnh y\u00eau b\u1eb1ng m\u1ee9c qu\u00e3ng \u0111\u01b0\u1eddng 14 v\u00f2ng tr\u00e1i \u0111\u1ea5t l\u00fac n\u00e0o kh\u00f4ng hay.","protected":false},"author":2,"featured_media":237921,"parent":0,"menu_order":0,"comment_status":"closed","ping_status":"closed","template":"","meta":{"footnotes":""},"class_list":["post-895","page","type-page","status-publish","has-post-thumbnail","hentry"],"yoast_head":"<!-- This site is optimized with the Yoast SEO plugin v26.8 - https:\/\/yoast.com\/product\/yoast-seo-wordpress\/ -->\n<title>\u0110\u1ea1i h\u1ed9i \u0111i b\u1ed9 gia \u0111\u00ecnh y\u00eau th\u01b0\u01a1ng s\u1ef1 s\u1ed1ng m\u1edbi - Qu\u1ef9 WeLoveU Qu\u1ed1c t\u1ebf<\/title>\n<meta name=\"robots\" content=\"index, follow, max-snippet:-1, max-image-preview:large, max-video-preview:-1\" \/>\n<link rel=\"canonical\" href=\"https:\/\/intlweloveu.org\/vi\/family-walkathon\/\" \/>\n<meta property=\"og:locale\" content=\"vi_VN\" \/>\n<meta property=\"og:type\" content=\"article\" \/>\n<meta property=\"og:title\" content=\"\u0110\u1ea1i h\u1ed9i \u0111i b\u1ed9 gia \u0111\u00ecnh y\u00eau th\u01b0\u01a1ng s\u1ef1 s\u1ed1ng m\u1edbi - Qu\u1ef9 WeLoveU Qu\u1ed1c t\u1ebf\" \/>\n<meta property=\"og:description\" content=\"\u201c\u0110\u1ea1i h\u1ed9i \u0111i b\u1ed9 gia \u0111\u00ecnh y\u00eau th\u01b0\u01a1ng s\u1ef1 s\u1ed1ng m\u1edbi\u201d l\u00e0 s\u1ef1 ki\u1ec7n ph\u00fac l\u1ee3i t\u1ed5 ch\u1ee9c h\u00e0ng n\u0103m \u0111\u1ec3 gi\u00fap \u0111\u1ee1 h\u00e0ng x\u00f3m kh\u00f3 kh\u0103n tr\u00ean l\u00e0ng \u0111\u1ecba c\u1ea7u. Su\u1ed1t h\u01a1n 20 n\u0103m qua, t\u1ed5ng c\u1ed9ng 245.300 ng\u01b0\u1eddi \u0111\u00e3 tham gia, v\u00e0 b\u01b0\u1edbc ch\u00e2n b\u01b0\u1edbc t\u1eebng m\u1ed9t hai b\u01b0\u1edbc b\u1eb1ng t\u1ea5m l\u00f2ng c\u1ee9u s\u1ef1 s\u1ed1ng \u0111\u00e3 \u0111i qu\u00e3ng \u0111\u01b0\u1eddng t\u00ecnh y\u00eau b\u1eb1ng m\u1ee9c qu\u00e3ng \u0111\u01b0\u1eddng 14 v\u00f2ng tr\u00e1i \u0111\u1ea5t l\u00fac n\u00e0o kh\u00f4ng hay.\" \/>\n<meta property=\"og:url\" content=\"https:\/\/intlweloveu.org\/vi\/family-walkathon\/\" \/>\n<meta property=\"og:site_name\" content=\"Qu\u1ef9 WeLoveU Qu\u1ed1c t\u1ebf\" \/>\n<meta property=\"article:modified_time\" content=\"2026-02-05T11:04:52+00:00\" \/>\n<meta property=\"og:image\" content=\"https:\/\/intlweloveu.org\/wp-content\/uploads\/2026\/02\/thum_WeLoveU_family_walkathon.jpg\" \/>\n\t<meta property=\"og:image:width\" content=\"1200\" \/>\n\t<meta property=\"og:image:height\" content=\"630\" \/>\n\t<meta property=\"og:image:type\" content=\"image\/jpeg\" \/>\n<meta name=\"twitter:card\" content=\"summary_large_image\" \/>\n<meta name=\"twitter:label1\" content=\"\u01af\u1edbc t\u00ednh th\u1eddi gian \u0111\u1ecdc\" \/>\n\t<meta name=\"twitter:data1\" content=\"1 ph\u00fat\" \/>\n<script type=\"application\/ld+json\" class=\"yoast-schema-graph\">{\"@context\":\"https:\/\/schema.org\",\"@graph\":[{\"@type\":\"WebPage\",\"@id\":\"https:\/\/intlweloveu.org\/vi\/family-walkathon\/\",\"url\":\"https:\/\/intlweloveu.org\/vi\/family-walkathon\/\",\"name\":\"\u0110\u1ea1i h\u1ed9i \u0111i b\u1ed9 gia \u0111\u00ecnh y\u00eau th\u01b0\u01a1ng s\u1ef1 s\u1ed1ng m\u1edbi - Qu\u1ef9 WeLoveU Qu\u1ed1c t\u1ebf\",\"isPartOf\":{\"@id\":\"https:\/\/intlweloveu.org\/#website\"},\"primaryImageOfPage\":{\"@id\":\"https:\/\/intlweloveu.org\/vi\/family-walkathon\/#primaryimage\"},\"image\":{\"@id\":\"https:\/\/intlweloveu.org\/vi\/family-walkathon\/#primaryimage\"},\"thumbnailUrl\":\"https:\/\/intlweloveu.org\/wp-content\/uploads\/2026\/02\/thum_WeLoveU_family_walkathon.jpg\",\"datePublished\":\"2025-02-12T08:03:35+00:00\",\"dateModified\":\"2026-02-05T11:04:52+00:00\",\"breadcrumb\":{\"@id\":\"https:\/\/intlweloveu.org\/vi\/family-walkathon\/#breadcrumb\"},\"inLanguage\":\"vi\",\"potentialAction\":[{\"@type\":\"ReadAction\",\"target\":[\"https:\/\/intlweloveu.org\/vi\/family-walkathon\/\"]}]},{\"@type\":\"ImageObject\",\"inLanguage\":\"vi\",\"@id\":\"https:\/\/intlweloveu.org\/vi\/family-walkathon\/#primaryimage\",\"url\":\"https:\/\/intlweloveu.org\/wp-content\/uploads\/2026\/02\/thum_WeLoveU_family_walkathon.jpg\",\"contentUrl\":\"https:\/\/intlweloveu.org\/wp-content\/uploads\/2026\/02\/thum_WeLoveU_family_walkathon.jpg\",\"width\":1200,\"height\":630},{\"@type\":\"BreadcrumbList\",\"@id\":\"https:\/\/intlweloveu.org\/vi\/family-walkathon\/#breadcrumb\",\"itemListElement\":[{\"@type\":\"ListItem\",\"position\":1,\"name\":\"\ud648\",\"item\":\"https:\/\/intlweloveu.org\/vi\/\"},{\"@type\":\"ListItem\",\"position\":2,\"name\":\"\u0110\u1ea1i h\u1ed9i \u0111i b\u1ed9 gia \u0111\u00ecnh y\u00eau th\u01b0\u01a1ng s\u1ef1 s\u1ed1ng m\u1edbi\"}]},{\"@type\":\"WebSite\",\"@id\":\"https:\/\/intlweloveu.org\/#website\",\"url\":\"https:\/\/intlweloveu.org\/\",\"name\":\"The Intl. WeLoveU Foundation\",\"description\":\"T\u00ecnh y\u00eau th\u01b0\u01a1ng c\u1ee7a m\u1eb9 \u0111\u01b0\u1ee3c truy\u1ec1n kh\u1eafp th\u1ebf gian\",\"alternateName\":\"\uad6d\uc81c\uc704\ub7ec\ube0c\uc720\uc6b4\ub3d9\ubcf8\ubd80\",\"potentialAction\":[{\"@type\":\"SearchAction\",\"target\":{\"@type\":\"EntryPoint\",\"urlTemplate\":\"https:\/\/intlweloveu.org\/?s={search_term_string}\"},\"query-input\":{\"@type\":\"PropertyValueSpecification\",\"valueRequired\":true,\"valueName\":\"search_term_string\"}}],\"inLanguage\":\"vi\"}]}<\/script>\n<!-- \/ Yoast SEO plugin. -->","yoast_head_json":{"title":"\u0110\u1ea1i h\u1ed9i \u0111i b\u1ed9 gia \u0111\u00ecnh y\u00eau th\u01b0\u01a1ng s\u1ef1 s\u1ed1ng m\u1edbi - Qu\u1ef9 WeLoveU Qu\u1ed1c t\u1ebf","robots":{"index":"index","follow":"follow","max-snippet":"max-snippet:-1","max-image-preview":"max-image-preview:large","max-video-preview":"max-video-preview:-1"},"canonical":"https:\/\/intlweloveu.org\/vi\/family-walkathon\/","og_locale":"vi_VN","og_type":"article","og_title":"\u0110\u1ea1i h\u1ed9i \u0111i b\u1ed9 gia \u0111\u00ecnh y\u00eau th\u01b0\u01a1ng s\u1ef1 s\u1ed1ng m\u1edbi - Qu\u1ef9 WeLoveU Qu\u1ed1c t\u1ebf","og_description":"\u201c\u0110\u1ea1i h\u1ed9i \u0111i b\u1ed9 gia \u0111\u00ecnh y\u00eau th\u01b0\u01a1ng s\u1ef1 s\u1ed1ng m\u1edbi\u201d l\u00e0 s\u1ef1 ki\u1ec7n ph\u00fac l\u1ee3i t\u1ed5 ch\u1ee9c h\u00e0ng n\u0103m \u0111\u1ec3 gi\u00fap \u0111\u1ee1 h\u00e0ng x\u00f3m kh\u00f3 kh\u0103n tr\u00ean l\u00e0ng \u0111\u1ecba c\u1ea7u. Su\u1ed1t h\u01a1n 20 n\u0103m qua, t\u1ed5ng c\u1ed9ng 245.300 ng\u01b0\u1eddi \u0111\u00e3 tham gia, v\u00e0 b\u01b0\u1edbc ch\u00e2n b\u01b0\u1edbc t\u1eebng m\u1ed9t hai b\u01b0\u1edbc b\u1eb1ng t\u1ea5m l\u00f2ng c\u1ee9u s\u1ef1 s\u1ed1ng \u0111\u00e3 \u0111i qu\u00e3ng \u0111\u01b0\u1eddng t\u00ecnh y\u00eau b\u1eb1ng m\u1ee9c qu\u00e3ng \u0111\u01b0\u1eddng 14 v\u00f2ng tr\u00e1i \u0111\u1ea5t l\u00fac n\u00e0o kh\u00f4ng hay.","og_url":"https:\/\/intlweloveu.org\/vi\/family-walkathon\/","og_site_name":"Qu\u1ef9 WeLoveU Qu\u1ed1c t\u1ebf","article_modified_time":"2026-02-05T11:04:52+00:00","og_image":[{"width":1200,"height":630,"url":"https:\/\/intlweloveu.org\/wp-content\/uploads\/2026\/02\/thum_WeLoveU_family_walkathon.jpg","type":"image\/jpeg"}],"twitter_card":"summary_large_image","twitter_misc":{"\u01af\u1edbc t\u00ednh th\u1eddi gian \u0111\u1ecdc":"1 ph\u00fat"},"schema":{"@context":"https:\/\/schema.org","@graph":[{"@type":"WebPage","@id":"https:\/\/intlweloveu.org\/vi\/family-walkathon\/","url":"https:\/\/intlweloveu.org\/vi\/family-walkathon\/","name":"\u0110\u1ea1i h\u1ed9i \u0111i b\u1ed9 gia \u0111\u00ecnh y\u00eau th\u01b0\u01a1ng s\u1ef1 s\u1ed1ng m\u1edbi - Qu\u1ef9 WeLoveU Qu\u1ed1c t\u1ebf","isPartOf":{"@id":"https:\/\/intlweloveu.org\/#website"},"primaryImageOfPage":{"@id":"https:\/\/intlweloveu.org\/vi\/family-walkathon\/#primaryimage"},"image":{"@id":"https:\/\/intlweloveu.org\/vi\/family-walkathon\/#primaryimage"},"thumbnailUrl":"https:\/\/intlweloveu.org\/wp-content\/uploads\/2026\/02\/thum_WeLoveU_family_walkathon.jpg","datePublished":"2025-02-12T08:03:35+00:00","dateModified":"2026-02-05T11:04:52+00:00","breadcrumb":{"@id":"https:\/\/intlweloveu.org\/vi\/family-walkathon\/#breadcrumb"},"inLanguage":"vi","potentialAction":[{"@type":"ReadAction","target":["https:\/\/intlweloveu.org\/vi\/family-walkathon\/"]}]},{"@type":"ImageObject","inLanguage":"vi","@id":"https:\/\/intlweloveu.org\/vi\/family-walkathon\/#primaryimage","url":"https:\/\/intlweloveu.org\/wp-content\/uploads\/2026\/02\/thum_WeLoveU_family_walkathon.jpg","contentUrl":"https:\/\/intlweloveu.org\/wp-content\/uploads\/2026\/02\/thum_WeLoveU_family_walkathon.jpg","width":1200,"height":630},{"@type":"BreadcrumbList","@id":"https:\/\/intlweloveu.org\/vi\/family-walkathon\/#breadcrumb","itemListElement":[{"@type":"ListItem","position":1,"name":"\ud648","item":"https:\/\/intlweloveu.org\/vi\/"},{"@type":"ListItem","position":2,"name":"\u0110\u1ea1i h\u1ed9i \u0111i b\u1ed9 gia \u0111\u00ecnh y\u00eau th\u01b0\u01a1ng s\u1ef1 s\u1ed1ng m\u1edbi"}]},{"@type":"WebSite","@id":"https:\/\/intlweloveu.org\/#website","url":"https:\/\/intlweloveu.org\/","name":"The Intl. WeLoveU Foundation","description":"T\u00ecnh y\u00eau th\u01b0\u01a1ng c\u1ee7a m\u1eb9 \u0111\u01b0\u1ee3c truy\u1ec1n kh\u1eafp th\u1ebf gian","alternateName":"\uad6d\uc81c\uc704\ub7ec\ube0c\uc720\uc6b4\ub3d9\ubcf8\ubd80","potentialAction":[{"@type":"SearchAction","target":{"@type":"EntryPoint","urlTemplate":"https:\/\/intlweloveu.org\/?s={search_term_string}"},"query-input":{"@type":"PropertyValueSpecification","valueRequired":true,"valueName":"search_term_string"}}],"inLanguage":"vi"}]}},"_links":{"self":[{"href":"https:\/\/intlweloveu.org\/vi\/wp-json\/wp\/v2\/pages\/895","targetHints":{"allow":["GET"]}}],"collection":[{"href":"https:\/\/intlweloveu.org\/vi\/wp-json\/wp\/v2\/pages"}],"about":[{"href":"https:\/\/intlweloveu.org\/vi\/wp-json\/wp\/v2\/types\/page"}],"author":[{"embeddable":true,"href":"https:\/\/intlweloveu.org\/vi\/wp-json\/wp\/v2\/users\/2"}],"replies":[{"embeddable":true,"href":"https:\/\/intlweloveu.org\/vi\/wp-json\/wp\/v2\/comments?post=895"}],"version-history":[{"count":1,"href":"https:\/\/intlweloveu.org\/vi\/wp-json\/wp\/v2\/pages\/895\/revisions"}],"predecessor-version":[{"id":30846,"href":"https:\/\/intlweloveu.org\/vi\/wp-json\/wp\/v2\/pages\/895\/revisions\/30846"}],"wp:featuredmedia":[{"embeddable":true,"href":"https:\/\/intlweloveu.org\/vi\/wp-json\/wp\/v2\/media\/237921"}],"wp:attachment":[{"href":"https:\/\/intlweloveu.org\/vi\/wp-json\/wp\/v2\/media?parent=895"}],"curies":[{"name":"wp","href":"https:\/\/api.w.org\/{rel}","templated":true}]}}