{"id":2698,"date":"2025-02-12T07:59:26","date_gmt":"2025-02-12T07:59:26","guid":{"rendered":"https:\/\/intlweloveu.org\/blood-drive\/"},"modified":"2025-12-23T07:00:08","modified_gmt":"2025-12-23T07:00:08","slug":"blood-drive","status":"publish","type":"page","link":"https:\/\/intlweloveu.org\/vi\/blood-drive\/","title":{"rendered":"V\u1eadn \u0111\u1ed9ng Hi\u1ebfn m\u00e1u M\u1ed9t Hai kh\u1eafp th\u1ebf gi\u1edbi"},"content":{"rendered":"<div class=\"wp-block-group col-lg-4 total\">\n<div class=\"wp-block-group__inner-container is-layout-constrained wp-block-group-is-layout-constrained\">\n<h4 class=\"wp-block-heading\"><strong><strong><strong>T\u1ed5ng s\u1ed1<\/strong><\/strong><\/strong><\/h4>\n<div class=\"wp-block-group\">\n<div class=\"wp-block-group__inner-container is-layout-constrained wp-block-group-is-layout-constrained\">\n<h4 class=\"wp-block-heading\"><strong><strong>Qu\u1ed1c gia tham gia<\/strong><\/strong><\/h4>\n<p><strong>64<\/strong>Qu\u1ed1c gia<\/p>\n<\/div>\n<\/div>\n<div class=\"wp-block-group\">\n<div class=\"wp-block-group__inner-container is-layout-constrained wp-block-group-is-layout-constrained\">\n<h4 class=\"wp-block-heading\"><strong><strong>S\u1ed1 l\u1ea7n tri\u1ec3n khai<\/strong><\/strong><\/h4>\n<p><strong><mark style=\"background-color:rgba(0, 0, 0, 0);color:#00b585\" class=\"has-inline-color\">797<\/mark><\/strong>l\u1ea7n<\/p>\n<\/div>\n<\/div>\n<div class=\"wp-block-group\">\n<div class=\"wp-block-group__inner-container is-layout-constrained wp-block-group-is-layout-constrained\">\n<h4 class=\"wp-block-heading\"><strong><strong>S\u1ed1 ng\u01b0\u1eddi tham gia<\/strong><\/strong><\/h4>\n<p><strong><mark style=\"background-color:rgba(0, 0, 0, 0);color:#027aff\" class=\"has-inline-color\">137.742<\/mark><\/strong>ng\u01b0\u1eddi<\/p>\n<\/div>\n<\/div>\n<div class=\"wp-block-group\">\n<div class=\"wp-block-group__inner-container is-layout-constrained wp-block-group-is-layout-constrained\">\n<h4 class=\"wp-block-heading\"><strong><strong>S\u1ed1 ng\u01b0\u1eddi hi\u1ebfn m\u00e1u<\/strong><\/strong><\/h4>\n<p><strong><mark style=\"background-color:rgba(0, 0, 0, 0);color:#fc4100\" class=\"has-inline-color\">61.797<\/mark><\/strong>ng\u01b0\u1eddi<\/p>\n<\/div>\n<\/div>\n<\/div>\n<\/div>\n<div class=\"wp-block-group col-lg-8 detail\">\n<div class=\"wp-block-group__inner-container is-layout-constrained wp-block-group-is-layout-constrained\">\n<figure class=\"wp-block-table\">\n<table>\n<tbody>\n<tr>\n<th><strong>n\u0103m<\/strong><\/th>\n<th>S\u1ed1 ng\u01b0\u1eddi tham gia<\/th>\n<th>S\u1ed1 ng\u01b0\u1eddi hi\u1ebfn m\u00e1u<\/th>\n<th>S\u1ed1 l\u1ea7n tri\u1ec3n khai<\/th>\n<\/tr>\n<tr>\n<td>2025<\/td>\n<td>19.433<\/td>\n<td>9.347<\/td>\n<td>129<\/td>\n<\/tr>\n<tr>\n<td>2024<\/td>\n<td>1.588<\/td>\n<td>1.060<\/td>\n<td>9<\/td>\n<\/tr>\n<tr>\n<td>2023<\/td>\n<td>38.393<\/td>\n<td>16.370<\/td>\n<td>204<\/td>\n<\/tr>\n<tr>\n<td>2022<\/td>\n<td>1.282<\/td>\n<td>1.015<\/td>\n<td>7<\/td>\n<\/tr>\n<tr>\n<td>2021<\/td>\n<td>7.880<\/td>\n<td>4.841<\/td>\n<td>76<\/td>\n<\/tr>\n<tr>\n<td>2020<\/td>\n<td>248<\/td>\n<td>194<\/td>\n<td>7<\/td>\n<\/tr>\n<tr>\n<td>2019<\/td>\n<td>31.316<\/td>\n<td>14.542<\/td>\n<td>203<\/td>\n<\/tr>\n<tr>\n<td>2018<\/td>\n<td>1.849<\/td>\n<td>954<\/td>\n<td>6<\/td>\n<\/tr>\n<tr>\n<td>2017<\/td>\n<td>40<\/td>\n<td>19<\/td>\n<td>1<\/td>\n<\/tr>\n<tr>\n<td>2016<\/td>\n<td>2.036<\/td>\n<td>233<\/td>\n<td>5<\/td>\n<\/tr>\n<tr>\n<td>2015<\/td>\n<td>631<\/td>\n<td>258<\/td>\n<td>3<\/td>\n<\/tr>\n<tr>\n<td>2014<\/td>\n<td>541<\/td>\n<td>224<\/td>\n<td>9<\/td>\n<\/tr>\n<tr>\n<td>2013<\/td>\n<td>75<\/td>\n<td>30<\/td>\n<td>1<\/td>\n<\/tr>\n<tr>\n<td>2012<\/td>\n<td>23.634<\/td>\n<td>8.915<\/td>\n<td>121<\/td>\n<\/tr>\n<tr>\n<td>2011<\/td>\n<td>1.332<\/td>\n<td>638<\/td>\n<td>3<\/td>\n<\/tr>\n<tr>\n<td>2010<\/td>\n<td>4.926<\/td>\n<td>1.931<\/td>\n<td>8<\/td>\n<\/tr>\n<tr>\n<td>2009<\/td>\n<td>1.398<\/td>\n<td>571<\/td>\n<td>3<\/td>\n<\/tr>\n<tr>\n<td>2004<\/td>\n<td>1.000<\/td>\n<td>655<\/td>\n<td>1<\/td>\n<\/tr>\n<\/tbody>\n<\/table>\n<\/figure>\n<\/div>\n<\/div>\n","protected":false},"excerpt":{"rendered":"Hi\u1ebfn m\u00e1u l\u00e0 c\u00e1ch duy nh\u1ea5t c\u1ee9u b\u1ec7nh nh\u00e2n b\u1ecb nguy hi\u1ec3m t\u00ednh m\u1ea1ng b\u1edfi thi\u1ebfu m\u00e1u. \nT\u1ed5 ch\u1ee9c WeLoveU Qu\u1ed1c t\u1ebf \u0111ang tri\u1ec3n khai \u201cV\u1eadn \u0111\u1ed9ng Hi\u1ebfn m\u00e1u M\u1ed9t Hai kh\u1eafp th\u1ebf gi\u1edbi\u201d, \nl\u00e0 v\u1eadn \u0111\u1ed9ng chia s\u1ebb s\u1ef1 s\u1ed1ng mang t\u00ednh to\u00e0n c\u1ea7u, b\u1eb1ng t\u1ea5m l\u00f2ng c\u1ee7a ng\u01b0\u1eddi m\u1eb9 chia s\u1ebb mi\u1ec5n ph\u00ed s\u1ef1 s\u1ed1ng cho con c\u00e1i.","protected":false},"author":2,"featured_media":29197,"parent":0,"menu_order":0,"comment_status":"closed","ping_status":"closed","template":"","meta":{"footnotes":""},"class_list":["post-2698","page","type-page","status-publish","has-post-thumbnail","hentry"],"yoast_head":"<!-- This site is optimized with the Yoast SEO plugin v26.8 - https:\/\/yoast.com\/product\/yoast-seo-wordpress\/ -->\n<title>V\u1eadn \u0111\u1ed9ng Hi\u1ebfn m\u00e1u M\u1ed9t Hai kh\u1eafp th\u1ebf gi\u1edbi - Qu\u1ef9 WeLoveU Qu\u1ed1c t\u1ebf<\/title>\n<meta name=\"robots\" content=\"index, follow, max-snippet:-1, max-image-preview:large, max-video-preview:-1\" \/>\n<link rel=\"canonical\" href=\"https:\/\/intlweloveu.org\/vi\/blood-drive\/\" \/>\n<meta property=\"og:locale\" content=\"vi_VN\" \/>\n<meta property=\"og:type\" content=\"article\" \/>\n<meta property=\"og:title\" content=\"V\u1eadn \u0111\u1ed9ng Hi\u1ebfn m\u00e1u M\u1ed9t Hai kh\u1eafp th\u1ebf gi\u1edbi - Qu\u1ef9 WeLoveU Qu\u1ed1c t\u1ebf\" \/>\n<meta property=\"og:description\" content=\"Hi\u1ebfn m\u00e1u l\u00e0 c\u00e1ch duy nh\u1ea5t c\u1ee9u b\u1ec7nh nh\u00e2n b\u1ecb nguy hi\u1ec3m t\u00ednh m\u1ea1ng b\u1edfi thi\u1ebfu m\u00e1u. T\u1ed5 ch\u1ee9c WeLoveU Qu\u1ed1c t\u1ebf \u0111ang tri\u1ec3n khai \u201cV\u1eadn \u0111\u1ed9ng Hi\u1ebfn m\u00e1u M\u1ed9t Hai kh\u1eafp th\u1ebf gi\u1edbi\u201d, l\u00e0 v\u1eadn \u0111\u1ed9ng chia s\u1ebb s\u1ef1 s\u1ed1ng mang t\u00ednh to\u00e0n c\u1ea7u, b\u1eb1ng t\u1ea5m l\u00f2ng c\u1ee7a ng\u01b0\u1eddi m\u1eb9 chia s\u1ebb mi\u1ec5n ph\u00ed s\u1ef1 s\u1ed1ng cho con c\u00e1i.\" \/>\n<meta property=\"og:url\" content=\"https:\/\/intlweloveu.org\/vi\/blood-drive\/\" \/>\n<meta property=\"og:site_name\" content=\"Qu\u1ef9 WeLoveU Qu\u1ed1c t\u1ebf\" \/>\n<meta property=\"article:modified_time\" content=\"2025-12-23T07:00:08+00:00\" \/>\n<meta property=\"og:image\" content=\"https:\/\/intlweloveu.org\/wp-content\/uploads\/2025\/10\/thum_WeLoveU_saving_lives.jpg\" \/>\n\t<meta property=\"og:image:width\" content=\"1200\" \/>\n\t<meta property=\"og:image:height\" content=\"630\" \/>\n\t<meta property=\"og:image:type\" content=\"image\/jpeg\" \/>\n<meta name=\"twitter:card\" content=\"summary_large_image\" \/>\n<meta name=\"twitter:label1\" content=\"\u01af\u1edbc t\u00ednh th\u1eddi gian \u0111\u1ecdc\" \/>\n\t<meta name=\"twitter:data1\" content=\"1 ph\u00fat\" \/>\n<script type=\"application\/ld+json\" class=\"yoast-schema-graph\">{\"@context\":\"https:\/\/schema.org\",\"@graph\":[{\"@type\":\"WebPage\",\"@id\":\"https:\/\/intlweloveu.org\/vi\/blood-drive\/\",\"url\":\"https:\/\/intlweloveu.org\/vi\/blood-drive\/\",\"name\":\"V\u1eadn \u0111\u1ed9ng Hi\u1ebfn m\u00e1u M\u1ed9t Hai kh\u1eafp th\u1ebf gi\u1edbi - Qu\u1ef9 WeLoveU Qu\u1ed1c t\u1ebf\",\"isPartOf\":{\"@id\":\"https:\/\/intlweloveu.org\/#website\"},\"primaryImageOfPage\":{\"@id\":\"https:\/\/intlweloveu.org\/vi\/blood-drive\/#primaryimage\"},\"image\":{\"@id\":\"https:\/\/intlweloveu.org\/vi\/blood-drive\/#primaryimage\"},\"thumbnailUrl\":\"https:\/\/intlweloveu.org\/wp-content\/uploads\/2025\/10\/thum_WeLoveU_saving_lives.jpg\",\"datePublished\":\"2025-02-12T07:59:26+00:00\",\"dateModified\":\"2025-12-23T07:00:08+00:00\",\"breadcrumb\":{\"@id\":\"https:\/\/intlweloveu.org\/vi\/blood-drive\/#breadcrumb\"},\"inLanguage\":\"vi\",\"potentialAction\":[{\"@type\":\"ReadAction\",\"target\":[\"https:\/\/intlweloveu.org\/vi\/blood-drive\/\"]}]},{\"@type\":\"ImageObject\",\"inLanguage\":\"vi\",\"@id\":\"https:\/\/intlweloveu.org\/vi\/blood-drive\/#primaryimage\",\"url\":\"https:\/\/intlweloveu.org\/wp-content\/uploads\/2025\/10\/thum_WeLoveU_saving_lives.jpg\",\"contentUrl\":\"https:\/\/intlweloveu.org\/wp-content\/uploads\/2025\/10\/thum_WeLoveU_saving_lives.jpg\",\"width\":1200,\"height\":630},{\"@type\":\"BreadcrumbList\",\"@id\":\"https:\/\/intlweloveu.org\/vi\/blood-drive\/#breadcrumb\",\"itemListElement\":[{\"@type\":\"ListItem\",\"position\":1,\"name\":\"\ud648\",\"item\":\"https:\/\/intlweloveu.org\/vi\/\"},{\"@type\":\"ListItem\",\"position\":2,\"name\":\"V\u1eadn \u0111\u1ed9ng Hi\u1ebfn m\u00e1u M\u1ed9t Hai kh\u1eafp th\u1ebf gi\u1edbi\"}]},{\"@type\":\"WebSite\",\"@id\":\"https:\/\/intlweloveu.org\/#website\",\"url\":\"https:\/\/intlweloveu.org\/\",\"name\":\"The Intl. WeLoveU Foundation\",\"description\":\"T\u00ecnh y\u00eau th\u01b0\u01a1ng c\u1ee7a m\u1eb9 \u0111\u01b0\u1ee3c truy\u1ec1n kh\u1eafp th\u1ebf gian\",\"alternateName\":\"\uad6d\uc81c\uc704\ub7ec\ube0c\uc720\uc6b4\ub3d9\ubcf8\ubd80\",\"potentialAction\":[{\"@type\":\"SearchAction\",\"target\":{\"@type\":\"EntryPoint\",\"urlTemplate\":\"https:\/\/intlweloveu.org\/?s={search_term_string}\"},\"query-input\":{\"@type\":\"PropertyValueSpecification\",\"valueRequired\":true,\"valueName\":\"search_term_string\"}}],\"inLanguage\":\"vi\"}]}<\/script>\n<!-- \/ Yoast SEO plugin. -->","yoast_head_json":{"title":"V\u1eadn \u0111\u1ed9ng Hi\u1ebfn m\u00e1u M\u1ed9t Hai kh\u1eafp th\u1ebf gi\u1edbi - Qu\u1ef9 WeLoveU Qu\u1ed1c t\u1ebf","robots":{"index":"index","follow":"follow","max-snippet":"max-snippet:-1","max-image-preview":"max-image-preview:large","max-video-preview":"max-video-preview:-1"},"canonical":"https:\/\/intlweloveu.org\/vi\/blood-drive\/","og_locale":"vi_VN","og_type":"article","og_title":"V\u1eadn \u0111\u1ed9ng Hi\u1ebfn m\u00e1u M\u1ed9t Hai kh\u1eafp th\u1ebf gi\u1edbi - Qu\u1ef9 WeLoveU Qu\u1ed1c t\u1ebf","og_description":"Hi\u1ebfn m\u00e1u l\u00e0 c\u00e1ch duy nh\u1ea5t c\u1ee9u b\u1ec7nh nh\u00e2n b\u1ecb nguy hi\u1ec3m t\u00ednh m\u1ea1ng b\u1edfi thi\u1ebfu m\u00e1u. T\u1ed5 ch\u1ee9c WeLoveU Qu\u1ed1c t\u1ebf \u0111ang tri\u1ec3n khai \u201cV\u1eadn \u0111\u1ed9ng Hi\u1ebfn m\u00e1u M\u1ed9t Hai kh\u1eafp th\u1ebf gi\u1edbi\u201d, l\u00e0 v\u1eadn \u0111\u1ed9ng chia s\u1ebb s\u1ef1 s\u1ed1ng mang t\u00ednh to\u00e0n c\u1ea7u, b\u1eb1ng t\u1ea5m l\u00f2ng c\u1ee7a ng\u01b0\u1eddi m\u1eb9 chia s\u1ebb mi\u1ec5n ph\u00ed s\u1ef1 s\u1ed1ng cho con c\u00e1i.","og_url":"https:\/\/intlweloveu.org\/vi\/blood-drive\/","og_site_name":"Qu\u1ef9 WeLoveU Qu\u1ed1c t\u1ebf","article_modified_time":"2025-12-23T07:00:08+00:00","og_image":[{"width":1200,"height":630,"url":"https:\/\/intlweloveu.org\/wp-content\/uploads\/2025\/10\/thum_WeLoveU_saving_lives.jpg","type":"image\/jpeg"}],"twitter_card":"summary_large_image","twitter_misc":{"\u01af\u1edbc t\u00ednh th\u1eddi gian \u0111\u1ecdc":"1 ph\u00fat"},"schema":{"@context":"https:\/\/schema.org","@graph":[{"@type":"WebPage","@id":"https:\/\/intlweloveu.org\/vi\/blood-drive\/","url":"https:\/\/intlweloveu.org\/vi\/blood-drive\/","name":"V\u1eadn \u0111\u1ed9ng Hi\u1ebfn m\u00e1u M\u1ed9t Hai kh\u1eafp th\u1ebf gi\u1edbi - Qu\u1ef9 WeLoveU Qu\u1ed1c t\u1ebf","isPartOf":{"@id":"https:\/\/intlweloveu.org\/#website"},"primaryImageOfPage":{"@id":"https:\/\/intlweloveu.org\/vi\/blood-drive\/#primaryimage"},"image":{"@id":"https:\/\/intlweloveu.org\/vi\/blood-drive\/#primaryimage"},"thumbnailUrl":"https:\/\/intlweloveu.org\/wp-content\/uploads\/2025\/10\/thum_WeLoveU_saving_lives.jpg","datePublished":"2025-02-12T07:59:26+00:00","dateModified":"2025-12-23T07:00:08+00:00","breadcrumb":{"@id":"https:\/\/intlweloveu.org\/vi\/blood-drive\/#breadcrumb"},"inLanguage":"vi","potentialAction":[{"@type":"ReadAction","target":["https:\/\/intlweloveu.org\/vi\/blood-drive\/"]}]},{"@type":"ImageObject","inLanguage":"vi","@id":"https:\/\/intlweloveu.org\/vi\/blood-drive\/#primaryimage","url":"https:\/\/intlweloveu.org\/wp-content\/uploads\/2025\/10\/thum_WeLoveU_saving_lives.jpg","contentUrl":"https:\/\/intlweloveu.org\/wp-content\/uploads\/2025\/10\/thum_WeLoveU_saving_lives.jpg","width":1200,"height":630},{"@type":"BreadcrumbList","@id":"https:\/\/intlweloveu.org\/vi\/blood-drive\/#breadcrumb","itemListElement":[{"@type":"ListItem","position":1,"name":"\ud648","item":"https:\/\/intlweloveu.org\/vi\/"},{"@type":"ListItem","position":2,"name":"V\u1eadn \u0111\u1ed9ng Hi\u1ebfn m\u00e1u M\u1ed9t Hai kh\u1eafp th\u1ebf gi\u1edbi"}]},{"@type":"WebSite","@id":"https:\/\/intlweloveu.org\/#website","url":"https:\/\/intlweloveu.org\/","name":"The Intl. WeLoveU Foundation","description":"T\u00ecnh y\u00eau th\u01b0\u01a1ng c\u1ee7a m\u1eb9 \u0111\u01b0\u1ee3c truy\u1ec1n kh\u1eafp th\u1ebf gian","alternateName":"\uad6d\uc81c\uc704\ub7ec\ube0c\uc720\uc6b4\ub3d9\ubcf8\ubd80","potentialAction":[{"@type":"SearchAction","target":{"@type":"EntryPoint","urlTemplate":"https:\/\/intlweloveu.org\/?s={search_term_string}"},"query-input":{"@type":"PropertyValueSpecification","valueRequired":true,"valueName":"search_term_string"}}],"inLanguage":"vi"}]}},"_links":{"self":[{"href":"https:\/\/intlweloveu.org\/vi\/wp-json\/wp\/v2\/pages\/2698","targetHints":{"allow":["GET"]}}],"collection":[{"href":"https:\/\/intlweloveu.org\/vi\/wp-json\/wp\/v2\/pages"}],"about":[{"href":"https:\/\/intlweloveu.org\/vi\/wp-json\/wp\/v2\/types\/page"}],"author":[{"embeddable":true,"href":"https:\/\/intlweloveu.org\/vi\/wp-json\/wp\/v2\/users\/2"}],"replies":[{"embeddable":true,"href":"https:\/\/intlweloveu.org\/vi\/wp-json\/wp\/v2\/comments?post=2698"}],"version-history":[{"count":3,"href":"https:\/\/intlweloveu.org\/vi\/wp-json\/wp\/v2\/pages\/2698\/revisions"}],"predecessor-version":[{"id":205368,"href":"https:\/\/intlweloveu.org\/vi\/wp-json\/wp\/v2\/pages\/2698\/revisions\/205368"}],"wp:featuredmedia":[{"embeddable":true,"href":"https:\/\/intlweloveu.org\/vi\/wp-json\/wp\/v2\/media\/29197"}],"wp:attachment":[{"href":"https:\/\/intlweloveu.org\/vi\/wp-json\/wp\/v2\/media?parent=2698"}],"curies":[{"name":"wp","href":"https:\/\/api.w.org\/{rel}","templated":true}]}}