{"id":2389,"date":"2025-02-12T03:11:32","date_gmt":"2025-02-12T03:11:32","guid":{"rendered":"https:\/\/intlweloveu.org\/clean-world\/"},"modified":"2025-12-23T05:39:27","modified_gmt":"2025-12-23T05:39:27","slug":"clean-world","status":"publish","type":"page","link":"https:\/\/intlweloveu.org\/vi\/clean-world\/","title":{"rendered":"V\u1eadn \u0111\u1ed9ng Clean WORLD kh\u1eafp th\u1ebf gi\u1edbi"},"content":{"rendered":"<div class=\"wp-block-columns stats container-sm mg-t-20 mg-lgfix-t-40 sm-set is-layout-flex wp-container-core-columns-is-layout-9d6595d7 wp-block-columns-is-layout-flex\">\n<div class=\"wp-block-column stat-item sm-slide-Fide-In-Up sm-item slide-Fade-In-Up is-layout-flow wp-block-column-is-layout-flow\">\n<p class=\"stat-label\"><strong>\u0110\u1ea5t n\u01b0\u1edbc tham gia<\/strong><\/p>\n<p class=\"stat-number\"><strong>78<\/strong><\/p>\n<\/div>\n<div class=\"wp-block-column stat-item sm-slide-Fide-In-Up sm-item slide-Fade-In-Up is-layout-flow wp-block-column-is-layout-flow\">\n<p class=\"stat-label\"><strong>S\u1ed1 l\u1ea7n ho\u1ea1t \u0111\u1ed9ng<\/strong><\/p>\n<p class=\"stat-number\"><strong>2.158<\/strong><\/p>\n<\/div>\n<div class=\"wp-block-column stat-item sm-slide-Fide-In-Up sm-item slide-Fade-In-Up is-layout-flow wp-block-column-is-layout-flow\">\n<p class=\"stat-label\"><strong>S\u1ed1 ng\u01b0\u1eddi tham gia<\/strong><\/p>\n<p class=\"stat-number\"><strong>327.576<\/strong><\/p>\n<\/div>\n<\/div>\n<figure class=\"wp-block-table activity-stats container-sm mg-t-20 mg-lgfix-t-40 sm-slide-Fide-In-Up slide-Fade-In-Up\">\n<table class=\"has-fixed-layout\">\n<thead>\n<tr>\n<th>N\u0103m<\/th>\n<th>S\u1ed1 l\u1ea7n ho\u1ea1t \u0111\u1ed9ng<\/th>\n<th>S\u1ed1 ng\u01b0\u1eddi tham gia<\/th>\n<\/tr>\n<\/thead>\n<tbody>\n<tr>\n<td>2008\u20132010<\/td>\n<td>660<\/td>\n<td>51.105<\/td>\n<\/tr>\n<tr>\n<td>2011\u20132018<\/td>\n<td>889<\/td>\n<td>204.532<\/td>\n<\/tr>\n<tr>\n<td>2019\u20132025<\/td>\n<td>609<\/td>\n<td>71.939<\/td>\n<\/tr>\n<\/tbody>\n<\/table>\n<\/figure>\n","protected":false},"excerpt":{"rendered":"Qu\u1ef9 WeLoveU Qu\u1ed1c t\u1ebf \u0111ang l\u00e0m n\u00ean m\u00f4i tr\u01b0\u1eddng tr\u00e1i \u0111\u1ea5t an to\u00e0n v\u00e0 s\u1ea1ch s\u1ebd \n\u0111\u1ec3 m\u1ecdi s\u1ef1 s\u1ed1ng \u0111\u01b0\u1ee3c h\u00edt th\u1edf v\u00e0 sinh s\u1ed1ng \nth\u00f4ng qua V\u1eadn \u0111\u1ed9ng Clean WORLD ch\u1ee9a \u0111\u1ef1ng t\u00ecnh y\u00eau th\u01b0\u01a1ng c\u1ee7a m\u1eb9.","protected":false},"author":2,"featured_media":28805,"parent":0,"menu_order":0,"comment_status":"closed","ping_status":"closed","template":"","meta":{"footnotes":""},"class_list":["post-2389","page","type-page","status-publish","has-post-thumbnail","hentry"],"yoast_head":"<!-- This site is optimized with the Yoast SEO plugin v26.8 - https:\/\/yoast.com\/product\/yoast-seo-wordpress\/ -->\n<title>V\u1eadn \u0111\u1ed9ng Clean WORLD kh\u1eafp th\u1ebf gi\u1edbi - Qu\u1ef9 WeLoveU Qu\u1ed1c t\u1ebf<\/title>\n<meta name=\"robots\" content=\"index, follow, max-snippet:-1, max-image-preview:large, max-video-preview:-1\" \/>\n<link rel=\"canonical\" href=\"https:\/\/intlweloveu.org\/vi\/clean-world\/\" \/>\n<meta property=\"og:locale\" content=\"vi_VN\" \/>\n<meta property=\"og:type\" content=\"article\" \/>\n<meta property=\"og:title\" content=\"V\u1eadn \u0111\u1ed9ng Clean WORLD kh\u1eafp th\u1ebf gi\u1edbi - Qu\u1ef9 WeLoveU Qu\u1ed1c t\u1ebf\" \/>\n<meta property=\"og:description\" content=\"Qu\u1ef9 WeLoveU Qu\u1ed1c t\u1ebf \u0111ang l\u00e0m n\u00ean m\u00f4i tr\u01b0\u1eddng tr\u00e1i \u0111\u1ea5t an to\u00e0n v\u00e0 s\u1ea1ch s\u1ebd \u0111\u1ec3 m\u1ecdi s\u1ef1 s\u1ed1ng \u0111\u01b0\u1ee3c h\u00edt th\u1edf v\u00e0 sinh s\u1ed1ng th\u00f4ng qua V\u1eadn \u0111\u1ed9ng Clean WORLD ch\u1ee9a \u0111\u1ef1ng t\u00ecnh y\u00eau th\u01b0\u01a1ng c\u1ee7a m\u1eb9.\" \/>\n<meta property=\"og:url\" content=\"https:\/\/intlweloveu.org\/vi\/clean-world\/\" \/>\n<meta property=\"og:site_name\" content=\"Qu\u1ef9 WeLoveU Qu\u1ed1c t\u1ebf\" \/>\n<meta property=\"article:modified_time\" content=\"2025-12-23T05:39:27+00:00\" \/>\n<meta property=\"og:image\" content=\"https:\/\/intlweloveu.org\/wp-content\/uploads\/2025\/10\/thum_WeLoveU_saving_the_earth.jpg\" \/>\n\t<meta property=\"og:image:width\" content=\"1200\" \/>\n\t<meta property=\"og:image:height\" content=\"630\" \/>\n\t<meta property=\"og:image:type\" content=\"image\/jpeg\" \/>\n<meta name=\"twitter:card\" content=\"summary_large_image\" \/>\n<meta name=\"twitter:label1\" content=\"\u01af\u1edbc t\u00ednh th\u1eddi gian \u0111\u1ecdc\" \/>\n\t<meta name=\"twitter:data1\" content=\"1 ph\u00fat\" \/>\n<script type=\"application\/ld+json\" class=\"yoast-schema-graph\">{\"@context\":\"https:\/\/schema.org\",\"@graph\":[{\"@type\":\"WebPage\",\"@id\":\"https:\/\/intlweloveu.org\/vi\/clean-world\/\",\"url\":\"https:\/\/intlweloveu.org\/vi\/clean-world\/\",\"name\":\"V\u1eadn \u0111\u1ed9ng Clean WORLD kh\u1eafp th\u1ebf gi\u1edbi - Qu\u1ef9 WeLoveU Qu\u1ed1c t\u1ebf\",\"isPartOf\":{\"@id\":\"https:\/\/intlweloveu.org\/#website\"},\"primaryImageOfPage\":{\"@id\":\"https:\/\/intlweloveu.org\/vi\/clean-world\/#primaryimage\"},\"image\":{\"@id\":\"https:\/\/intlweloveu.org\/vi\/clean-world\/#primaryimage\"},\"thumbnailUrl\":\"https:\/\/intlweloveu.org\/wp-content\/uploads\/2025\/10\/thum_WeLoveU_saving_the_earth.jpg\",\"datePublished\":\"2025-02-12T03:11:32+00:00\",\"dateModified\":\"2025-12-23T05:39:27+00:00\",\"breadcrumb\":{\"@id\":\"https:\/\/intlweloveu.org\/vi\/clean-world\/#breadcrumb\"},\"inLanguage\":\"vi\",\"potentialAction\":[{\"@type\":\"ReadAction\",\"target\":[\"https:\/\/intlweloveu.org\/vi\/clean-world\/\"]}]},{\"@type\":\"ImageObject\",\"inLanguage\":\"vi\",\"@id\":\"https:\/\/intlweloveu.org\/vi\/clean-world\/#primaryimage\",\"url\":\"https:\/\/intlweloveu.org\/wp-content\/uploads\/2025\/10\/thum_WeLoveU_saving_the_earth.jpg\",\"contentUrl\":\"https:\/\/intlweloveu.org\/wp-content\/uploads\/2025\/10\/thum_WeLoveU_saving_the_earth.jpg\",\"width\":1200,\"height\":630},{\"@type\":\"BreadcrumbList\",\"@id\":\"https:\/\/intlweloveu.org\/vi\/clean-world\/#breadcrumb\",\"itemListElement\":[{\"@type\":\"ListItem\",\"position\":1,\"name\":\"\ud648\",\"item\":\"https:\/\/intlweloveu.org\/vi\/\"},{\"@type\":\"ListItem\",\"position\":2,\"name\":\"V\u1eadn \u0111\u1ed9ng Clean WORLD kh\u1eafp th\u1ebf gi\u1edbi\"}]},{\"@type\":\"WebSite\",\"@id\":\"https:\/\/intlweloveu.org\/#website\",\"url\":\"https:\/\/intlweloveu.org\/\",\"name\":\"The Intl. WeLoveU Foundation\",\"description\":\"T\u00ecnh y\u00eau th\u01b0\u01a1ng c\u1ee7a m\u1eb9 \u0111\u01b0\u1ee3c truy\u1ec1n kh\u1eafp th\u1ebf gian\",\"alternateName\":\"\uad6d\uc81c\uc704\ub7ec\ube0c\uc720\uc6b4\ub3d9\ubcf8\ubd80\",\"potentialAction\":[{\"@type\":\"SearchAction\",\"target\":{\"@type\":\"EntryPoint\",\"urlTemplate\":\"https:\/\/intlweloveu.org\/?s={search_term_string}\"},\"query-input\":{\"@type\":\"PropertyValueSpecification\",\"valueRequired\":true,\"valueName\":\"search_term_string\"}}],\"inLanguage\":\"vi\"}]}<\/script>\n<!-- \/ Yoast SEO plugin. -->","yoast_head_json":{"title":"V\u1eadn \u0111\u1ed9ng Clean WORLD kh\u1eafp th\u1ebf gi\u1edbi - Qu\u1ef9 WeLoveU Qu\u1ed1c t\u1ebf","robots":{"index":"index","follow":"follow","max-snippet":"max-snippet:-1","max-image-preview":"max-image-preview:large","max-video-preview":"max-video-preview:-1"},"canonical":"https:\/\/intlweloveu.org\/vi\/clean-world\/","og_locale":"vi_VN","og_type":"article","og_title":"V\u1eadn \u0111\u1ed9ng Clean WORLD kh\u1eafp th\u1ebf gi\u1edbi - Qu\u1ef9 WeLoveU Qu\u1ed1c t\u1ebf","og_description":"Qu\u1ef9 WeLoveU Qu\u1ed1c t\u1ebf \u0111ang l\u00e0m n\u00ean m\u00f4i tr\u01b0\u1eddng tr\u00e1i \u0111\u1ea5t an to\u00e0n v\u00e0 s\u1ea1ch s\u1ebd \u0111\u1ec3 m\u1ecdi s\u1ef1 s\u1ed1ng \u0111\u01b0\u1ee3c h\u00edt th\u1edf v\u00e0 sinh s\u1ed1ng th\u00f4ng qua V\u1eadn \u0111\u1ed9ng Clean WORLD ch\u1ee9a \u0111\u1ef1ng t\u00ecnh y\u00eau th\u01b0\u01a1ng c\u1ee7a m\u1eb9.","og_url":"https:\/\/intlweloveu.org\/vi\/clean-world\/","og_site_name":"Qu\u1ef9 WeLoveU Qu\u1ed1c t\u1ebf","article_modified_time":"2025-12-23T05:39:27+00:00","og_image":[{"width":1200,"height":630,"url":"https:\/\/intlweloveu.org\/wp-content\/uploads\/2025\/10\/thum_WeLoveU_saving_the_earth.jpg","type":"image\/jpeg"}],"twitter_card":"summary_large_image","twitter_misc":{"\u01af\u1edbc t\u00ednh th\u1eddi gian \u0111\u1ecdc":"1 ph\u00fat"},"schema":{"@context":"https:\/\/schema.org","@graph":[{"@type":"WebPage","@id":"https:\/\/intlweloveu.org\/vi\/clean-world\/","url":"https:\/\/intlweloveu.org\/vi\/clean-world\/","name":"V\u1eadn \u0111\u1ed9ng Clean WORLD kh\u1eafp th\u1ebf gi\u1edbi - Qu\u1ef9 WeLoveU Qu\u1ed1c t\u1ebf","isPartOf":{"@id":"https:\/\/intlweloveu.org\/#website"},"primaryImageOfPage":{"@id":"https:\/\/intlweloveu.org\/vi\/clean-world\/#primaryimage"},"image":{"@id":"https:\/\/intlweloveu.org\/vi\/clean-world\/#primaryimage"},"thumbnailUrl":"https:\/\/intlweloveu.org\/wp-content\/uploads\/2025\/10\/thum_WeLoveU_saving_the_earth.jpg","datePublished":"2025-02-12T03:11:32+00:00","dateModified":"2025-12-23T05:39:27+00:00","breadcrumb":{"@id":"https:\/\/intlweloveu.org\/vi\/clean-world\/#breadcrumb"},"inLanguage":"vi","potentialAction":[{"@type":"ReadAction","target":["https:\/\/intlweloveu.org\/vi\/clean-world\/"]}]},{"@type":"ImageObject","inLanguage":"vi","@id":"https:\/\/intlweloveu.org\/vi\/clean-world\/#primaryimage","url":"https:\/\/intlweloveu.org\/wp-content\/uploads\/2025\/10\/thum_WeLoveU_saving_the_earth.jpg","contentUrl":"https:\/\/intlweloveu.org\/wp-content\/uploads\/2025\/10\/thum_WeLoveU_saving_the_earth.jpg","width":1200,"height":630},{"@type":"BreadcrumbList","@id":"https:\/\/intlweloveu.org\/vi\/clean-world\/#breadcrumb","itemListElement":[{"@type":"ListItem","position":1,"name":"\ud648","item":"https:\/\/intlweloveu.org\/vi\/"},{"@type":"ListItem","position":2,"name":"V\u1eadn \u0111\u1ed9ng Clean WORLD kh\u1eafp th\u1ebf gi\u1edbi"}]},{"@type":"WebSite","@id":"https:\/\/intlweloveu.org\/#website","url":"https:\/\/intlweloveu.org\/","name":"The Intl. WeLoveU Foundation","description":"T\u00ecnh y\u00eau th\u01b0\u01a1ng c\u1ee7a m\u1eb9 \u0111\u01b0\u1ee3c truy\u1ec1n kh\u1eafp th\u1ebf gian","alternateName":"\uad6d\uc81c\uc704\ub7ec\ube0c\uc720\uc6b4\ub3d9\ubcf8\ubd80","potentialAction":[{"@type":"SearchAction","target":{"@type":"EntryPoint","urlTemplate":"https:\/\/intlweloveu.org\/?s={search_term_string}"},"query-input":{"@type":"PropertyValueSpecification","valueRequired":true,"valueName":"search_term_string"}}],"inLanguage":"vi"}]}},"_links":{"self":[{"href":"https:\/\/intlweloveu.org\/vi\/wp-json\/wp\/v2\/pages\/2389","targetHints":{"allow":["GET"]}}],"collection":[{"href":"https:\/\/intlweloveu.org\/vi\/wp-json\/wp\/v2\/pages"}],"about":[{"href":"https:\/\/intlweloveu.org\/vi\/wp-json\/wp\/v2\/types\/page"}],"author":[{"embeddable":true,"href":"https:\/\/intlweloveu.org\/vi\/wp-json\/wp\/v2\/users\/2"}],"replies":[{"embeddable":true,"href":"https:\/\/intlweloveu.org\/vi\/wp-json\/wp\/v2\/comments?post=2389"}],"version-history":[{"count":5,"href":"https:\/\/intlweloveu.org\/vi\/wp-json\/wp\/v2\/pages\/2389\/revisions"}],"predecessor-version":[{"id":205000,"href":"https:\/\/intlweloveu.org\/vi\/wp-json\/wp\/v2\/pages\/2389\/revisions\/205000"}],"wp:featuredmedia":[{"embeddable":true,"href":"https:\/\/intlweloveu.org\/vi\/wp-json\/wp\/v2\/media\/28805"}],"wp:attachment":[{"href":"https:\/\/intlweloveu.org\/vi\/wp-json\/wp\/v2\/media?parent=2389"}],"curies":[{"name":"wp","href":"https:\/\/api.w.org\/{rel}","templated":true}]}}