{"id":23345,"date":"2025-02-12T07:59:54","date_gmt":"2025-02-12T07:59:54","guid":{"rendered":"https:\/\/intlweloveu.org\/clean-action\/"},"modified":"2026-01-20T04:48:16","modified_gmt":"2026-01-20T04:48:16","slug":"clean-action","status":"publish","type":"page","link":"https:\/\/intlweloveu.org\/vi\/clean-action\/","title":{"rendered":"Clean Action \u2015 Chi\u1ebfn d\u1ecbch t\u1ea1o ra tr\u00e1i \u0111\u1ea5t b\u1ec1n v\u1eefng"},"content":{"rendered":"","protected":false},"excerpt":{"rendered":"Th\u00f4ng qua s\u1ef1 tham gia t\u1ef1 nguy\u1ec7n c\u1ee7a ng\u01b0\u1eddi d\u00e2n, \nch\u00fang t\u00f4i t\u1ea1o ra tr\u00e1i \u0111\u1ea5t trong l\u00e0nh v\u00e0 m\u1ea3nh \u0111\u1ea5t sinh s\u1ed1ng s\u1ea1ch s\u1ebd b\u1eb1ng tr\u00e1i tim c\u1ee7a ng\u01b0\u1eddi m\u1eb9.","protected":false},"author":2,"featured_media":0,"parent":0,"menu_order":0,"comment_status":"closed","ping_status":"closed","template":"","meta":{"footnotes":""},"class_list":["post-23345","page","type-page","status-publish","hentry"],"yoast_head":"<!-- This site is optimized with the Yoast SEO plugin v26.8 - https:\/\/yoast.com\/product\/yoast-seo-wordpress\/ -->\n<title>Clean Action \u2015 Chi\u1ebfn d\u1ecbch t\u1ea1o ra tr\u00e1i \u0111\u1ea5t b\u1ec1n v\u1eefng - Qu\u1ef9 WeLoveU Qu\u1ed1c t\u1ebf<\/title>\n<meta name=\"robots\" content=\"index, follow, max-snippet:-1, max-image-preview:large, max-video-preview:-1\" \/>\n<link rel=\"canonical\" href=\"https:\/\/intlweloveu.org\/vi\/clean-action\/\" \/>\n<meta property=\"og:locale\" content=\"vi_VN\" \/>\n<meta property=\"og:type\" content=\"article\" \/>\n<meta property=\"og:title\" content=\"Clean Action \u2015 Chi\u1ebfn d\u1ecbch t\u1ea1o ra tr\u00e1i \u0111\u1ea5t b\u1ec1n v\u1eefng - Qu\u1ef9 WeLoveU Qu\u1ed1c t\u1ebf\" \/>\n<meta property=\"og:description\" content=\"Th\u00f4ng qua s\u1ef1 tham gia t\u1ef1 nguy\u1ec7n c\u1ee7a ng\u01b0\u1eddi d\u00e2n, ch\u00fang t\u00f4i t\u1ea1o ra tr\u00e1i \u0111\u1ea5t trong l\u00e0nh v\u00e0 m\u1ea3nh \u0111\u1ea5t sinh s\u1ed1ng s\u1ea1ch s\u1ebd b\u1eb1ng tr\u00e1i tim c\u1ee7a ng\u01b0\u1eddi m\u1eb9.\" \/>\n<meta property=\"og:url\" content=\"https:\/\/intlweloveu.org\/vi\/clean-action\/\" \/>\n<meta property=\"og:site_name\" content=\"Qu\u1ef9 WeLoveU Qu\u1ed1c t\u1ebf\" \/>\n<meta property=\"article:modified_time\" content=\"2026-01-20T04:48:16+00:00\" \/>\n<meta name=\"twitter:card\" content=\"summary_large_image\" \/>\n<script type=\"application\/ld+json\" class=\"yoast-schema-graph\">{\"@context\":\"https:\/\/schema.org\",\"@graph\":[{\"@type\":\"WebPage\",\"@id\":\"https:\/\/intlweloveu.org\/vi\/clean-action\/\",\"url\":\"https:\/\/intlweloveu.org\/vi\/clean-action\/\",\"name\":\"Clean Action \u2015 Chi\u1ebfn d\u1ecbch t\u1ea1o ra tr\u00e1i \u0111\u1ea5t b\u1ec1n v\u1eefng - Qu\u1ef9 WeLoveU Qu\u1ed1c t\u1ebf\",\"isPartOf\":{\"@id\":\"https:\/\/intlweloveu.org\/#website\"},\"datePublished\":\"2025-02-12T07:59:54+00:00\",\"dateModified\":\"2026-01-20T04:48:16+00:00\",\"breadcrumb\":{\"@id\":\"https:\/\/intlweloveu.org\/vi\/clean-action\/#breadcrumb\"},\"inLanguage\":\"vi\",\"potentialAction\":[{\"@type\":\"ReadAction\",\"target\":[\"https:\/\/intlweloveu.org\/vi\/clean-action\/\"]}]},{\"@type\":\"BreadcrumbList\",\"@id\":\"https:\/\/intlweloveu.org\/vi\/clean-action\/#breadcrumb\",\"itemListElement\":[{\"@type\":\"ListItem\",\"position\":1,\"name\":\"\ud648\",\"item\":\"https:\/\/intlweloveu.org\/vi\/\"},{\"@type\":\"ListItem\",\"position\":2,\"name\":\"Clean Action \u2015 Chi\u1ebfn d\u1ecbch t\u1ea1o ra tr\u00e1i \u0111\u1ea5t b\u1ec1n v\u1eefng\"}]},{\"@type\":\"WebSite\",\"@id\":\"https:\/\/intlweloveu.org\/#website\",\"url\":\"https:\/\/intlweloveu.org\/\",\"name\":\"The Intl. WeLoveU Foundation\",\"description\":\"T\u00ecnh y\u00eau th\u01b0\u01a1ng c\u1ee7a m\u1eb9 \u0111\u01b0\u1ee3c truy\u1ec1n kh\u1eafp th\u1ebf gian\",\"alternateName\":\"\uad6d\uc81c\uc704\ub7ec\ube0c\uc720\uc6b4\ub3d9\ubcf8\ubd80\",\"potentialAction\":[{\"@type\":\"SearchAction\",\"target\":{\"@type\":\"EntryPoint\",\"urlTemplate\":\"https:\/\/intlweloveu.org\/?s={search_term_string}\"},\"query-input\":{\"@type\":\"PropertyValueSpecification\",\"valueRequired\":true,\"valueName\":\"search_term_string\"}}],\"inLanguage\":\"vi\"}]}<\/script>\n<!-- \/ Yoast SEO plugin. -->","yoast_head_json":{"title":"Clean Action \u2015 Chi\u1ebfn d\u1ecbch t\u1ea1o ra tr\u00e1i \u0111\u1ea5t b\u1ec1n v\u1eefng - Qu\u1ef9 WeLoveU Qu\u1ed1c t\u1ebf","robots":{"index":"index","follow":"follow","max-snippet":"max-snippet:-1","max-image-preview":"max-image-preview:large","max-video-preview":"max-video-preview:-1"},"canonical":"https:\/\/intlweloveu.org\/vi\/clean-action\/","og_locale":"vi_VN","og_type":"article","og_title":"Clean Action \u2015 Chi\u1ebfn d\u1ecbch t\u1ea1o ra tr\u00e1i \u0111\u1ea5t b\u1ec1n v\u1eefng - Qu\u1ef9 WeLoveU Qu\u1ed1c t\u1ebf","og_description":"Th\u00f4ng qua s\u1ef1 tham gia t\u1ef1 nguy\u1ec7n c\u1ee7a ng\u01b0\u1eddi d\u00e2n, ch\u00fang t\u00f4i t\u1ea1o ra tr\u00e1i \u0111\u1ea5t trong l\u00e0nh v\u00e0 m\u1ea3nh \u0111\u1ea5t sinh s\u1ed1ng s\u1ea1ch s\u1ebd b\u1eb1ng tr\u00e1i tim c\u1ee7a ng\u01b0\u1eddi m\u1eb9.","og_url":"https:\/\/intlweloveu.org\/vi\/clean-action\/","og_site_name":"Qu\u1ef9 WeLoveU Qu\u1ed1c t\u1ebf","article_modified_time":"2026-01-20T04:48:16+00:00","twitter_card":"summary_large_image","schema":{"@context":"https:\/\/schema.org","@graph":[{"@type":"WebPage","@id":"https:\/\/intlweloveu.org\/vi\/clean-action\/","url":"https:\/\/intlweloveu.org\/vi\/clean-action\/","name":"Clean Action \u2015 Chi\u1ebfn d\u1ecbch t\u1ea1o ra tr\u00e1i \u0111\u1ea5t b\u1ec1n v\u1eefng - Qu\u1ef9 WeLoveU Qu\u1ed1c t\u1ebf","isPartOf":{"@id":"https:\/\/intlweloveu.org\/#website"},"datePublished":"2025-02-12T07:59:54+00:00","dateModified":"2026-01-20T04:48:16+00:00","breadcrumb":{"@id":"https:\/\/intlweloveu.org\/vi\/clean-action\/#breadcrumb"},"inLanguage":"vi","potentialAction":[{"@type":"ReadAction","target":["https:\/\/intlweloveu.org\/vi\/clean-action\/"]}]},{"@type":"BreadcrumbList","@id":"https:\/\/intlweloveu.org\/vi\/clean-action\/#breadcrumb","itemListElement":[{"@type":"ListItem","position":1,"name":"\ud648","item":"https:\/\/intlweloveu.org\/vi\/"},{"@type":"ListItem","position":2,"name":"Clean Action \u2015 Chi\u1ebfn d\u1ecbch t\u1ea1o ra tr\u00e1i \u0111\u1ea5t b\u1ec1n v\u1eefng"}]},{"@type":"WebSite","@id":"https:\/\/intlweloveu.org\/#website","url":"https:\/\/intlweloveu.org\/","name":"The Intl. WeLoveU Foundation","description":"T\u00ecnh y\u00eau th\u01b0\u01a1ng c\u1ee7a m\u1eb9 \u0111\u01b0\u1ee3c truy\u1ec1n kh\u1eafp th\u1ebf gian","alternateName":"\uad6d\uc81c\uc704\ub7ec\ube0c\uc720\uc6b4\ub3d9\ubcf8\ubd80","potentialAction":[{"@type":"SearchAction","target":{"@type":"EntryPoint","urlTemplate":"https:\/\/intlweloveu.org\/?s={search_term_string}"},"query-input":{"@type":"PropertyValueSpecification","valueRequired":true,"valueName":"search_term_string"}}],"inLanguage":"vi"}]}},"_links":{"self":[{"href":"https:\/\/intlweloveu.org\/vi\/wp-json\/wp\/v2\/pages\/23345","targetHints":{"allow":["GET"]}}],"collection":[{"href":"https:\/\/intlweloveu.org\/vi\/wp-json\/wp\/v2\/pages"}],"about":[{"href":"https:\/\/intlweloveu.org\/vi\/wp-json\/wp\/v2\/types\/page"}],"author":[{"embeddable":true,"href":"https:\/\/intlweloveu.org\/vi\/wp-json\/wp\/v2\/users\/2"}],"replies":[{"embeddable":true,"href":"https:\/\/intlweloveu.org\/vi\/wp-json\/wp\/v2\/comments?post=23345"}],"version-history":[{"count":1,"href":"https:\/\/intlweloveu.org\/vi\/wp-json\/wp\/v2\/pages\/23345\/revisions"}],"predecessor-version":[{"id":29804,"href":"https:\/\/intlweloveu.org\/vi\/wp-json\/wp\/v2\/pages\/23345\/revisions\/29804"}],"wp:attachment":[{"href":"https:\/\/intlweloveu.org\/vi\/wp-json\/wp\/v2\/media?parent=23345"}],"curies":[{"name":"wp","href":"https:\/\/api.w.org\/{rel}","templated":true}]}}