{"id":2099,"date":"2025-02-24T05:39:01","date_gmt":"2025-02-24T05:39:01","guid":{"rendered":"https:\/\/intlweloveu.org\/where-we-work\/"},"modified":"2025-10-28T01:35:48","modified_gmt":"2025-10-28T01:35:48","slug":"where-we-work","status":"publish","type":"page","link":"https:\/\/intlweloveu.org\/vi\/where-we-work\/","title":{"rendered":"Chi nh\u00e1nh kh\u1eafp th\u1ebf gi\u1edbi"},"content":{"rendered":"<ul class=\"wp-block-list\">\n<li><strong>\uc778\ub3c4<\/strong><\/li>\n<li>TS \ud558\uc774\ub370\ub77c\ubc14\ub4dc<\/li>\n<li>WB \ucf5c\uce74\ud0c0<\/li>\n<li>KL \ud2b8\ub9ac\ubc18\ub4dc\ub8f8<\/li>\n<li>TN \uccb8\ub098\uc774<\/li>\n<li>DL \ub274\ub378\ub9ac<\/li>\n<li>MH \ubb44\ubc14\uc774<\/li>\n<li>MH \ud478\ub124<\/li>\n<li>AP \ub12c\ub85c\ub974<\/li>\n<li>CG \ub77c\uc774\ud478\ub974<\/li>\n<li>GA \ud30c\ub098\uc9c0<\/li>\n<li>GJ \uc544\ub9c8\ub2e4\ubc14\ub4dc<\/li>\n<li>KA \ubcb5\uac08\ub8e8\ub8e8<\/li>\n<li>ML \uc2e4\ub871<\/li>\n<li>MP \uc778\ub3c4\ub974<\/li>\n<li>OR \ube0c\ub77c\ub9c8\ud478\ub974<\/li>\n<li>PB \ucc2c\ub514\uac00\ub974<\/li>\n<li>UP \ub7ec\ud06c\ub098\uc6b0<\/li>\n<\/ul>\n<figure class=\"wp-block-table\">\n<table class=\"has-fixed-layout\">\n<tbody>\n<tr>\n<td><strong>\uc778\ub3c4<\/strong><\/td>\n<td>TS \ud558\uc774\ub370\ub77c\ubc14\ub4dc<br\/>WB \ucf5c\uce74\ud0c0<br\/>KL \ud2b8\ub9ac\ubc18\ub4dc\ub8f8<br\/>TN \uccb8\ub098\uc774<br\/>DL \ub274\ub378\ub9ac<br\/>MH \ubb44\ubc14\uc774<br\/>MH \ud478\ub124<br\/>AP \ub12c\ub85c\ub974<br\/>CG \ub77c\uc774\ud478\ub974<br\/>GA \ud30c\ub098\uc9c0<br\/>GJ \uc544\ub9c8\ub2e4\ubc14\ub4dc<br\/>KA \ubcb5\uac08\ub8e8\ub8e8<br\/>ML \uc2e4\ub871<br\/>MP \uc778\ub3c4\ub974<br\/>OR \ube0c\ub77c\ub9c8\ud478\ub974<br\/>PB \ucc2c\ub514\uac00\ub974<br\/>UP \ub7ec\ud06c\ub098\uc6b0<\/td>\n<\/tr>\n<tr>\n<td><strong>\ub124\ud314<\/strong><\/td>\n<td>\uce74\ud2b8\ub9cc\ub450<br\/>\uace0\uce74\ub974\ub124\uc288\uc6cc\ub974<br\/>\ub2e4\ub9c9<br\/>\ub784\ub9bf\ud478\ub974<br\/>\ubc14\ub78f\ud478\ub974<br\/>\ubc15\ud0c0\ud478\ub974<br\/>\uc774\ud0c0\ud558\ub9ac<br\/>\ud0a4\ub974\ud2f0\ud478\ub974<br\/>\ud3ec\uce74\ub77c<\/td>\n<\/tr>\n<\/tbody>\n<\/table>\n<\/figure>\n","protected":false},"excerpt":{"rendered":"Rao truy\u1ec1n ni\u1ec1m vui v\u00e0 h\u1ea1nh ph\u00fac <br>\ncho 8 t\u1ef7 th\u00e0nh vi\u00ean gia \u0111\u00ecnh to\u00e0n c\u1ea7u <br>\nb\u1eb1ng t\u00ecnh y\u00eau \u1ea5m \u00e1p c\u1ee7a m\u1eb9.","protected":false},"author":2,"featured_media":26670,"parent":0,"menu_order":0,"comment_status":"closed","ping_status":"closed","template":"","meta":{"footnotes":""},"class_list":["post-2099","page","type-page","status-publish","has-post-thumbnail","hentry"],"yoast_head":"<!-- This site is optimized with the Yoast SEO plugin v26.8 - https:\/\/yoast.com\/product\/yoast-seo-wordpress\/ -->\n<title>Chi nh\u00e1nh kh\u1eafp th\u1ebf gi\u1edbi - Qu\u1ef9 WeLoveU Qu\u1ed1c t\u1ebf<\/title>\n<meta name=\"robots\" content=\"index, follow, max-snippet:-1, max-image-preview:large, max-video-preview:-1\" \/>\n<link rel=\"canonical\" href=\"https:\/\/intlweloveu.org\/vi\/where-we-work\/\" \/>\n<meta property=\"og:locale\" content=\"vi_VN\" \/>\n<meta property=\"og:type\" content=\"article\" \/>\n<meta property=\"og:title\" content=\"Chi nh\u00e1nh kh\u1eafp th\u1ebf gi\u1edbi - Qu\u1ef9 WeLoveU Qu\u1ed1c t\u1ebf\" \/>\n<meta property=\"og:description\" content=\"Rao truy\u1ec1n ni\u1ec1m vui v\u00e0 h\u1ea1nh ph\u00fac cho 8 t\u1ef7 th\u00e0nh vi\u00ean gia \u0111\u00ecnh to\u00e0n c\u1ea7u b\u1eb1ng t\u00ecnh y\u00eau \u1ea5m \u00e1p c\u1ee7a m\u1eb9.\" \/>\n<meta property=\"og:url\" content=\"https:\/\/intlweloveu.org\/vi\/where-we-work\/\" \/>\n<meta property=\"og:site_name\" content=\"Qu\u1ef9 WeLoveU Qu\u1ed1c t\u1ebf\" \/>\n<meta property=\"article:modified_time\" content=\"2025-10-28T01:35:48+00:00\" \/>\n<meta name=\"twitter:card\" content=\"summary_large_image\" \/>\n<meta name=\"twitter:label1\" content=\"\u01af\u1edbc t\u00ednh th\u1eddi gian \u0111\u1ecdc\" \/>\n\t<meta name=\"twitter:data1\" content=\"1 ph\u00fat\" \/>\n<script type=\"application\/ld+json\" class=\"yoast-schema-graph\">{\"@context\":\"https:\/\/schema.org\",\"@graph\":[{\"@type\":\"WebPage\",\"@id\":\"https:\/\/intlweloveu.org\/vi\/where-we-work\/\",\"url\":\"https:\/\/intlweloveu.org\/vi\/where-we-work\/\",\"name\":\"Chi nh\u00e1nh kh\u1eafp th\u1ebf gi\u1edbi - Qu\u1ef9 WeLoveU Qu\u1ed1c t\u1ebf\",\"isPartOf\":{\"@id\":\"https:\/\/intlweloveu.org\/#website\"},\"primaryImageOfPage\":{\"@id\":\"https:\/\/intlweloveu.org\/vi\/where-we-work\/#primaryimage\"},\"image\":{\"@id\":\"https:\/\/intlweloveu.org\/vi\/where-we-work\/#primaryimage\"},\"thumbnailUrl\":\"https:\/\/intlweloveu.org\/wp-content\/uploads\/2025\/10\/thum_WeLoveU_where_we_work.jpg\",\"datePublished\":\"2025-02-24T05:39:01+00:00\",\"dateModified\":\"2025-10-28T01:35:48+00:00\",\"breadcrumb\":{\"@id\":\"https:\/\/intlweloveu.org\/vi\/where-we-work\/#breadcrumb\"},\"inLanguage\":\"vi\",\"potentialAction\":[{\"@type\":\"ReadAction\",\"target\":[\"https:\/\/intlweloveu.org\/vi\/where-we-work\/\"]}]},{\"@type\":\"ImageObject\",\"inLanguage\":\"vi\",\"@id\":\"https:\/\/intlweloveu.org\/vi\/where-we-work\/#primaryimage\",\"url\":\"https:\/\/intlweloveu.org\/wp-content\/uploads\/2025\/10\/thum_WeLoveU_where_we_work.jpg\",\"contentUrl\":\"https:\/\/intlweloveu.org\/wp-content\/uploads\/2025\/10\/thum_WeLoveU_where_we_work.jpg\",\"width\":2000,\"height\":1333},{\"@type\":\"BreadcrumbList\",\"@id\":\"https:\/\/intlweloveu.org\/vi\/where-we-work\/#breadcrumb\",\"itemListElement\":[{\"@type\":\"ListItem\",\"position\":1,\"name\":\"\ud648\",\"item\":\"https:\/\/intlweloveu.org\/vi\/\"},{\"@type\":\"ListItem\",\"position\":2,\"name\":\"Chi nh\u00e1nh kh\u1eafp th\u1ebf gi\u1edbi\"}]},{\"@type\":\"WebSite\",\"@id\":\"https:\/\/intlweloveu.org\/#website\",\"url\":\"https:\/\/intlweloveu.org\/\",\"name\":\"The Intl. WeLoveU Foundation\",\"description\":\"T\u00ecnh y\u00eau th\u01b0\u01a1ng c\u1ee7a m\u1eb9 \u0111\u01b0\u1ee3c truy\u1ec1n kh\u1eafp th\u1ebf gian\",\"alternateName\":\"\uad6d\uc81c\uc704\ub7ec\ube0c\uc720\uc6b4\ub3d9\ubcf8\ubd80\",\"potentialAction\":[{\"@type\":\"SearchAction\",\"target\":{\"@type\":\"EntryPoint\",\"urlTemplate\":\"https:\/\/intlweloveu.org\/?s={search_term_string}\"},\"query-input\":{\"@type\":\"PropertyValueSpecification\",\"valueRequired\":true,\"valueName\":\"search_term_string\"}}],\"inLanguage\":\"vi\"}]}<\/script>\n<!-- \/ Yoast SEO plugin. -->","yoast_head_json":{"title":"Chi nh\u00e1nh kh\u1eafp th\u1ebf gi\u1edbi - Qu\u1ef9 WeLoveU Qu\u1ed1c t\u1ebf","robots":{"index":"index","follow":"follow","max-snippet":"max-snippet:-1","max-image-preview":"max-image-preview:large","max-video-preview":"max-video-preview:-1"},"canonical":"https:\/\/intlweloveu.org\/vi\/where-we-work\/","og_locale":"vi_VN","og_type":"article","og_title":"Chi nh\u00e1nh kh\u1eafp th\u1ebf gi\u1edbi - Qu\u1ef9 WeLoveU Qu\u1ed1c t\u1ebf","og_description":"Rao truy\u1ec1n ni\u1ec1m vui v\u00e0 h\u1ea1nh ph\u00fac cho 8 t\u1ef7 th\u00e0nh vi\u00ean gia \u0111\u00ecnh to\u00e0n c\u1ea7u b\u1eb1ng t\u00ecnh y\u00eau \u1ea5m \u00e1p c\u1ee7a m\u1eb9.","og_url":"https:\/\/intlweloveu.org\/vi\/where-we-work\/","og_site_name":"Qu\u1ef9 WeLoveU Qu\u1ed1c t\u1ebf","article_modified_time":"2025-10-28T01:35:48+00:00","twitter_card":"summary_large_image","twitter_misc":{"\u01af\u1edbc t\u00ednh th\u1eddi gian \u0111\u1ecdc":"1 ph\u00fat"},"schema":{"@context":"https:\/\/schema.org","@graph":[{"@type":"WebPage","@id":"https:\/\/intlweloveu.org\/vi\/where-we-work\/","url":"https:\/\/intlweloveu.org\/vi\/where-we-work\/","name":"Chi nh\u00e1nh kh\u1eafp th\u1ebf gi\u1edbi - Qu\u1ef9 WeLoveU Qu\u1ed1c t\u1ebf","isPartOf":{"@id":"https:\/\/intlweloveu.org\/#website"},"primaryImageOfPage":{"@id":"https:\/\/intlweloveu.org\/vi\/where-we-work\/#primaryimage"},"image":{"@id":"https:\/\/intlweloveu.org\/vi\/where-we-work\/#primaryimage"},"thumbnailUrl":"https:\/\/intlweloveu.org\/wp-content\/uploads\/2025\/10\/thum_WeLoveU_where_we_work.jpg","datePublished":"2025-02-24T05:39:01+00:00","dateModified":"2025-10-28T01:35:48+00:00","breadcrumb":{"@id":"https:\/\/intlweloveu.org\/vi\/where-we-work\/#breadcrumb"},"inLanguage":"vi","potentialAction":[{"@type":"ReadAction","target":["https:\/\/intlweloveu.org\/vi\/where-we-work\/"]}]},{"@type":"ImageObject","inLanguage":"vi","@id":"https:\/\/intlweloveu.org\/vi\/where-we-work\/#primaryimage","url":"https:\/\/intlweloveu.org\/wp-content\/uploads\/2025\/10\/thum_WeLoveU_where_we_work.jpg","contentUrl":"https:\/\/intlweloveu.org\/wp-content\/uploads\/2025\/10\/thum_WeLoveU_where_we_work.jpg","width":2000,"height":1333},{"@type":"BreadcrumbList","@id":"https:\/\/intlweloveu.org\/vi\/where-we-work\/#breadcrumb","itemListElement":[{"@type":"ListItem","position":1,"name":"\ud648","item":"https:\/\/intlweloveu.org\/vi\/"},{"@type":"ListItem","position":2,"name":"Chi nh\u00e1nh kh\u1eafp th\u1ebf gi\u1edbi"}]},{"@type":"WebSite","@id":"https:\/\/intlweloveu.org\/#website","url":"https:\/\/intlweloveu.org\/","name":"The Intl. WeLoveU Foundation","description":"T\u00ecnh y\u00eau th\u01b0\u01a1ng c\u1ee7a m\u1eb9 \u0111\u01b0\u1ee3c truy\u1ec1n kh\u1eafp th\u1ebf gian","alternateName":"\uad6d\uc81c\uc704\ub7ec\ube0c\uc720\uc6b4\ub3d9\ubcf8\ubd80","potentialAction":[{"@type":"SearchAction","target":{"@type":"EntryPoint","urlTemplate":"https:\/\/intlweloveu.org\/?s={search_term_string}"},"query-input":{"@type":"PropertyValueSpecification","valueRequired":true,"valueName":"search_term_string"}}],"inLanguage":"vi"}]}},"_links":{"self":[{"href":"https:\/\/intlweloveu.org\/vi\/wp-json\/wp\/v2\/pages\/2099","targetHints":{"allow":["GET"]}}],"collection":[{"href":"https:\/\/intlweloveu.org\/vi\/wp-json\/wp\/v2\/pages"}],"about":[{"href":"https:\/\/intlweloveu.org\/vi\/wp-json\/wp\/v2\/types\/page"}],"author":[{"embeddable":true,"href":"https:\/\/intlweloveu.org\/vi\/wp-json\/wp\/v2\/users\/2"}],"replies":[{"embeddable":true,"href":"https:\/\/intlweloveu.org\/vi\/wp-json\/wp\/v2\/comments?post=2099"}],"version-history":[{"count":2,"href":"https:\/\/intlweloveu.org\/vi\/wp-json\/wp\/v2\/pages\/2099\/revisions"}],"predecessor-version":[{"id":26628,"href":"https:\/\/intlweloveu.org\/vi\/wp-json\/wp\/v2\/pages\/2099\/revisions\/26628"}],"wp:featuredmedia":[{"embeddable":true,"href":"https:\/\/intlweloveu.org\/vi\/wp-json\/wp\/v2\/media\/26670"}],"wp:attachment":[{"href":"https:\/\/intlweloveu.org\/vi\/wp-json\/wp\/v2\/media?parent=2099"}],"curies":[{"name":"wp","href":"https:\/\/api.w.org\/{rel}","templated":true}]}}