{"id":2073,"date":"2025-02-20T06:54:46","date_gmt":"2025-02-20T06:54:46","guid":{"rendered":"https:\/\/intlweloveu.org\/greeting\/"},"modified":"2026-02-05T10:54:00","modified_gmt":"2026-02-05T10:54:00","slug":"greeting","status":"publish","type":"page","link":"https:\/\/intlweloveu.org\/vi\/greeting\/","title":{"rendered":"L\u1eddi ch\u00e0o"},"content":{"rendered":"<section class=\"wp-block-group section bg-brown\">\n<div class=\"wp-block-group__inner-container is-layout-constrained wp-block-group-is-layout-constrained\">\n<div class=\"wp-block-columns chairwoman container-xl is-layout-flex wp-container-core-columns-is-layout-9d6595d7 wp-block-columns-is-layout-flex\">\n<div class=\"wp-block-column is-layout-flow wp-block-column-is-layout-flow\">\n<figure class=\"wp-block-image size-full\"><img loading=\"lazy\" decoding=\"async\" width=\"1500\" height=\"1826\" src=\"https:\/\/intlweloveu.org\/wp-content\/uploads\/2025\/10\/greeting_chairwoman@2x.jpg\" alt=\"\" class=\"wp-image-26090\" srcset=\"https:\/\/intlweloveu.org\/wp-content\/uploads\/2025\/10\/greeting_chairwoman@2x.jpg 1500w, https:\/\/intlweloveu.org\/wp-content\/uploads\/2025\/10\/greeting_chairwoman@2x-768x935.jpg 768w, https:\/\/intlweloveu.org\/wp-content\/uploads\/2025\/10\/greeting_chairwoman@2x-1262x1536.jpg 1262w, https:\/\/intlweloveu.org\/wp-content\/uploads\/2025\/10\/greeting_chairwoman@2x-411x500.jpg 411w\" sizes=\"auto, (max-width: 1500px) 100vw, 1500px\" \/><figcaption class=\"wp-element-caption\">Ch\u1ee7 t\u1ecbch danh d\u1ef1 T\u1ed5 ch\u1ee9c WeLoveU Qu\u1ed1c t\u1ebf&nbsp;<br><strong>Zahng Gil Jah<\/strong><\/figcaption><\/figure>\n<\/div>\n<div class=\"wp-block-column text-wrap is-layout-flow wp-block-column-is-layout-flow\">\n<h2 class=\"wp-block-heading typo-headline\">\u0110i\u1ec1u th\u1eadt s\u1ef1 c\u1ea7n thi\u1ebft trong x\u00e3 h\u1ed9i n\u00e0y <br>l\u00e0 t\u00ecnh y\u00eau th\u01b0\u01a1ng \u1ea5m \u00e1p <br>\u0111\u01b0\u1ee3c c\u1ea3m nh\u1eadn trong l\u00f2ng m\u1eb9.<\/h2>\n<p>Ai c\u0169ng mu\u1ed1n s\u1ed1ng cu\u1ed9c s\u1ed1ng h\u1ea1nh ph\u00fac nh\u01b0ng \u0111\u00f4i l\u00fac b\u1ecb r\u01a1i xu\u1ed1ng d\u01b0\u1edbi \u0111\u00e1y b\u1ea5t h\u1ea1nh v\u00e0 loay hoay m\u00e0 kh\u00f4ng h\u1ec1 mong mu\u1ed1n. C\u00f3 l\u1ebd cu\u1ed9c \u0111\u1eddi l\u00e0 v\u1eady. Theo quy lu\u1eadt c\u1ee7a mu\u00f4n v\u1eadt, n\u1ebfu thi\u1ebfu d\u00f9 l\u00e0 m\u1ed9t \u0111i\u1ec1u th\u00ec con ng\u01b0\u1eddi s\u1ebd kh\u00f4ng th\u1ec3 \u1ed5n \u0111\u1ecbnh, run r\u1ea9y v\u00ec b\u1ea5t an, v\u00e0 kh\u00f4ng th\u1ec3 tr\u1ea3i b\u00e0y cu\u1ed9c s\u1ed1ng m\u1ed9t c\u00e1ch \u0111\u00fang \u0111\u1eafn. H\u01a1n n\u1eefa, \u0111i\u1ec1u n\u00e0y khi\u1ebfn cho k\u1ec3 c\u1ea3 l\u00e0ng \u0111\u1ecba c\u1ea7u c\u0169ng tr\u1edf n\u00ean \u1ea3m \u0111\u1ea1m.<\/p>\n<p>Ch\u00fang ta \u0111ang s\u1ed1ng trong th\u1eddi \u0111\u1ea1i to\u00e0n c\u1ea7u, n\u01a1i m\u1ecdi ng\u01b0\u1eddi tr\u00ean kh\u1eafp th\u1ebf gi\u1edbi g\u1ea7n nhau h\u01a1n. Tuy nhi\u00ean v\u00ec hi\u1ec7n th\u1ef1c v\u00f4 t\u00ecnh, t\u1ea5m l\u00f2ng ch\u00fang ta tr\u1edf n\u00ean xa c\u00e1ch l\u1eabn nhau. Vi\u1ec7c chia s\u1ebb v\u00e0 trao t\u1eb7ng \u0111ang b\u1ecb gi\u1ea3m, v\u00e0 suy ngh\u0129 c\u1ee7a ch\u00fang ta \u0111ang thu h\u1eb9p v\u00e0o th\u1ebf gi\u1edbi c\u1ee7a ri\u00eang m\u00ecnh h\u01a1n l\u00e0 th\u1ebf gi\u1edbi ch\u00fang ta \u0111ang s\u1ed1ng. Nh\u1eefng ng\u01b0\u1eddi ch\u1ec9 theo \u0111u\u1ed5i h\u1ea1nh ph\u00fac v\u00e0 th\u00e0nh c\u00f4ng c\u1ee7a b\u1ea3n th\u00e2n th\u00ec \u0111\u00e3 \u0111\u00e1nh m\u1ea5t s\u1ef1 b\u00ecnh y\u00ean trong t\u1ea5m l\u00f2ng khi nh\u00ecn ng\u1eafm xung quanh. Ng\u01b0\u1eddi ta \u0111\u00e1nh m\u1ea5t th\u1eadm ch\u00ed s\u1ef1 bao dung ch\u00eca b\u00e0n tay \u1ea5m \u00e1p cho nh\u1eefng ng\u01b0\u1eddi b\u1ecb m\u1ec7t nh\u1ecdc ki\u1ec7t s\u1ee9c, ho\u1eb7c nh\u1eefng ng\u01b0\u1eddi b\u1ecb ng\u00e3 v\u00e0 \u0111au \u0111\u1edbn. B\u00e2y gi\u1edd, \u0111i\u1ec1u th\u1eadt s\u1ef1 c\u1ea7n thi\u1ebft trong x\u00e3 h\u1ed9i n\u00e0y l\u00e0 t\u00ecnh y\u00eau th\u01b0\u01a1ng \u1ea5m \u00e1p m\u00e0 ch\u00fang ta c\u1ea3m nh\u1eadn \u0111\u01b0\u1ee3c trong v\u00f2ng tay c\u1ee7a m\u1eb9.<\/p>\n<p>T\u1ed5 ch\u1ee9c WeLoveU Qu\u1ed1c t\u1ebf c\u1ea3m th\u1ea5y \u0111\u00e1ng ti\u1ebfc \u0111\u1ed1i v\u1edbi hi\u1ec7n th\u1ef1c nh\u01b0 th\u1ebf n\u00e0y, v\u00e0 d\u1ed1c s\u1ee9c quan t\u00e2m \u0111\u1ec3 chia s\u1ebb h\u1ea1nh ph\u00fac m\u00e0 m\u1ecdi ng\u01b0\u1eddi mong mu\u1ed1n. Ch\u00fang t\u00f4i mu\u1ed1n chia s\u1ebb t\u00ecnh y\u00eau th\u01b0\u01a1ng v\u1edbi nh\u1eefng ng\u01b0\u1eddi \u0111ang g\u1eb7p kh\u00f3 kh\u0103n th\u00f4ng qua c\u00f4ng t\u00e1c ph\u00fac l\u1ee3i c\u00f3 t\u00ednh h\u1ec7 th\u1ed1ng v\u00e0 thi\u1ebft th\u1ef1c, v\u00ec x\u00e3 h\u1ed9i l\u00e0nh m\u1ea1nh v\u00e0 t\u01b0\u01a1ng lai \u0111\u1ea7y hy v\u1ecdng c\u1ee7a nh\u00e2n lo\u1ea1i. V\u1edbi n\u1ee5 c\u01b0\u1eddi t\u01b0\u01a1i s\u00e1ng v\u00e0 r\u1ea1ng ng\u1eddi, ch\u00fang t\u00f4i mu\u1ed1n tr\u1edf th\u00e0nh h\u00e0ng x\u00f3m trao t\u1eb7ng hy v\u1ecdng cho nh\u1eefng ng\u01b0\u1eddi \u0111ang tuy\u1ec7t v\u1ecdng v\u00e0 th\u1ea5t v\u1ecdng. T\u1ed5 ch\u1ee9c WeLoveU Qu\u1ed1c t\u1ebf ch\u00fang t\u00f4i s\u1ebd n\u1ed7 l\u1ef1c tr\u01b0\u1edfng th\u00e0nh trong s\u1ef1 quan t\u00e2m v\u00e0 c\u1ed5 v\u0169 v\u00f4 h\u1ea1n c\u1ee7a c\u00e1c qu\u00fd v\u1ecb.<\/p>\n<p>Ch\u00fac ph\u01b0\u1edbc nhi\u1ec1u.<\/p>\n<\/div>\n<\/div>\n<\/div>\n<\/section>\n<section class=\"wp-block-group chairman section bg-white\">\n<div class=\"wp-block-group__inner-container is-layout-constrained wp-block-group-is-layout-constrained\">\n<div class=\"wp-block-columns container-md is-layout-flex wp-container-core-columns-is-layout-9d6595d7 wp-block-columns-is-layout-flex\">\n<div class=\"wp-block-column is-layout-flow wp-block-column-is-layout-flow\" style=\"flex-basis:33.33%\">\n<figure class=\"wp-block-image size-full\"><img loading=\"lazy\" decoding=\"async\" width=\"413\" height=\"531\" src=\"https:\/\/intlweloveu.org\/wp-content\/uploads\/2025\/10\/greeting_kim-joon-rak@2x.jpg\" alt=\"\" class=\"wp-image-26091\" srcset=\"https:\/\/intlweloveu.org\/wp-content\/uploads\/2025\/10\/greeting_kim-joon-rak@2x.jpg 413w, https:\/\/intlweloveu.org\/wp-content\/uploads\/2025\/10\/greeting_kim-joon-rak@2x-389x500.jpg 389w\" sizes=\"auto, (max-width: 413px) 100vw, 413px\" \/><figcaption class=\"wp-element-caption\">T\u1ed5ng gi\u00e1m \u0111\u1ed1cT\u1ed5 ch\u1ee9c WeLoveU Qu\u1ed1c t\u1ebf <br><strong>Kim Joong Rak<\/strong><\/figcaption><\/figure>\n<\/div>\n<div class=\"wp-block-column text-wrap is-layout-flow wp-block-column-is-layout-flow\" style=\"flex-basis:66.66%\">\n<h2 class=\"wp-block-heading typo-headline\">T\u00ecnh y\u00eau th\u01b0\u01a1ng \u0111\u1ea7u ti\u00ean c\u1ee7a nh\u00e2n lo\u1ea1i, s\u1ee9c m\u1ea1nh v\u0129 \u0111\u1ea1i \u0111\u1ea1t \u0111\u01b0\u1ee3c ni\u1ec1m h\u1ea1nh ph\u00fac<\/h2>\n<p>\u201cC\u00e2y tre Moso\u201d ch\u1ec9 cao v\u00e0i cm trong su\u1ed1t 4 n\u0103m, nh\u01b0ng \u0111\u1ebfn n\u0103m th\u1ee9 5 th\u00ec ph\u00e1t tri\u1ec3n m\u1ed9t c\u00e1ch \u0111\u00e1ng ng\u1ea1c nhi\u00ean t\u1edbi h\u00e0ng ch\u1ee5c cm m\u1ed7i ng\u00e0y. \u0110\u00f3 l\u00e0 s\u1ee9c m\u1ea1nh c\u1ee7a \u0111\u1ed9 \u1ea9m v\u00e0 d\u01b0\u1ee1ng ch\u1ea5t m\u00e0 n\u00f3 \u0111\u00e3 t\u00edch tr\u1eef b\u1eb1ng c\u00e1ch c\u1eafm r\u1ec5 s\u00e2u h\u00e0ng tr\u0103m m\u00e9t d\u01b0\u1edbi l\u00f2ng \u0111\u1ea5t, trong khi ch\u1ecbu \u0111\u1ef1ng gian kh\u1ed5 v\u00e0 th\u1eed th\u00e1ch su\u1ed1t nhi\u1ec1u n\u0103m \u0111\u1ec3 v\u01b0\u01a1n cao l\u00ean h\u01b0\u1edbng t\u1edbi ni\u1ec1m hy v\u1ecdng v\u1ec1 t\u01b0\u01a1ng lai.<\/p>\n<p>T\u1ed5 ch\u1ee9c WeLoveU Qu\u1ed1c t\u1ebf b\u1eaft \u0111\u1ea7u b\u1eb1ng b\u1ed9 h\u00e0nh y\u00eau th\u01b0\u01a1ng th\u1ea7m l\u1eb7ng c\u1ee7a Ch\u1ee7 t\u1ecbch \u0111\u00e3 chia s\u1ebb d\u00f9 l\u00e0 m\u1ed9t b\u00e1t canh t\u01b0\u01a1ng v\u1edbi nh\u1eefng ng\u01b0\u1eddi l\u00e2n c\u1eadn trong th\u1eddi \u0111i\u1ec3m m\u00e0 t\u1ea5t c\u1ea3 \u0111\u1ec1u kh\u00f3 kh\u0103n v\u00e0 thi\u1ebfu th\u1ed1n. T\u1ed5 ch\u1ee9c WeLoveU Qu\u1ed1c t\u1ebf v\u1ed1n l\u00e0 m\u1ed9t t\u1ed5 ch\u1ee9c nh\u1ecf kh\u00f4ng nh\u1eadn \u0111\u01b0\u1ee3c nhi\u1ec1u s\u1ef1 ch\u00fa \u00fd, hi\u1ec7n \u0111ang t\u00edch c\u1ef1c th\u1ef1c hi\u1ec7n c\u00e1c ho\u1ea1t \u0111\u1ed9ng y\u00eau th\u01b0\u01a1ng ng\u01b0\u1eddi l\u00e2n c\u1eadn \u1edf 249 khu v\u1ef1c t\u1ea1i 73 qu\u1ed1c gia tr\u00ean th\u1ebf gi\u1edbi. \u0110\u00e2y l\u00e0 s\u1ef1 vi\u1ec7c th\u1eadt \u0111\u00e1ng ng\u1ea1c nhi\u00ean. T\u00f4i ngh\u0129 r\u1eb1ng \u0111i\u1ec1u n\u00e0y l\u00e0 b\u1edfi s\u1ee9c m\u1ea1nh \u201ct\u00ecnh y\u00eau th\u01b0\u01a1ng c\u1ee7a M\u1eb9\u201d \u0111\u00e3 ti\u1ebfn h\u00e0nh th\u1ea7m l\u1eb7ng trong su\u1ed1t th\u1eddi gian d\u00e0i, gi\u1ed1ng nh\u01b0 c\u00e2y tre Moso.<\/p>\n<p>Ng\u01b0\u1eddi ta n\u00f3i r\u1eb1ng t\u00ecnh y\u00eau th\u01b0\u01a1ng c\u1ee7a M\u1eb9 l\u00e0 t\u00ecnh y\u00eau th\u01b0\u01a1ng c\u0103n b\u1ea3n, thu\u1ea7n khi\u1ebft v\u00e0 tuy\u1ec7t \u0111\u1ed1i nh\u1ea5t. B\u1edfi t\u00ecnh y\u00eau th\u01b0\u01a1ng \u0111\u1ea7u ti\u00ean ch\u00fang ta nh\u1eadn \u0111\u01b0\u1ee3c khi sinh ra tr\u00ean th\u1ebf gian, gia \u0111\u00ecnh \u0111\u01b0\u1ee3c h\u00ecnh th\u00e0nh, qu\u1ed1c gia v\u00e0 x\u00e3 h\u1ed9i lo\u00e0i ng\u01b0\u1eddi \u0111\u01b0\u1ee3c t\u1ea1o n\u00ean. T\u00f4i tin r\u1eb1ng t\u00ecnh y\u00eau th\u01b0\u01a1ng \u1ea5m \u00e1p c\u1ee7a M\u1eb9 s\u1ebd tr\u1edf th\u00e0nh s\u1ee9c m\u1ea1nh bi\u1ebfn nh\u1eefng cu\u1ed9c kh\u1ee7ng ho\u1ea3ng \u0111ang \u00e2m th\u1ea7m ph\u00e1t tri\u1ec3n c\u1ee7a nh\u00e2n lo\u1ea1i th\u00e0nh ni\u1ec1m hy v\u1ecdng.<\/p>\n<p>B\u1edfi s\u1ef1 l\u00e3nh \u0111\u1ea1o c\u1ee7a Ch\u1ee7 t\u1ecbch Zahng Gil Jah, t\u1ea5t c\u1ea3 c\u00e1c h\u1ed9i vi\u00ean s\u1ebd n\u1ed7 l\u1ef1c v\u00ec s\u1ef1 an nguy v\u00e0 h\u1ea1nh ph\u00fac c\u1ee7a c\u00e1c gia \u0111\u00ecnh tr\u00ean l\u00e0ng \u0111\u1ecba c\u1ea7u. S\u1ef1 tr\u1ee3 gi\u00fap v\u00e0 quan t\u00e2m \u1ea5m \u00e1p c\u1ee7a c\u00e1c qu\u00fd v\u1ecb l\u00e0 y\u1ebfu t\u1ed1 quan tr\u1ecdng gi\u1eef v\u1eefng nh\u1eefng n\u1ed7 l\u1ef1c c\u1ee7a ch\u00fang t\u00f4i. Mong c\u00e1c qu\u00fd v\u1ecb \u0111\u1ed3ng h\u00e0nh c\u00f9ng ch\u00fang t\u00f4i \u0111\u1ebfn cu\u1ed1i c\u00f9ng tr\u00ean h\u00e0nh tr\u00ecnh t\u1ea1o ra m\u1ed9t th\u1ebf gi\u1edbi t\u1ed1t \u0111\u1eb9p h\u01a1n d\u1ef1a tr\u00ean t\u00ecnh y\u00eau th\u01b0\u01a1ng c\u1ee7a M\u1eb9, \u0111\u1ec3 kh\u00f4ng ai b\u1ecb l\u1ea1c l\u00f5ng v\u00e0 kh\u00f4ng ai b\u1ecb c\u00f4 \u0111\u01a1n.<\/p>\n<p>Ch\u00fang t\u00f4i s\u1ebd vui v\u1ebb \u0111\u1ed3ng h\u00e0nh c\u00f9ng c\u00e1c qu\u00fd v\u1ecb trong c\u00f4ng vi\u1ec7c c\u00f3 \u00edch cho th\u1ebf gian. Xin c\u1ea3m \u01a1n.<\/p>\n<\/div>\n<\/div>\n<\/div>\n<\/section>\n<section class=\"wp-block-group association section bg-blue\">\n<div class=\"wp-block-group__inner-container is-layout-constrained wp-block-group-is-layout-constrained\">\n<div class=\"wp-block-columns container-md is-layout-flex wp-container-core-columns-is-layout-9d6595d7 wp-block-columns-is-layout-flex\">\n<div class=\"wp-block-column is-layout-flow wp-block-column-is-layout-flow\" style=\"flex-basis:33.33%\">\n<figure class=\"wp-block-image size-full\"><img loading=\"lazy\" decoding=\"async\" width=\"300\" height=\"459\" src=\"https:\/\/intlweloveu.org\/wp-content\/uploads\/2025\/10\/greeting_yi-bae-keun@2x.jpg\" alt=\"\" class=\"wp-image-26096\"\/><figcaption class=\"wp-element-caption\">Ch\u1ee7 t\u1ecbch Hi\u1ec7p h\u1ed9i ph\u00f2ngch\u1ed1ng ng\u01b0\u1ee3c \u0111\u00e3i tr\u1ebb emH\u00e0n Qu\u1ed1c <br><strong>Yi Bae Keun<\/strong><\/figcaption><\/figure>\n<\/div>\n<div class=\"wp-block-column text-wrap is-layout-flow wp-block-column-is-layout-flow\" style=\"flex-basis:66.66%\">\n<h2 class=\"wp-block-heading typo-headline\">Th\u1ef1c hi\u1ec7n m\u1ed9t c\u00e1ch th\u1ea7m l\u1eb7ng k\u00edn \u0111\u00e1o!<\/h2>\n<p>M\u1eb7c d\u00f9 nh\u1eefng ng\u01b0\u1eddi \u0111i ti\u00ean phong \u0111\u00e3 n\u1ed7 l\u1ef1c \u0111\u1ec3 t\u1ea1o d\u1ef1ng \u201cth\u1ebf gian tr\u1ebb em h\u1ea1nh ph\u00fac\u201d, nh\u01b0ng hi\u1ec7n th\u1ef1c l\u00e0 v\u00e0o ng\u00e0y nay, h\u00e0ng r\u00e0o c\u00f3 th\u1ec3 gi\u1eef g\u00ecn hy v\u1ecdng v\u00e0 \u01b0\u1edbc m\u01a1 c\u1ee7a c\u00e1c tr\u1ebb em tr\u00ean to\u00e0n th\u1ebf gi\u1edbi ng\u00e0y c\u00e0ng b\u1ecb s\u1ee5p \u0111\u1ed5.<\/p>\n<p>C\u00e1c tr\u1ebb em m\u1ea5t anh em, cha m\u1eb9 v\u00e0 tr\u1edf th\u00e0nh m\u1ed3 c\u00f4i do chi\u1ebfn tranh; c\u00e1c tr\u1ebb em s\u1eafp ch\u1ebft v\u00ec n\u1ea1n \u0111\u00f3i v\u00e0 b\u1ec7nh t\u1eadt; c\u00e1c tr\u1ebb em b\u1ecb b\u1ecf m\u1eb7c trong s\u1ef1 ng\u01b0\u1ee3c \u0111\u00e3i v\u00e0 b\u1ea1o l\u1ef1c. S\u1ef1 \u0111au \u0111\u1edbn c\u1ee7a c\u00e1c tr\u1ebb em ng\u00e0y c\u00e0ng t\u0103ng l\u00ean \u0111\u1ebfn n\u1ed7i kh\u1ea9u hi\u1ec7u \u201dKh\u00f4ng ch\u1eedi m\u1eafng, kh\u00f4ng ng\u01b0\u1ee3c \u0111\u00e3i ho\u1eb7c thao t\u00fang tr\u1ebb em\u201d \u0111\u00e3 tr\u1edf n\u00ean v\u00f4 ngh\u0129a. Tr\u1ebb em l\u00e0 hy v\u1ecdng v\u00e0 t\u01b0\u01a1ng lai c\u1ee7a gia \u0111\u00ecnh, x\u00e3 h\u1ed9i v\u00e0 nh\u00e2n lo\u1ea1i.<br>V\u00ec th\u1ebf gian tr\u1ebb em h\u1ea1nh ph\u00fac v\u00e0 nh\u00e2n lo\u1ea1i kh\u1ecfe m\u1ea1nh \u0111\u1ea7y hy v\u1ecdng, th\u00ec th\u1eadt c\u1ea7n thi\u1ebft t\u00ecnh y\u00eau th\u01b0\u01a1ng v\u00e0 s\u1ef1 quan t\u00e2m d\u00e0nh cho tr\u1ebb em v\u01b0\u1ee3t ra ngo\u00e0i ranh gi\u1edbi qu\u1ed1c gia v\u00e0 ch\u1ee7ng t\u1ed9c.<\/p>\n<p>Trong th\u1eddi gian qua, T\u1ed5 ch\u1ee9c WeLoveU Qu\u1ed1c t\u1ebf \u0111\u00e3 \u0111i ti\u00ean phong v\u00ec h\u1ea1nh ph\u00fac v\u00e0 s\u1ef1 s\u1ed1ng c\u1ee7a tr\u1ebb em. Tinh th\u1ea7n y\u00eau th\u01b0\u01a1ng h\u00e0ng x\u00f3m m\u00e0 T\u1ed5 ch\u1ee9c WeLoveU Qu\u1ed1c t\u1ebf th\u1ef1c hi\u1ec7n m\u1ed9t c\u00e1ch th\u1ea7m l\u1eb7ng k\u00edn \u0111\u00e1o, \u0111ang l\u00e0m cho t\u01b0\u01a1ng lai nh\u00e2n lo\u1ea1i \u0111\u01b0\u1ee3c tr\u1edf n\u00ean t\u1ed1t \u0111\u1eb9p nh\u01b0 l\u1eddi c\u1ee7a \u0110\u1ee9c Ch\u00faa Tr\u1eddi v\u1eabn kh\u00f4ng thay \u0111\u1ed5i su\u1ed1t 2000 n\u0103m qua.<\/p>\n<p>T\u00f4i tin ch\u1eafc r\u1eb1ng nh\u1eefng t\u1ea5m l\u00f2ng \u0111\u1eb9p \u0111\u1ebd c\u1ee7a T\u1ed5 ch\u1ee9c WeLoveU Qu\u1ed1c t\u1ebf th\u1ef1c ti\u1ec5n t\u00ecnh y\u00eau th\u01b0\u01a1ng c\u1ee7a \u0110\u1ee9c Ch\u00faa Tr\u1eddi m\u1ed9t c\u00e1ch l\u1eb7ng l\u1ebd s\u1ebd t\u00ecm l\u1ea1i n\u1ee5 c\u01b0\u1eddi kh\u1ecfe m\u1ea1nh cho kh\u00f4ng ch\u1ec9 tr\u1ebb em m\u00e0 c\u00f2n m\u1ecdi ng\u01b0\u1eddi tr\u00ean kh\u1eafp th\u1ebf gi\u1edbi.<\/p>\n<p>M\u1ed9t l\u1ea7n n\u1eefa t\u00f4i xin g\u1eedi l\u1eddi c\u1ea3m \u01a1n s\u00e2u s\u1eafc t\u1edbi Ch\u1ee7 t\u1ecbch danh d\u1ef1 Zahng Gil Jah lu\u00f4n l\u00e0m g\u01b0\u01a1ng trong m\u1ecdi c\u00f4ng vi\u1ec7c, t\u1edbi c\u00e1c gi\u00e1m \u0111\u1ed1c v\u00e0 h\u1ebft th\u1ea3y c\u00e1c h\u1ed9i vi\u00ean c\u1ee7a T\u1ed5 ch\u1ee9c, v\u00e0 th\u1eadt l\u00f2ng c\u1ea7u ch\u00fac v\u1eadn may v\u00e0 s\u1ef1 ph\u00e1t tri\u1ec3n v\u00f4 h\u1ea1n c\u1ee7a T\u1ed5 ch\u1ee9c WeLoveU Qu\u1ed1c t\u1ebf trong t\u01b0\u01a1ng lai.<\/p>\n<\/div>\n<\/div>\n<\/div>\n<\/section>\n","protected":false},"excerpt":{"rendered":"T\u1ea1i b\u1ea5t c\u1ee9 n\u01a1i n\u00e0o thi\u1ebft c\u1ea7n t\u00ecnh y\u00eau th\u01b0\u01a1ng, <br>\nch\u00fang t\u00f4i \u1edf c\u00f9ng v\u1edbi t\u1ea5m l\u00f2ng c\u1ee7a m\u1eb9 v\u00e0 b\u00e0n tay c\u1ee7a m\u1eb9.","protected":false},"author":2,"featured_media":237929,"parent":0,"menu_order":0,"comment_status":"closed","ping_status":"closed","template":"","meta":{"footnotes":""},"class_list":["post-2073","page","type-page","status-publish","has-post-thumbnail","hentry"],"yoast_head":"<!-- This site is optimized with the Yoast SEO plugin v26.8 - https:\/\/yoast.com\/product\/yoast-seo-wordpress\/ -->\n<title>L\u1eddi ch\u00e0o - Qu\u1ef9 WeLoveU Qu\u1ed1c t\u1ebf<\/title>\n<meta name=\"robots\" content=\"index, follow, max-snippet:-1, max-image-preview:large, max-video-preview:-1\" \/>\n<link rel=\"canonical\" href=\"https:\/\/intlweloveu.org\/vi\/greeting\/\" \/>\n<meta property=\"og:locale\" content=\"vi_VN\" \/>\n<meta property=\"og:type\" content=\"article\" \/>\n<meta property=\"og:title\" content=\"L\u1eddi ch\u00e0o - Qu\u1ef9 WeLoveU Qu\u1ed1c t\u1ebf\" \/>\n<meta property=\"og:description\" content=\"T\u1ea1i b\u1ea5t c\u1ee9 n\u01a1i n\u00e0o thi\u1ebft c\u1ea7n t\u00ecnh y\u00eau th\u01b0\u01a1ng, ch\u00fang t\u00f4i \u1edf c\u00f9ng v\u1edbi t\u1ea5m l\u00f2ng c\u1ee7a m\u1eb9 v\u00e0 b\u00e0n tay c\u1ee7a m\u1eb9.\" \/>\n<meta property=\"og:url\" content=\"https:\/\/intlweloveu.org\/vi\/greeting\/\" \/>\n<meta property=\"og:site_name\" content=\"Qu\u1ef9 WeLoveU Qu\u1ed1c t\u1ebf\" \/>\n<meta property=\"article:modified_time\" content=\"2026-02-05T10:54:00+00:00\" \/>\n<meta property=\"og:image\" content=\"https:\/\/intlweloveu.org\/wp-content\/uploads\/2026\/02\/thum_WeLoveU_greeting.jpg\" \/>\n\t<meta property=\"og:image:width\" content=\"1200\" \/>\n\t<meta property=\"og:image:height\" content=\"630\" \/>\n\t<meta property=\"og:image:type\" content=\"image\/jpeg\" \/>\n<meta name=\"twitter:card\" content=\"summary_large_image\" \/>\n<meta name=\"twitter:label1\" content=\"\u01af\u1edbc t\u00ednh th\u1eddi gian \u0111\u1ecdc\" \/>\n\t<meta name=\"twitter:data1\" content=\"8 ph\u00fat\" \/>\n<script type=\"application\/ld+json\" class=\"yoast-schema-graph\">{\"@context\":\"https:\/\/schema.org\",\"@graph\":[{\"@type\":\"WebPage\",\"@id\":\"https:\/\/intlweloveu.org\/vi\/greeting\/\",\"url\":\"https:\/\/intlweloveu.org\/vi\/greeting\/\",\"name\":\"L\u1eddi ch\u00e0o - Qu\u1ef9 WeLoveU Qu\u1ed1c t\u1ebf\",\"isPartOf\":{\"@id\":\"https:\/\/intlweloveu.org\/#website\"},\"primaryImageOfPage\":{\"@id\":\"https:\/\/intlweloveu.org\/vi\/greeting\/#primaryimage\"},\"image\":{\"@id\":\"https:\/\/intlweloveu.org\/vi\/greeting\/#primaryimage\"},\"thumbnailUrl\":\"https:\/\/intlweloveu.org\/wp-content\/uploads\/2026\/02\/thum_WeLoveU_greeting.jpg\",\"datePublished\":\"2025-02-20T06:54:46+00:00\",\"dateModified\":\"2026-02-05T10:54:00+00:00\",\"breadcrumb\":{\"@id\":\"https:\/\/intlweloveu.org\/vi\/greeting\/#breadcrumb\"},\"inLanguage\":\"vi\",\"potentialAction\":[{\"@type\":\"ReadAction\",\"target\":[\"https:\/\/intlweloveu.org\/vi\/greeting\/\"]}]},{\"@type\":\"ImageObject\",\"inLanguage\":\"vi\",\"@id\":\"https:\/\/intlweloveu.org\/vi\/greeting\/#primaryimage\",\"url\":\"https:\/\/intlweloveu.org\/wp-content\/uploads\/2026\/02\/thum_WeLoveU_greeting.jpg\",\"contentUrl\":\"https:\/\/intlweloveu.org\/wp-content\/uploads\/2026\/02\/thum_WeLoveU_greeting.jpg\",\"width\":1200,\"height\":630},{\"@type\":\"BreadcrumbList\",\"@id\":\"https:\/\/intlweloveu.org\/vi\/greeting\/#breadcrumb\",\"itemListElement\":[{\"@type\":\"ListItem\",\"position\":1,\"name\":\"\ud648\",\"item\":\"https:\/\/intlweloveu.org\/vi\/\"},{\"@type\":\"ListItem\",\"position\":2,\"name\":\"L\u1eddi ch\u00e0o\"}]},{\"@type\":\"WebSite\",\"@id\":\"https:\/\/intlweloveu.org\/#website\",\"url\":\"https:\/\/intlweloveu.org\/\",\"name\":\"The Intl. WeLoveU Foundation\",\"description\":\"T\u00ecnh y\u00eau th\u01b0\u01a1ng c\u1ee7a m\u1eb9 \u0111\u01b0\u1ee3c truy\u1ec1n kh\u1eafp th\u1ebf gian\",\"alternateName\":\"\uad6d\uc81c\uc704\ub7ec\ube0c\uc720\uc6b4\ub3d9\ubcf8\ubd80\",\"potentialAction\":[{\"@type\":\"SearchAction\",\"target\":{\"@type\":\"EntryPoint\",\"urlTemplate\":\"https:\/\/intlweloveu.org\/?s={search_term_string}\"},\"query-input\":{\"@type\":\"PropertyValueSpecification\",\"valueRequired\":true,\"valueName\":\"search_term_string\"}}],\"inLanguage\":\"vi\"}]}<\/script>\n<!-- \/ Yoast SEO plugin. -->","yoast_head_json":{"title":"L\u1eddi ch\u00e0o - Qu\u1ef9 WeLoveU Qu\u1ed1c t\u1ebf","robots":{"index":"index","follow":"follow","max-snippet":"max-snippet:-1","max-image-preview":"max-image-preview:large","max-video-preview":"max-video-preview:-1"},"canonical":"https:\/\/intlweloveu.org\/vi\/greeting\/","og_locale":"vi_VN","og_type":"article","og_title":"L\u1eddi ch\u00e0o - Qu\u1ef9 WeLoveU Qu\u1ed1c t\u1ebf","og_description":"T\u1ea1i b\u1ea5t c\u1ee9 n\u01a1i n\u00e0o thi\u1ebft c\u1ea7n t\u00ecnh y\u00eau th\u01b0\u01a1ng, ch\u00fang t\u00f4i \u1edf c\u00f9ng v\u1edbi t\u1ea5m l\u00f2ng c\u1ee7a m\u1eb9 v\u00e0 b\u00e0n tay c\u1ee7a m\u1eb9.","og_url":"https:\/\/intlweloveu.org\/vi\/greeting\/","og_site_name":"Qu\u1ef9 WeLoveU Qu\u1ed1c t\u1ebf","article_modified_time":"2026-02-05T10:54:00+00:00","og_image":[{"width":1200,"height":630,"url":"https:\/\/intlweloveu.org\/wp-content\/uploads\/2026\/02\/thum_WeLoveU_greeting.jpg","type":"image\/jpeg"}],"twitter_card":"summary_large_image","twitter_misc":{"\u01af\u1edbc t\u00ednh th\u1eddi gian \u0111\u1ecdc":"8 ph\u00fat"},"schema":{"@context":"https:\/\/schema.org","@graph":[{"@type":"WebPage","@id":"https:\/\/intlweloveu.org\/vi\/greeting\/","url":"https:\/\/intlweloveu.org\/vi\/greeting\/","name":"L\u1eddi ch\u00e0o - Qu\u1ef9 WeLoveU Qu\u1ed1c t\u1ebf","isPartOf":{"@id":"https:\/\/intlweloveu.org\/#website"},"primaryImageOfPage":{"@id":"https:\/\/intlweloveu.org\/vi\/greeting\/#primaryimage"},"image":{"@id":"https:\/\/intlweloveu.org\/vi\/greeting\/#primaryimage"},"thumbnailUrl":"https:\/\/intlweloveu.org\/wp-content\/uploads\/2026\/02\/thum_WeLoveU_greeting.jpg","datePublished":"2025-02-20T06:54:46+00:00","dateModified":"2026-02-05T10:54:00+00:00","breadcrumb":{"@id":"https:\/\/intlweloveu.org\/vi\/greeting\/#breadcrumb"},"inLanguage":"vi","potentialAction":[{"@type":"ReadAction","target":["https:\/\/intlweloveu.org\/vi\/greeting\/"]}]},{"@type":"ImageObject","inLanguage":"vi","@id":"https:\/\/intlweloveu.org\/vi\/greeting\/#primaryimage","url":"https:\/\/intlweloveu.org\/wp-content\/uploads\/2026\/02\/thum_WeLoveU_greeting.jpg","contentUrl":"https:\/\/intlweloveu.org\/wp-content\/uploads\/2026\/02\/thum_WeLoveU_greeting.jpg","width":1200,"height":630},{"@type":"BreadcrumbList","@id":"https:\/\/intlweloveu.org\/vi\/greeting\/#breadcrumb","itemListElement":[{"@type":"ListItem","position":1,"name":"\ud648","item":"https:\/\/intlweloveu.org\/vi\/"},{"@type":"ListItem","position":2,"name":"L\u1eddi ch\u00e0o"}]},{"@type":"WebSite","@id":"https:\/\/intlweloveu.org\/#website","url":"https:\/\/intlweloveu.org\/","name":"The Intl. WeLoveU Foundation","description":"T\u00ecnh y\u00eau th\u01b0\u01a1ng c\u1ee7a m\u1eb9 \u0111\u01b0\u1ee3c truy\u1ec1n kh\u1eafp th\u1ebf gian","alternateName":"\uad6d\uc81c\uc704\ub7ec\ube0c\uc720\uc6b4\ub3d9\ubcf8\ubd80","potentialAction":[{"@type":"SearchAction","target":{"@type":"EntryPoint","urlTemplate":"https:\/\/intlweloveu.org\/?s={search_term_string}"},"query-input":{"@type":"PropertyValueSpecification","valueRequired":true,"valueName":"search_term_string"}}],"inLanguage":"vi"}]}},"_links":{"self":[{"href":"https:\/\/intlweloveu.org\/vi\/wp-json\/wp\/v2\/pages\/2073","targetHints":{"allow":["GET"]}}],"collection":[{"href":"https:\/\/intlweloveu.org\/vi\/wp-json\/wp\/v2\/pages"}],"about":[{"href":"https:\/\/intlweloveu.org\/vi\/wp-json\/wp\/v2\/types\/page"}],"author":[{"embeddable":true,"href":"https:\/\/intlweloveu.org\/vi\/wp-json\/wp\/v2\/users\/2"}],"replies":[{"embeddable":true,"href":"https:\/\/intlweloveu.org\/vi\/wp-json\/wp\/v2\/comments?post=2073"}],"version-history":[{"count":5,"href":"https:\/\/intlweloveu.org\/vi\/wp-json\/wp\/v2\/pages\/2073\/revisions"}],"predecessor-version":[{"id":208682,"href":"https:\/\/intlweloveu.org\/vi\/wp-json\/wp\/v2\/pages\/2073\/revisions\/208682"}],"wp:featuredmedia":[{"embeddable":true,"href":"https:\/\/intlweloveu.org\/vi\/wp-json\/wp\/v2\/media\/237929"}],"wp:attachment":[{"href":"https:\/\/intlweloveu.org\/vi\/wp-json\/wp\/v2\/media?parent=2073"}],"curies":[{"name":"wp","href":"https:\/\/api.w.org\/{rel}","templated":true}]}}