{"id":2058,"date":"2025-02-24T05:35:13","date_gmt":"2025-02-24T05:35:13","guid":{"rendered":"https:\/\/intlweloveu.org\/vision\/"},"modified":"2025-12-04T01:24:05","modified_gmt":"2025-12-04T01:24:05","slug":"vision","status":"publish","type":"page","link":"https:\/\/intlweloveu.org\/vi\/vision\/","title":{"rendered":"\u00dd ni\u1ec7m th\u00e0nh l\u1eadp"},"content":{"rendered":"<h3 class=\"wp-block-heading typo-headline-2 sm-slide-Fide-In-Up\">T\u00ecnh y\u00eau nh\u00e2n lo\u1ea1i d\u1ef1a tr\u00ean t\u00ecnh y\u00eau c\u1ee7a m\u1eb9<\/h3>\n<p class=\"sm-slide-Fide-In-Up\">\u201cT\u00ecnh y\u00eau c\u1ee7a m\u1eb9\u201d l\u00e0 ngu\u1ed3n g\u1ed1c c\u1ee7a h\u1ea1nh ph\u00fac. Qu\u1ef9 WeLoveU Qu\u1ed1c t\u1ebf t\u1ea1o d\u1ef1ng th\u1ebf gian m\u00e0 ai c\u0169ng \u0111\u01b0\u1ee3c t\u00f4n tr\u1ecdng, v\u00e0 h\u00f2a b\u00ecnh b\u1ec1n v\u1eefng, b\u1eb1ng \u201ct\u00ecnh y\u00eau c\u1ee7a m\u1eb9\u201d v\u00ec gia \u0111\u00ecnh l\u00e0ng \u0111\u1ecba c\u1ea7u kh\u1eafp th\u1ebf gi\u1edbi. Chi vi\u1ec7n nh\u1eefng ng\u01b0\u1eddi g\u1eb7p kh\u00f3 kh\u0103n do chi\u1ebfn tranh, tai n\u1ea1n, n\u1ea1n \u0111\u00f3i v\u00e0 ngh\u00e8o kh\u00f3 v.v\u2026, gi\u00fap h\u1ecd t\u00ecm l\u1ea1i hy v\u1ecdng v\u00e0 d\u0169ng kh\u00ed c\u1ee7a cu\u1ed9c s\u1ed1ng \u0111\u1ec3 s\u1ed1ng cu\u1ed9c s\u1ed1ng h\u1ea1nh ph\u00fac v\u00e0 h\u00f2a b\u00ecnh v\u01b0\u1ee3t qua qu\u1ed1c gia, ch\u1ee7ng t\u1ed9c, ng\u00f4n ng\u1eef, v\u00e0 v\u0103n h\u00f3a.<\/p>\n<h3 class=\"wp-block-heading typo-headline-2 mg-var-t-50 sm-slide-Fide-In-Up\">S\u1ef1 bi\u1ebfn h\u00f3a mang t\u00ednh s\u00e1ng t\u1ea1o m\u00e0 \u201cCon ng\u01b0\u1eddi\u201d l\u00e0m n\u00ean<\/h3>\n<p class=\"sm-slide-Fide-In-Up\">Gi\u1ea3i ph\u00e1p ch\u00e2n ch\u00ednh c\u1ee7a ph\u00fac l\u1ee3i nh\u00e2n lo\u1ea1i ch\u00ednh l\u00e0 \u201cCon ng\u01b0\u1eddi\u201d. Con ng\u01b0\u1eddi thay \u0111\u1ed5i th\u00ec th\u1ebf gian s\u1ebd thay \u0111\u1ed5i. B\u1eb1ng t\u1ea5m l\u00f2ng c\u1ee7a m\u1eb9 coi nh\u00e2n lo\u1ea1i nh\u01b0 m\u1ed9t gia \u0111\u00ecnh, Qu\u1ef9 WeLoveU Qu\u1ed1c t\u1ebf gi\u00fap \u0111\u1ee1 cho m\u1ecdi ng\u01b0\u1eddi bi\u1ebfn h\u00f3a th\u00e0nh h\u00ecnh \u1ea3nh mang t\u00ednh v\u1ecb tha v\u00e0 t\u00ecnh nh\u00e2n lo\u1ea1i, ch\u1ee9 kh\u00f4ng ph\u1ea3i l\u00e0 ch\u1ee7 ngh\u0129a c\u00e1 nh\u00e2n v\u00e0 ch\u1ee7 ngh\u0129a \u00edch k\u1ef7, h\u01a1n n\u1eefa Qu\u1ef9 gi\u00fap cho gia \u0111\u00ecnh bi\u1ebfn h\u00f3a, x\u00e3 h\u1ed9i bi\u1ebfn h\u00f3a, v\u00e0 qu\u1ed1c gia bi\u1ebfn h\u00f3a, cu\u1ed1i c\u00f9ng c\u1ea3 th\u1ebf gi\u1edbi \u0111\u01b0\u1ee3c bi\u1ebfn h\u00f3a th\u00e0nh t\u1ed5 \u1ea5m \u1ea5m \u00e1p.<\/p>\n","protected":false},"excerpt":{"rendered":"Qu\u1ef9 WeLoveU Qu\u1ed1c t\u1ebf t\u1ea1o d\u1ef1ng th\u1ebf gian\nm\u00e0 ai c\u0169ng \u0111\u01b0\u1ee3c t\u00f4n tr\u1ecdng, v\u00e0 h\u00f2a b\u00ecnh b\u1ec1n v\u1eefng, \nb\u1eb1ng \u201ct\u00ecnh y\u00eau c\u1ee7a m\u1eb9\u201d v\u00ec gia \u0111\u00ecnh l\u00e0ng \u0111\u1ecba c\u1ea7u kh\u1eafp th\u1ebf gi\u1edbi.","protected":false},"author":2,"featured_media":26227,"parent":0,"menu_order":0,"comment_status":"closed","ping_status":"closed","template":"","meta":{"footnotes":""},"class_list":["post-2058","page","type-page","status-publish","has-post-thumbnail","hentry"],"yoast_head":"<!-- This site is optimized with the Yoast SEO plugin v26.8 - https:\/\/yoast.com\/product\/yoast-seo-wordpress\/ -->\n<title>\u00dd ni\u1ec7m th\u00e0nh l\u1eadp - Qu\u1ef9 WeLoveU Qu\u1ed1c t\u1ebf<\/title>\n<meta name=\"robots\" content=\"index, follow, max-snippet:-1, max-image-preview:large, max-video-preview:-1\" \/>\n<link rel=\"canonical\" href=\"https:\/\/intlweloveu.org\/vi\/vision\/\" \/>\n<meta property=\"og:locale\" content=\"vi_VN\" \/>\n<meta property=\"og:type\" content=\"article\" \/>\n<meta property=\"og:title\" content=\"\u00dd ni\u1ec7m th\u00e0nh l\u1eadp - Qu\u1ef9 WeLoveU Qu\u1ed1c t\u1ebf\" \/>\n<meta property=\"og:description\" content=\"Qu\u1ef9 WeLoveU Qu\u1ed1c t\u1ebf t\u1ea1o d\u1ef1ng th\u1ebf gian m\u00e0 ai c\u0169ng \u0111\u01b0\u1ee3c t\u00f4n tr\u1ecdng, v\u00e0 h\u00f2a b\u00ecnh b\u1ec1n v\u1eefng, b\u1eb1ng \u201ct\u00ecnh y\u00eau c\u1ee7a m\u1eb9\u201d v\u00ec gia \u0111\u00ecnh l\u00e0ng \u0111\u1ecba c\u1ea7u kh\u1eafp th\u1ebf gi\u1edbi.\" \/>\n<meta property=\"og:url\" content=\"https:\/\/intlweloveu.org\/vi\/vision\/\" \/>\n<meta property=\"og:site_name\" content=\"Qu\u1ef9 WeLoveU Qu\u1ed1c t\u1ebf\" \/>\n<meta property=\"article:modified_time\" content=\"2025-12-04T01:24:05+00:00\" \/>\n<meta property=\"og:image\" content=\"https:\/\/intlweloveu.org\/wp-content\/uploads\/2025\/10\/thum_WeLoveU_vision.jpg\" \/>\n\t<meta property=\"og:image:width\" content=\"1800\" \/>\n\t<meta property=\"og:image:height\" content=\"985\" \/>\n\t<meta property=\"og:image:type\" content=\"image\/jpeg\" \/>\n<meta name=\"twitter:card\" content=\"summary_large_image\" \/>\n<meta name=\"twitter:label1\" content=\"\u01af\u1edbc t\u00ednh th\u1eddi gian \u0111\u1ecdc\" \/>\n\t<meta name=\"twitter:data1\" content=\"2 ph\u00fat\" \/>\n<script type=\"application\/ld+json\" class=\"yoast-schema-graph\">{\"@context\":\"https:\/\/schema.org\",\"@graph\":[{\"@type\":\"WebPage\",\"@id\":\"https:\/\/intlweloveu.org\/vi\/vision\/\",\"url\":\"https:\/\/intlweloveu.org\/vi\/vision\/\",\"name\":\"\u00dd ni\u1ec7m th\u00e0nh l\u1eadp - Qu\u1ef9 WeLoveU Qu\u1ed1c t\u1ebf\",\"isPartOf\":{\"@id\":\"https:\/\/intlweloveu.org\/#website\"},\"primaryImageOfPage\":{\"@id\":\"https:\/\/intlweloveu.org\/vi\/vision\/#primaryimage\"},\"image\":{\"@id\":\"https:\/\/intlweloveu.org\/vi\/vision\/#primaryimage\"},\"thumbnailUrl\":\"https:\/\/intlweloveu.org\/wp-content\/uploads\/2025\/10\/thum_WeLoveU_vision.jpg\",\"datePublished\":\"2025-02-24T05:35:13+00:00\",\"dateModified\":\"2025-12-04T01:24:05+00:00\",\"breadcrumb\":{\"@id\":\"https:\/\/intlweloveu.org\/vi\/vision\/#breadcrumb\"},\"inLanguage\":\"vi\",\"potentialAction\":[{\"@type\":\"ReadAction\",\"target\":[\"https:\/\/intlweloveu.org\/vi\/vision\/\"]}]},{\"@type\":\"ImageObject\",\"inLanguage\":\"vi\",\"@id\":\"https:\/\/intlweloveu.org\/vi\/vision\/#primaryimage\",\"url\":\"https:\/\/intlweloveu.org\/wp-content\/uploads\/2025\/10\/thum_WeLoveU_vision.jpg\",\"contentUrl\":\"https:\/\/intlweloveu.org\/wp-content\/uploads\/2025\/10\/thum_WeLoveU_vision.jpg\",\"width\":1800,\"height\":985},{\"@type\":\"BreadcrumbList\",\"@id\":\"https:\/\/intlweloveu.org\/vi\/vision\/#breadcrumb\",\"itemListElement\":[{\"@type\":\"ListItem\",\"position\":1,\"name\":\"\ud648\",\"item\":\"https:\/\/intlweloveu.org\/vi\/\"},{\"@type\":\"ListItem\",\"position\":2,\"name\":\"\u00dd ni\u1ec7m th\u00e0nh l\u1eadp\"}]},{\"@type\":\"WebSite\",\"@id\":\"https:\/\/intlweloveu.org\/#website\",\"url\":\"https:\/\/intlweloveu.org\/\",\"name\":\"The Intl. WeLoveU Foundation\",\"description\":\"T\u00ecnh y\u00eau th\u01b0\u01a1ng c\u1ee7a m\u1eb9 \u0111\u01b0\u1ee3c truy\u1ec1n kh\u1eafp th\u1ebf gian\",\"alternateName\":\"\uad6d\uc81c\uc704\ub7ec\ube0c\uc720\uc6b4\ub3d9\ubcf8\ubd80\",\"potentialAction\":[{\"@type\":\"SearchAction\",\"target\":{\"@type\":\"EntryPoint\",\"urlTemplate\":\"https:\/\/intlweloveu.org\/?s={search_term_string}\"},\"query-input\":{\"@type\":\"PropertyValueSpecification\",\"valueRequired\":true,\"valueName\":\"search_term_string\"}}],\"inLanguage\":\"vi\"}]}<\/script>\n<!-- \/ Yoast SEO plugin. -->","yoast_head_json":{"title":"\u00dd ni\u1ec7m th\u00e0nh l\u1eadp - Qu\u1ef9 WeLoveU Qu\u1ed1c t\u1ebf","robots":{"index":"index","follow":"follow","max-snippet":"max-snippet:-1","max-image-preview":"max-image-preview:large","max-video-preview":"max-video-preview:-1"},"canonical":"https:\/\/intlweloveu.org\/vi\/vision\/","og_locale":"vi_VN","og_type":"article","og_title":"\u00dd ni\u1ec7m th\u00e0nh l\u1eadp - Qu\u1ef9 WeLoveU Qu\u1ed1c t\u1ebf","og_description":"Qu\u1ef9 WeLoveU Qu\u1ed1c t\u1ebf t\u1ea1o d\u1ef1ng th\u1ebf gian m\u00e0 ai c\u0169ng \u0111\u01b0\u1ee3c t\u00f4n tr\u1ecdng, v\u00e0 h\u00f2a b\u00ecnh b\u1ec1n v\u1eefng, b\u1eb1ng \u201ct\u00ecnh y\u00eau c\u1ee7a m\u1eb9\u201d v\u00ec gia \u0111\u00ecnh l\u00e0ng \u0111\u1ecba c\u1ea7u kh\u1eafp th\u1ebf gi\u1edbi.","og_url":"https:\/\/intlweloveu.org\/vi\/vision\/","og_site_name":"Qu\u1ef9 WeLoveU Qu\u1ed1c t\u1ebf","article_modified_time":"2025-12-04T01:24:05+00:00","og_image":[{"width":1800,"height":985,"url":"https:\/\/intlweloveu.org\/wp-content\/uploads\/2025\/10\/thum_WeLoveU_vision.jpg","type":"image\/jpeg"}],"twitter_card":"summary_large_image","twitter_misc":{"\u01af\u1edbc t\u00ednh th\u1eddi gian \u0111\u1ecdc":"2 ph\u00fat"},"schema":{"@context":"https:\/\/schema.org","@graph":[{"@type":"WebPage","@id":"https:\/\/intlweloveu.org\/vi\/vision\/","url":"https:\/\/intlweloveu.org\/vi\/vision\/","name":"\u00dd ni\u1ec7m th\u00e0nh l\u1eadp - Qu\u1ef9 WeLoveU Qu\u1ed1c t\u1ebf","isPartOf":{"@id":"https:\/\/intlweloveu.org\/#website"},"primaryImageOfPage":{"@id":"https:\/\/intlweloveu.org\/vi\/vision\/#primaryimage"},"image":{"@id":"https:\/\/intlweloveu.org\/vi\/vision\/#primaryimage"},"thumbnailUrl":"https:\/\/intlweloveu.org\/wp-content\/uploads\/2025\/10\/thum_WeLoveU_vision.jpg","datePublished":"2025-02-24T05:35:13+00:00","dateModified":"2025-12-04T01:24:05+00:00","breadcrumb":{"@id":"https:\/\/intlweloveu.org\/vi\/vision\/#breadcrumb"},"inLanguage":"vi","potentialAction":[{"@type":"ReadAction","target":["https:\/\/intlweloveu.org\/vi\/vision\/"]}]},{"@type":"ImageObject","inLanguage":"vi","@id":"https:\/\/intlweloveu.org\/vi\/vision\/#primaryimage","url":"https:\/\/intlweloveu.org\/wp-content\/uploads\/2025\/10\/thum_WeLoveU_vision.jpg","contentUrl":"https:\/\/intlweloveu.org\/wp-content\/uploads\/2025\/10\/thum_WeLoveU_vision.jpg","width":1800,"height":985},{"@type":"BreadcrumbList","@id":"https:\/\/intlweloveu.org\/vi\/vision\/#breadcrumb","itemListElement":[{"@type":"ListItem","position":1,"name":"\ud648","item":"https:\/\/intlweloveu.org\/vi\/"},{"@type":"ListItem","position":2,"name":"\u00dd ni\u1ec7m th\u00e0nh l\u1eadp"}]},{"@type":"WebSite","@id":"https:\/\/intlweloveu.org\/#website","url":"https:\/\/intlweloveu.org\/","name":"The Intl. WeLoveU Foundation","description":"T\u00ecnh y\u00eau th\u01b0\u01a1ng c\u1ee7a m\u1eb9 \u0111\u01b0\u1ee3c truy\u1ec1n kh\u1eafp th\u1ebf gian","alternateName":"\uad6d\uc81c\uc704\ub7ec\ube0c\uc720\uc6b4\ub3d9\ubcf8\ubd80","potentialAction":[{"@type":"SearchAction","target":{"@type":"EntryPoint","urlTemplate":"https:\/\/intlweloveu.org\/?s={search_term_string}"},"query-input":{"@type":"PropertyValueSpecification","valueRequired":true,"valueName":"search_term_string"}}],"inLanguage":"vi"}]}},"_links":{"self":[{"href":"https:\/\/intlweloveu.org\/vi\/wp-json\/wp\/v2\/pages\/2058","targetHints":{"allow":["GET"]}}],"collection":[{"href":"https:\/\/intlweloveu.org\/vi\/wp-json\/wp\/v2\/pages"}],"about":[{"href":"https:\/\/intlweloveu.org\/vi\/wp-json\/wp\/v2\/types\/page"}],"author":[{"embeddable":true,"href":"https:\/\/intlweloveu.org\/vi\/wp-json\/wp\/v2\/users\/2"}],"replies":[{"embeddable":true,"href":"https:\/\/intlweloveu.org\/vi\/wp-json\/wp\/v2\/comments?post=2058"}],"version-history":[{"count":5,"href":"https:\/\/intlweloveu.org\/vi\/wp-json\/wp\/v2\/pages\/2058\/revisions"}],"predecessor-version":[{"id":48566,"href":"https:\/\/intlweloveu.org\/vi\/wp-json\/wp\/v2\/pages\/2058\/revisions\/48566"}],"wp:featuredmedia":[{"embeddable":true,"href":"https:\/\/intlweloveu.org\/vi\/wp-json\/wp\/v2\/media\/26227"}],"wp:attachment":[{"href":"https:\/\/intlweloveu.org\/vi\/wp-json\/wp\/v2\/media?parent=2058"}],"curies":[{"name":"wp","href":"https:\/\/api.w.org\/{rel}","templated":true}]}}