{"id":1860,"date":"2025-09-05T04:33:04","date_gmt":"2025-09-05T04:33:04","guid":{"rendered":"https:\/\/intlweloveu.org\/social-welfare\/"},"modified":"2025-12-26T06:29:20","modified_gmt":"2025-12-26T06:29:20","slug":"social-welfare","status":"publish","type":"page","link":"https:\/\/intlweloveu.org\/vi\/social-welfare\/","title":{"rendered":"Ph\u00fac l\u1ee3i x\u00e3 h\u1ed9i \u0111\u1ecba ph\u01b0\u01a1ng"},"content":{"rendered":"<p>Qu\u1ef9 WeLoveU Qu\u1ed1c t\u1ebf g\u1eafng s\u1ee9c n\u00e2ng cao ph\u00fac l\u1ee3i cho nh\u1eefng ng\u01b0\u1eddi y\u1ebfu th\u1ebf trong x\u00e3 h\u1ed9i nh\u01b0 tr\u1ebb em, ng\u01b0\u1eddi cao tu\u1ed5i, ph\u1ee5 n\u1eef, ng\u01b0\u1eddi khuy\u1ebft t\u1eadt v.v\u2026 Qu\u1ef9 WeLoveU Qu\u1ed1c t\u1ebf chia s\u1ebb t\u00ecnh y\u00eau th\u01b0\u01a1ng nh\u01b0 th\u1ec3 gia \u0111\u00ecnh th\u00f4ng qua ph\u1ee5ng s\u1ef1 t\u00ecnh nguy\u1ec7n &amp; chi vi\u1ec7n v\u1eadt ph\u1ea9m c\u01a1 s\u1edf ph\u00fac l\u1ee3i, l\u00e0m t\u0103ng s\u1ef1 th\u00f4ng hi\u1ec3u v\u00e0 h\u00f2a thu\u1eadn h\u00e0ng x\u00f3m v\u00e0 x\u00e3 h\u1ed9i b\u1edfi ho\u1ea1t \u0111\u1ed9ng gi\u00fap n\u00f4ng th\u00f4n thi\u1ebfu nh\u00e2n l\u1ef1c, h\u00f2a nh\u1ea1c t\u1eeb thi\u1ec7n, c\u1ed5 v\u0169 ho\u1ea1t \u0111\u1ed9ng x\u00e3 h\u1ed9i \u0111\u1ecba ph\u01b0\u01a1ng v.v\u2026<\/p>\n","protected":false},"excerpt":{"rendered":"Ho\u1ea1t \u0111\u1ed9ng th\u00fac \u0111\u1ea9y giao ti\u1ebfp c\u1ed9ng \u0111\u1ed3ng \nv\u00e0 h\u1ed7 tr\u1ee3 ph\u00fac l\u1ee3i cho c\u00e1c nh\u00f3m y\u1ebfu th\u1ebf","protected":false},"author":2,"featured_media":28649,"parent":0,"menu_order":0,"comment_status":"closed","ping_status":"closed","template":"","meta":{"footnotes":""},"class_list":["post-1860","page","type-page","status-publish","has-post-thumbnail","hentry"],"yoast_head":"<!-- This site is optimized with the Yoast SEO plugin v26.8 - https:\/\/yoast.com\/product\/yoast-seo-wordpress\/ -->\n<title>Ph\u00fac l\u1ee3i x\u00e3 h\u1ed9i \u0111\u1ecba ph\u01b0\u01a1ng - Qu\u1ef9 WeLoveU Qu\u1ed1c t\u1ebf<\/title>\n<meta name=\"robots\" content=\"index, follow, max-snippet:-1, max-image-preview:large, max-video-preview:-1\" \/>\n<link rel=\"canonical\" href=\"https:\/\/intlweloveu.org\/vi\/social-welfare\/\" \/>\n<meta property=\"og:locale\" content=\"vi_VN\" \/>\n<meta property=\"og:type\" content=\"article\" \/>\n<meta property=\"og:title\" content=\"Ph\u00fac l\u1ee3i x\u00e3 h\u1ed9i \u0111\u1ecba ph\u01b0\u01a1ng - Qu\u1ef9 WeLoveU Qu\u1ed1c t\u1ebf\" \/>\n<meta property=\"og:description\" content=\"Ho\u1ea1t \u0111\u1ed9ng th\u00fac \u0111\u1ea9y giao ti\u1ebfp c\u1ed9ng \u0111\u1ed3ng v\u00e0 h\u1ed7 tr\u1ee3 ph\u00fac l\u1ee3i cho c\u00e1c nh\u00f3m y\u1ebfu th\u1ebf\" \/>\n<meta property=\"og:url\" content=\"https:\/\/intlweloveu.org\/vi\/social-welfare\/\" \/>\n<meta property=\"og:site_name\" content=\"Qu\u1ef9 WeLoveU Qu\u1ed1c t\u1ebf\" \/>\n<meta property=\"article:modified_time\" content=\"2025-12-26T06:29:20+00:00\" \/>\n<meta property=\"og:image\" content=\"https:\/\/intlweloveu.org\/wp-content\/uploads\/2025\/10\/thum_WeLoveU_project7.jpg\" \/>\n\t<meta property=\"og:image:width\" content=\"1200\" \/>\n\t<meta property=\"og:image:height\" content=\"630\" \/>\n\t<meta property=\"og:image:type\" content=\"image\/jpeg\" \/>\n<meta name=\"twitter:card\" content=\"summary_large_image\" \/>\n<meta name=\"twitter:label1\" content=\"\u01af\u1edbc t\u00ednh th\u1eddi gian \u0111\u1ecdc\" \/>\n\t<meta name=\"twitter:data1\" content=\"1 ph\u00fat\" \/>\n<script type=\"application\/ld+json\" class=\"yoast-schema-graph\">{\"@context\":\"https:\/\/schema.org\",\"@graph\":[{\"@type\":\"WebPage\",\"@id\":\"https:\/\/intlweloveu.org\/vi\/social-welfare\/\",\"url\":\"https:\/\/intlweloveu.org\/vi\/social-welfare\/\",\"name\":\"Ph\u00fac l\u1ee3i x\u00e3 h\u1ed9i \u0111\u1ecba ph\u01b0\u01a1ng - Qu\u1ef9 WeLoveU Qu\u1ed1c t\u1ebf\",\"isPartOf\":{\"@id\":\"https:\/\/intlweloveu.org\/#website\"},\"primaryImageOfPage\":{\"@id\":\"https:\/\/intlweloveu.org\/vi\/social-welfare\/#primaryimage\"},\"image\":{\"@id\":\"https:\/\/intlweloveu.org\/vi\/social-welfare\/#primaryimage\"},\"thumbnailUrl\":\"https:\/\/intlweloveu.org\/wp-content\/uploads\/2025\/10\/thum_WeLoveU_project7.jpg\",\"datePublished\":\"2025-09-05T04:33:04+00:00\",\"dateModified\":\"2025-12-26T06:29:20+00:00\",\"breadcrumb\":{\"@id\":\"https:\/\/intlweloveu.org\/vi\/social-welfare\/#breadcrumb\"},\"inLanguage\":\"vi\",\"potentialAction\":[{\"@type\":\"ReadAction\",\"target\":[\"https:\/\/intlweloveu.org\/vi\/social-welfare\/\"]}]},{\"@type\":\"ImageObject\",\"inLanguage\":\"vi\",\"@id\":\"https:\/\/intlweloveu.org\/vi\/social-welfare\/#primaryimage\",\"url\":\"https:\/\/intlweloveu.org\/wp-content\/uploads\/2025\/10\/thum_WeLoveU_project7.jpg\",\"contentUrl\":\"https:\/\/intlweloveu.org\/wp-content\/uploads\/2025\/10\/thum_WeLoveU_project7.jpg\",\"width\":1200,\"height\":630},{\"@type\":\"BreadcrumbList\",\"@id\":\"https:\/\/intlweloveu.org\/vi\/social-welfare\/#breadcrumb\",\"itemListElement\":[{\"@type\":\"ListItem\",\"position\":1,\"name\":\"\ud648\",\"item\":\"https:\/\/intlweloveu.org\/vi\/\"},{\"@type\":\"ListItem\",\"position\":2,\"name\":\"Ph\u00fac l\u1ee3i x\u00e3 h\u1ed9i \u0111\u1ecba ph\u01b0\u01a1ng\"}]},{\"@type\":\"WebSite\",\"@id\":\"https:\/\/intlweloveu.org\/#website\",\"url\":\"https:\/\/intlweloveu.org\/\",\"name\":\"The Intl. WeLoveU Foundation\",\"description\":\"T\u00ecnh y\u00eau th\u01b0\u01a1ng c\u1ee7a m\u1eb9 \u0111\u01b0\u1ee3c truy\u1ec1n kh\u1eafp th\u1ebf gian\",\"alternateName\":\"\uad6d\uc81c\uc704\ub7ec\ube0c\uc720\uc6b4\ub3d9\ubcf8\ubd80\",\"potentialAction\":[{\"@type\":\"SearchAction\",\"target\":{\"@type\":\"EntryPoint\",\"urlTemplate\":\"https:\/\/intlweloveu.org\/?s={search_term_string}\"},\"query-input\":{\"@type\":\"PropertyValueSpecification\",\"valueRequired\":true,\"valueName\":\"search_term_string\"}}],\"inLanguage\":\"vi\"}]}<\/script>\n<!-- \/ Yoast SEO plugin. -->","yoast_head_json":{"title":"Ph\u00fac l\u1ee3i x\u00e3 h\u1ed9i \u0111\u1ecba ph\u01b0\u01a1ng - Qu\u1ef9 WeLoveU Qu\u1ed1c t\u1ebf","robots":{"index":"index","follow":"follow","max-snippet":"max-snippet:-1","max-image-preview":"max-image-preview:large","max-video-preview":"max-video-preview:-1"},"canonical":"https:\/\/intlweloveu.org\/vi\/social-welfare\/","og_locale":"vi_VN","og_type":"article","og_title":"Ph\u00fac l\u1ee3i x\u00e3 h\u1ed9i \u0111\u1ecba ph\u01b0\u01a1ng - Qu\u1ef9 WeLoveU Qu\u1ed1c t\u1ebf","og_description":"Ho\u1ea1t \u0111\u1ed9ng th\u00fac \u0111\u1ea9y giao ti\u1ebfp c\u1ed9ng \u0111\u1ed3ng v\u00e0 h\u1ed7 tr\u1ee3 ph\u00fac l\u1ee3i cho c\u00e1c nh\u00f3m y\u1ebfu th\u1ebf","og_url":"https:\/\/intlweloveu.org\/vi\/social-welfare\/","og_site_name":"Qu\u1ef9 WeLoveU Qu\u1ed1c t\u1ebf","article_modified_time":"2025-12-26T06:29:20+00:00","og_image":[{"width":1200,"height":630,"url":"https:\/\/intlweloveu.org\/wp-content\/uploads\/2025\/10\/thum_WeLoveU_project7.jpg","type":"image\/jpeg"}],"twitter_card":"summary_large_image","twitter_misc":{"\u01af\u1edbc t\u00ednh th\u1eddi gian \u0111\u1ecdc":"1 ph\u00fat"},"schema":{"@context":"https:\/\/schema.org","@graph":[{"@type":"WebPage","@id":"https:\/\/intlweloveu.org\/vi\/social-welfare\/","url":"https:\/\/intlweloveu.org\/vi\/social-welfare\/","name":"Ph\u00fac l\u1ee3i x\u00e3 h\u1ed9i \u0111\u1ecba ph\u01b0\u01a1ng - Qu\u1ef9 WeLoveU Qu\u1ed1c t\u1ebf","isPartOf":{"@id":"https:\/\/intlweloveu.org\/#website"},"primaryImageOfPage":{"@id":"https:\/\/intlweloveu.org\/vi\/social-welfare\/#primaryimage"},"image":{"@id":"https:\/\/intlweloveu.org\/vi\/social-welfare\/#primaryimage"},"thumbnailUrl":"https:\/\/intlweloveu.org\/wp-content\/uploads\/2025\/10\/thum_WeLoveU_project7.jpg","datePublished":"2025-09-05T04:33:04+00:00","dateModified":"2025-12-26T06:29:20+00:00","breadcrumb":{"@id":"https:\/\/intlweloveu.org\/vi\/social-welfare\/#breadcrumb"},"inLanguage":"vi","potentialAction":[{"@type":"ReadAction","target":["https:\/\/intlweloveu.org\/vi\/social-welfare\/"]}]},{"@type":"ImageObject","inLanguage":"vi","@id":"https:\/\/intlweloveu.org\/vi\/social-welfare\/#primaryimage","url":"https:\/\/intlweloveu.org\/wp-content\/uploads\/2025\/10\/thum_WeLoveU_project7.jpg","contentUrl":"https:\/\/intlweloveu.org\/wp-content\/uploads\/2025\/10\/thum_WeLoveU_project7.jpg","width":1200,"height":630},{"@type":"BreadcrumbList","@id":"https:\/\/intlweloveu.org\/vi\/social-welfare\/#breadcrumb","itemListElement":[{"@type":"ListItem","position":1,"name":"\ud648","item":"https:\/\/intlweloveu.org\/vi\/"},{"@type":"ListItem","position":2,"name":"Ph\u00fac l\u1ee3i x\u00e3 h\u1ed9i \u0111\u1ecba ph\u01b0\u01a1ng"}]},{"@type":"WebSite","@id":"https:\/\/intlweloveu.org\/#website","url":"https:\/\/intlweloveu.org\/","name":"The Intl. WeLoveU Foundation","description":"T\u00ecnh y\u00eau th\u01b0\u01a1ng c\u1ee7a m\u1eb9 \u0111\u01b0\u1ee3c truy\u1ec1n kh\u1eafp th\u1ebf gian","alternateName":"\uad6d\uc81c\uc704\ub7ec\ube0c\uc720\uc6b4\ub3d9\ubcf8\ubd80","potentialAction":[{"@type":"SearchAction","target":{"@type":"EntryPoint","urlTemplate":"https:\/\/intlweloveu.org\/?s={search_term_string}"},"query-input":{"@type":"PropertyValueSpecification","valueRequired":true,"valueName":"search_term_string"}}],"inLanguage":"vi"}]}},"_links":{"self":[{"href":"https:\/\/intlweloveu.org\/vi\/wp-json\/wp\/v2\/pages\/1860","targetHints":{"allow":["GET"]}}],"collection":[{"href":"https:\/\/intlweloveu.org\/vi\/wp-json\/wp\/v2\/pages"}],"about":[{"href":"https:\/\/intlweloveu.org\/vi\/wp-json\/wp\/v2\/types\/page"}],"author":[{"embeddable":true,"href":"https:\/\/intlweloveu.org\/vi\/wp-json\/wp\/v2\/users\/2"}],"replies":[{"embeddable":true,"href":"https:\/\/intlweloveu.org\/vi\/wp-json\/wp\/v2\/comments?post=1860"}],"version-history":[{"count":5,"href":"https:\/\/intlweloveu.org\/vi\/wp-json\/wp\/v2\/pages\/1860\/revisions"}],"predecessor-version":[{"id":208656,"href":"https:\/\/intlweloveu.org\/vi\/wp-json\/wp\/v2\/pages\/1860\/revisions\/208656"}],"wp:featuredmedia":[{"embeddable":true,"href":"https:\/\/intlweloveu.org\/vi\/wp-json\/wp\/v2\/media\/28649"}],"wp:attachment":[{"href":"https:\/\/intlweloveu.org\/vi\/wp-json\/wp\/v2\/media?parent=1860"}],"curies":[{"name":"wp","href":"https:\/\/api.w.org\/{rel}","templated":true}]}}