{"id":1838,"date":"2025-09-05T03:15:16","date_gmt":"2025-09-05T03:15:16","guid":{"rendered":"https:\/\/intlweloveu.org\/emergency-relief\/"},"modified":"2025-12-26T06:28:57","modified_gmt":"2025-12-26T06:28:57","slug":"emergency-relief","status":"publish","type":"page","link":"https:\/\/intlweloveu.org\/vi\/emergency-relief\/","title":{"rendered":"C\u1ee9u h\u1ed9 kh\u1ea9n c\u1ea5p"},"content":{"rendered":"<p>Th\u1ea3m h\u1ecda l\u1edbn b\u1ea5t ng\u1edd l\u00e0m cho cu\u1ed9c s\u1ed1ng c\u1ee7a m\u1ed9t ng\u01b0\u1eddi b\u1ecb s\u1ee5p \u0111\u1ed5 ho\u00e0n to\u00e0n v\u00e0 th\u1eadm ch\u00ed ph\u00e1 h\u1ee7y n\u1ec1n t\u1ea3ng x\u00e3 h\u1ed9i c\u1ee7a m\u1ed9t qu\u1ed1c gia. Ch\u00fang t\u00f4i t\u1ed5 ch\u1ee9c ho\u1ea1t \u0111\u1ed9ng c\u1ee9u h\u1ed9 kh\u1ea9n c\u1ea5p cho d\u00e2n t\u1ecb n\u1ea1n b\u1ecb uy hi\u1ebfp s\u1ef1 s\u1ed1ng do c\u00e1c cu\u1ed9c chi\u1ebfn tranh v\u00e0 n\u1ed9i chi\u1ebfn x\u1ea3y ra b\u1edfi c\u00e1c v\u1ea5n \u0111\u1ec1 ch\u1ee7ng t\u1ed9c &amp; d\u00e2n t\u1ed9c &amp; t\u00f4n gi\u00e1o &amp; qu\u1ed1c t\u1ecbch &amp; ch\u00ednh tr\u1ecb v\u00e0 s\u1ef1 h\u1ed7n lo\u1ea1n v\u1ec1 kinh t\u1ebf &amp; x\u00e3 h\u1ed9i, v\u00e0 cho d\u00e2n t\u1ecb n\u1ea1n v\u00ec kh\u00ed h\u1eadu &amp; c\u00e1c n\u1ea1n nh\u00e2n b\u1ecb m\u1ea5t nh\u00e0 c\u1eeda v\u00e0 sinh k\u1ebf do th\u1ea3m h\u1ecda m\u00f4i tr\u01b0\u1eddng, \u0111\u1ed9ng \u0111\u1ea5t v\u00e0 n\u1ea1n \u0111\u00f3i.<\/p>\n","protected":false},"excerpt":{"rendered":"Ho\u1ea1t \u0111\u1ed9ng c\u1ee9u tr\u1ee3 kh\u1ea9n c\u1ea5p <br>\ncho c\u00e1c n\u1ea1n nh\u00e2n c\u1ee7a th\u1ea3m h\u1ecda v\u00e0 xung \u0111\u1ed9t","protected":false},"author":2,"featured_media":28637,"parent":0,"menu_order":0,"comment_status":"closed","ping_status":"closed","template":"","meta":{"footnotes":""},"class_list":["post-1838","page","type-page","status-publish","has-post-thumbnail","hentry"],"yoast_head":"<!-- This site is optimized with the Yoast SEO plugin v26.8 - https:\/\/yoast.com\/product\/yoast-seo-wordpress\/ -->\n<title>C\u1ee9u h\u1ed9 kh\u1ea9n c\u1ea5p - Qu\u1ef9 WeLoveU Qu\u1ed1c t\u1ebf<\/title>\n<meta name=\"robots\" content=\"index, follow, max-snippet:-1, max-image-preview:large, max-video-preview:-1\" \/>\n<link rel=\"canonical\" href=\"https:\/\/intlweloveu.org\/vi\/emergency-relief\/\" \/>\n<meta property=\"og:locale\" content=\"vi_VN\" \/>\n<meta property=\"og:type\" content=\"article\" \/>\n<meta property=\"og:title\" content=\"C\u1ee9u h\u1ed9 kh\u1ea9n c\u1ea5p - Qu\u1ef9 WeLoveU Qu\u1ed1c t\u1ebf\" \/>\n<meta property=\"og:description\" content=\"Ho\u1ea1t \u0111\u1ed9ng c\u1ee9u tr\u1ee3 kh\u1ea9n c\u1ea5p cho c\u00e1c n\u1ea1n nh\u00e2n c\u1ee7a th\u1ea3m h\u1ecda v\u00e0 xung \u0111\u1ed9t\" \/>\n<meta property=\"og:url\" content=\"https:\/\/intlweloveu.org\/vi\/emergency-relief\/\" \/>\n<meta property=\"og:site_name\" content=\"Qu\u1ef9 WeLoveU Qu\u1ed1c t\u1ebf\" \/>\n<meta property=\"article:modified_time\" content=\"2025-12-26T06:28:57+00:00\" \/>\n<meta property=\"og:image\" content=\"https:\/\/intlweloveu.org\/wp-content\/uploads\/2025\/10\/thum_WeLoveU_project6.jpg\" \/>\n\t<meta property=\"og:image:width\" content=\"1200\" \/>\n\t<meta property=\"og:image:height\" content=\"630\" \/>\n\t<meta property=\"og:image:type\" content=\"image\/jpeg\" \/>\n<meta name=\"twitter:card\" content=\"summary_large_image\" \/>\n<meta name=\"twitter:label1\" content=\"\u01af\u1edbc t\u00ednh th\u1eddi gian \u0111\u1ecdc\" \/>\n\t<meta name=\"twitter:data1\" content=\"1 ph\u00fat\" \/>\n<script type=\"application\/ld+json\" class=\"yoast-schema-graph\">{\"@context\":\"https:\/\/schema.org\",\"@graph\":[{\"@type\":\"WebPage\",\"@id\":\"https:\/\/intlweloveu.org\/vi\/emergency-relief\/\",\"url\":\"https:\/\/intlweloveu.org\/vi\/emergency-relief\/\",\"name\":\"C\u1ee9u h\u1ed9 kh\u1ea9n c\u1ea5p - Qu\u1ef9 WeLoveU Qu\u1ed1c t\u1ebf\",\"isPartOf\":{\"@id\":\"https:\/\/intlweloveu.org\/#website\"},\"primaryImageOfPage\":{\"@id\":\"https:\/\/intlweloveu.org\/vi\/emergency-relief\/#primaryimage\"},\"image\":{\"@id\":\"https:\/\/intlweloveu.org\/vi\/emergency-relief\/#primaryimage\"},\"thumbnailUrl\":\"https:\/\/intlweloveu.org\/wp-content\/uploads\/2025\/10\/thum_WeLoveU_project6.jpg\",\"datePublished\":\"2025-09-05T03:15:16+00:00\",\"dateModified\":\"2025-12-26T06:28:57+00:00\",\"breadcrumb\":{\"@id\":\"https:\/\/intlweloveu.org\/vi\/emergency-relief\/#breadcrumb\"},\"inLanguage\":\"vi\",\"potentialAction\":[{\"@type\":\"ReadAction\",\"target\":[\"https:\/\/intlweloveu.org\/vi\/emergency-relief\/\"]}]},{\"@type\":\"ImageObject\",\"inLanguage\":\"vi\",\"@id\":\"https:\/\/intlweloveu.org\/vi\/emergency-relief\/#primaryimage\",\"url\":\"https:\/\/intlweloveu.org\/wp-content\/uploads\/2025\/10\/thum_WeLoveU_project6.jpg\",\"contentUrl\":\"https:\/\/intlweloveu.org\/wp-content\/uploads\/2025\/10\/thum_WeLoveU_project6.jpg\",\"width\":1200,\"height\":630},{\"@type\":\"BreadcrumbList\",\"@id\":\"https:\/\/intlweloveu.org\/vi\/emergency-relief\/#breadcrumb\",\"itemListElement\":[{\"@type\":\"ListItem\",\"position\":1,\"name\":\"\ud648\",\"item\":\"https:\/\/intlweloveu.org\/vi\/\"},{\"@type\":\"ListItem\",\"position\":2,\"name\":\"C\u1ee9u h\u1ed9 kh\u1ea9n c\u1ea5p\"}]},{\"@type\":\"WebSite\",\"@id\":\"https:\/\/intlweloveu.org\/#website\",\"url\":\"https:\/\/intlweloveu.org\/\",\"name\":\"The Intl. WeLoveU Foundation\",\"description\":\"T\u00ecnh y\u00eau th\u01b0\u01a1ng c\u1ee7a m\u1eb9 \u0111\u01b0\u1ee3c truy\u1ec1n kh\u1eafp th\u1ebf gian\",\"alternateName\":\"\uad6d\uc81c\uc704\ub7ec\ube0c\uc720\uc6b4\ub3d9\ubcf8\ubd80\",\"potentialAction\":[{\"@type\":\"SearchAction\",\"target\":{\"@type\":\"EntryPoint\",\"urlTemplate\":\"https:\/\/intlweloveu.org\/?s={search_term_string}\"},\"query-input\":{\"@type\":\"PropertyValueSpecification\",\"valueRequired\":true,\"valueName\":\"search_term_string\"}}],\"inLanguage\":\"vi\"}]}<\/script>\n<!-- \/ Yoast SEO plugin. -->","yoast_head_json":{"title":"C\u1ee9u h\u1ed9 kh\u1ea9n c\u1ea5p - Qu\u1ef9 WeLoveU Qu\u1ed1c t\u1ebf","robots":{"index":"index","follow":"follow","max-snippet":"max-snippet:-1","max-image-preview":"max-image-preview:large","max-video-preview":"max-video-preview:-1"},"canonical":"https:\/\/intlweloveu.org\/vi\/emergency-relief\/","og_locale":"vi_VN","og_type":"article","og_title":"C\u1ee9u h\u1ed9 kh\u1ea9n c\u1ea5p - Qu\u1ef9 WeLoveU Qu\u1ed1c t\u1ebf","og_description":"Ho\u1ea1t \u0111\u1ed9ng c\u1ee9u tr\u1ee3 kh\u1ea9n c\u1ea5p cho c\u00e1c n\u1ea1n nh\u00e2n c\u1ee7a th\u1ea3m h\u1ecda v\u00e0 xung \u0111\u1ed9t","og_url":"https:\/\/intlweloveu.org\/vi\/emergency-relief\/","og_site_name":"Qu\u1ef9 WeLoveU Qu\u1ed1c t\u1ebf","article_modified_time":"2025-12-26T06:28:57+00:00","og_image":[{"width":1200,"height":630,"url":"https:\/\/intlweloveu.org\/wp-content\/uploads\/2025\/10\/thum_WeLoveU_project6.jpg","type":"image\/jpeg"}],"twitter_card":"summary_large_image","twitter_misc":{"\u01af\u1edbc t\u00ednh th\u1eddi gian \u0111\u1ecdc":"1 ph\u00fat"},"schema":{"@context":"https:\/\/schema.org","@graph":[{"@type":"WebPage","@id":"https:\/\/intlweloveu.org\/vi\/emergency-relief\/","url":"https:\/\/intlweloveu.org\/vi\/emergency-relief\/","name":"C\u1ee9u h\u1ed9 kh\u1ea9n c\u1ea5p - Qu\u1ef9 WeLoveU Qu\u1ed1c t\u1ebf","isPartOf":{"@id":"https:\/\/intlweloveu.org\/#website"},"primaryImageOfPage":{"@id":"https:\/\/intlweloveu.org\/vi\/emergency-relief\/#primaryimage"},"image":{"@id":"https:\/\/intlweloveu.org\/vi\/emergency-relief\/#primaryimage"},"thumbnailUrl":"https:\/\/intlweloveu.org\/wp-content\/uploads\/2025\/10\/thum_WeLoveU_project6.jpg","datePublished":"2025-09-05T03:15:16+00:00","dateModified":"2025-12-26T06:28:57+00:00","breadcrumb":{"@id":"https:\/\/intlweloveu.org\/vi\/emergency-relief\/#breadcrumb"},"inLanguage":"vi","potentialAction":[{"@type":"ReadAction","target":["https:\/\/intlweloveu.org\/vi\/emergency-relief\/"]}]},{"@type":"ImageObject","inLanguage":"vi","@id":"https:\/\/intlweloveu.org\/vi\/emergency-relief\/#primaryimage","url":"https:\/\/intlweloveu.org\/wp-content\/uploads\/2025\/10\/thum_WeLoveU_project6.jpg","contentUrl":"https:\/\/intlweloveu.org\/wp-content\/uploads\/2025\/10\/thum_WeLoveU_project6.jpg","width":1200,"height":630},{"@type":"BreadcrumbList","@id":"https:\/\/intlweloveu.org\/vi\/emergency-relief\/#breadcrumb","itemListElement":[{"@type":"ListItem","position":1,"name":"\ud648","item":"https:\/\/intlweloveu.org\/vi\/"},{"@type":"ListItem","position":2,"name":"C\u1ee9u h\u1ed9 kh\u1ea9n c\u1ea5p"}]},{"@type":"WebSite","@id":"https:\/\/intlweloveu.org\/#website","url":"https:\/\/intlweloveu.org\/","name":"The Intl. WeLoveU Foundation","description":"T\u00ecnh y\u00eau th\u01b0\u01a1ng c\u1ee7a m\u1eb9 \u0111\u01b0\u1ee3c truy\u1ec1n kh\u1eafp th\u1ebf gian","alternateName":"\uad6d\uc81c\uc704\ub7ec\ube0c\uc720\uc6b4\ub3d9\ubcf8\ubd80","potentialAction":[{"@type":"SearchAction","target":{"@type":"EntryPoint","urlTemplate":"https:\/\/intlweloveu.org\/?s={search_term_string}"},"query-input":{"@type":"PropertyValueSpecification","valueRequired":true,"valueName":"search_term_string"}}],"inLanguage":"vi"}]}},"_links":{"self":[{"href":"https:\/\/intlweloveu.org\/vi\/wp-json\/wp\/v2\/pages\/1838","targetHints":{"allow":["GET"]}}],"collection":[{"href":"https:\/\/intlweloveu.org\/vi\/wp-json\/wp\/v2\/pages"}],"about":[{"href":"https:\/\/intlweloveu.org\/vi\/wp-json\/wp\/v2\/types\/page"}],"author":[{"embeddable":true,"href":"https:\/\/intlweloveu.org\/vi\/wp-json\/wp\/v2\/users\/2"}],"replies":[{"embeddable":true,"href":"https:\/\/intlweloveu.org\/vi\/wp-json\/wp\/v2\/comments?post=1838"}],"version-history":[{"count":5,"href":"https:\/\/intlweloveu.org\/vi\/wp-json\/wp\/v2\/pages\/1838\/revisions"}],"predecessor-version":[{"id":208653,"href":"https:\/\/intlweloveu.org\/vi\/wp-json\/wp\/v2\/pages\/1838\/revisions\/208653"}],"wp:featuredmedia":[{"embeddable":true,"href":"https:\/\/intlweloveu.org\/vi\/wp-json\/wp\/v2\/media\/28637"}],"wp:attachment":[{"href":"https:\/\/intlweloveu.org\/vi\/wp-json\/wp\/v2\/media?parent=1838"}],"curies":[{"name":"wp","href":"https:\/\/api.w.org\/{rel}","templated":true}]}}