{"id":1765,"date":"2025-02-12T07:54:00","date_gmt":"2025-02-12T07:54:00","guid":{"rendered":"https:\/\/intlweloveu.org\/clean-water\/"},"modified":"2025-12-26T06:28:52","modified_gmt":"2025-12-26T06:28:52","slug":"clean-water","status":"publish","type":"page","link":"https:\/\/intlweloveu.org\/vi\/clean-water\/","title":{"rendered":"\u0110\u1ea3m b\u1ea3o ngu\u1ed3n n\u01b0\u1edbc s\u1ea1ch &amp; \u0111i\u1ec1u ki\u1ec7n v\u1ec7 sinh"},"content":{"rendered":"<p class=\"desc\">Ng\u01b0\u1eddi d\u00e2n nhi\u1ec1u n\u01b0\u1edbc \u0111ang b\u1ecb uy hi\u1ebfp s\u1ef1 s\u1ed1ng b\u1edfi thi\u1ebfu thi\u1ebft b\u1ecb n\u01b0\u1edbc u\u1ed1ng &amp; thi\u1ebft b\u1ecb v\u1ec7 sinh th\u00edch h\u1ee3p, s\u1ef1 qu\u1ea3n l\u00fd n\u01b0\u1edbc th\u1ea3i kh\u00f4ng an to\u00e0n v.v\u2026 Qu\u1ef9 l\u1eafp \u0111\u1eb7t thi\u1ebft b\u1ecb cung c\u1ea5p n\u01b0\u1edbc nh\u01b0 m\u00e1y b\u01a1m n\u01b0\u1edbc, th\u00f9ng n\u01b0\u1edbc, thi\u1ebft b\u1ecb n\u01b0\u1edbc m\u00e1y v.v\u2026 cho c\u00e1c qu\u1ed1c gia thi\u1ebfu n\u01b0\u1edbc \u1edf ch\u00e2u \u00c1, ch\u00e2u Phi, ph\u00f2ng tr\u00e1nh nguy hi\u1ec3m b\u1ec7nh t\u1eadt sinh ra t\u1eeb ngu\u1ed3n n\u01b0\u1edbc b\u1ecb \u00f4 nhi\u1ec5m v\u00e0 gi\u00fap x\u00e2y d\u1ef1ng m\u00f4i tr\u01b0\u1eddng v\u1ec7 sinh.<\/p><\/p>\n","protected":false},"excerpt":{"rendered":"H\u1ed7 tr\u1ee3 c\u00e1c c\u01a1 s\u1edf cung c\u1ea5p n\u01b0\u1edbc s\u1ea1ch <br>\n\u1edf nh\u1eefng khu v\u1ef1c khan hi\u1ebfm n\u01b0\u1edbc \u0111\u1ec3 ng\u0103n ng\u1eeba d\u1ecbch b\u1ec7nh","protected":false},"author":2,"featured_media":28622,"parent":0,"menu_order":0,"comment_status":"closed","ping_status":"closed","template":"","meta":{"footnotes":""},"class_list":["post-1765","page","type-page","status-publish","has-post-thumbnail","hentry"],"yoast_head":"<!-- This site is optimized with the Yoast SEO plugin v26.8 - https:\/\/yoast.com\/product\/yoast-seo-wordpress\/ -->\n<title>\u0110\u1ea3m b\u1ea3o ngu\u1ed3n n\u01b0\u1edbc s\u1ea1ch &amp; \u0111i\u1ec1u ki\u1ec7n v\u1ec7 sinh - Qu\u1ef9 WeLoveU Qu\u1ed1c t\u1ebf<\/title>\n<meta name=\"robots\" content=\"index, follow, max-snippet:-1, max-image-preview:large, max-video-preview:-1\" \/>\n<link rel=\"canonical\" href=\"https:\/\/intlweloveu.org\/vi\/clean-water\/\" \/>\n<meta property=\"og:locale\" content=\"vi_VN\" \/>\n<meta property=\"og:type\" content=\"article\" \/>\n<meta property=\"og:title\" content=\"\u0110\u1ea3m b\u1ea3o ngu\u1ed3n n\u01b0\u1edbc s\u1ea1ch &amp; \u0111i\u1ec1u ki\u1ec7n v\u1ec7 sinh - Qu\u1ef9 WeLoveU Qu\u1ed1c t\u1ebf\" \/>\n<meta property=\"og:description\" content=\"H\u1ed7 tr\u1ee3 c\u00e1c c\u01a1 s\u1edf cung c\u1ea5p n\u01b0\u1edbc s\u1ea1ch \u1edf nh\u1eefng khu v\u1ef1c khan hi\u1ebfm n\u01b0\u1edbc \u0111\u1ec3 ng\u0103n ng\u1eeba d\u1ecbch b\u1ec7nh\" \/>\n<meta property=\"og:url\" content=\"https:\/\/intlweloveu.org\/vi\/clean-water\/\" \/>\n<meta property=\"og:site_name\" content=\"Qu\u1ef9 WeLoveU Qu\u1ed1c t\u1ebf\" \/>\n<meta property=\"article:modified_time\" content=\"2025-12-26T06:28:52+00:00\" \/>\n<meta property=\"og:image\" content=\"https:\/\/intlweloveu.org\/wp-content\/uploads\/2025\/10\/thum_WeLoveU_project5.jpg\" \/>\n\t<meta property=\"og:image:width\" content=\"1200\" \/>\n\t<meta property=\"og:image:height\" content=\"630\" \/>\n\t<meta property=\"og:image:type\" content=\"image\/jpeg\" \/>\n<meta name=\"twitter:card\" content=\"summary_large_image\" \/>\n<meta name=\"twitter:label1\" content=\"\u01af\u1edbc t\u00ednh th\u1eddi gian \u0111\u1ecdc\" \/>\n\t<meta name=\"twitter:data1\" content=\"1 ph\u00fat\" \/>\n<script type=\"application\/ld+json\" class=\"yoast-schema-graph\">{\"@context\":\"https:\/\/schema.org\",\"@graph\":[{\"@type\":\"WebPage\",\"@id\":\"https:\/\/intlweloveu.org\/vi\/clean-water\/\",\"url\":\"https:\/\/intlweloveu.org\/vi\/clean-water\/\",\"name\":\"\u0110\u1ea3m b\u1ea3o ngu\u1ed3n n\u01b0\u1edbc s\u1ea1ch &amp; \u0111i\u1ec1u ki\u1ec7n v\u1ec7 sinh - Qu\u1ef9 WeLoveU Qu\u1ed1c t\u1ebf\",\"isPartOf\":{\"@id\":\"https:\/\/intlweloveu.org\/#website\"},\"primaryImageOfPage\":{\"@id\":\"https:\/\/intlweloveu.org\/vi\/clean-water\/#primaryimage\"},\"image\":{\"@id\":\"https:\/\/intlweloveu.org\/vi\/clean-water\/#primaryimage\"},\"thumbnailUrl\":\"https:\/\/intlweloveu.org\/wp-content\/uploads\/2025\/10\/thum_WeLoveU_project5.jpg\",\"datePublished\":\"2025-02-12T07:54:00+00:00\",\"dateModified\":\"2025-12-26T06:28:52+00:00\",\"breadcrumb\":{\"@id\":\"https:\/\/intlweloveu.org\/vi\/clean-water\/#breadcrumb\"},\"inLanguage\":\"vi\",\"potentialAction\":[{\"@type\":\"ReadAction\",\"target\":[\"https:\/\/intlweloveu.org\/vi\/clean-water\/\"]}]},{\"@type\":\"ImageObject\",\"inLanguage\":\"vi\",\"@id\":\"https:\/\/intlweloveu.org\/vi\/clean-water\/#primaryimage\",\"url\":\"https:\/\/intlweloveu.org\/wp-content\/uploads\/2025\/10\/thum_WeLoveU_project5.jpg\",\"contentUrl\":\"https:\/\/intlweloveu.org\/wp-content\/uploads\/2025\/10\/thum_WeLoveU_project5.jpg\",\"width\":1200,\"height\":630},{\"@type\":\"BreadcrumbList\",\"@id\":\"https:\/\/intlweloveu.org\/vi\/clean-water\/#breadcrumb\",\"itemListElement\":[{\"@type\":\"ListItem\",\"position\":1,\"name\":\"\ud648\",\"item\":\"https:\/\/intlweloveu.org\/vi\/\"},{\"@type\":\"ListItem\",\"position\":2,\"name\":\"\u0110\u1ea3m b\u1ea3o ngu\u1ed3n n\u01b0\u1edbc s\u1ea1ch &amp; \u0111i\u1ec1u ki\u1ec7n v\u1ec7 sinh\"}]},{\"@type\":\"WebSite\",\"@id\":\"https:\/\/intlweloveu.org\/#website\",\"url\":\"https:\/\/intlweloveu.org\/\",\"name\":\"The Intl. WeLoveU Foundation\",\"description\":\"T\u00ecnh y\u00eau th\u01b0\u01a1ng c\u1ee7a m\u1eb9 \u0111\u01b0\u1ee3c truy\u1ec1n kh\u1eafp th\u1ebf gian\",\"alternateName\":\"\uad6d\uc81c\uc704\ub7ec\ube0c\uc720\uc6b4\ub3d9\ubcf8\ubd80\",\"potentialAction\":[{\"@type\":\"SearchAction\",\"target\":{\"@type\":\"EntryPoint\",\"urlTemplate\":\"https:\/\/intlweloveu.org\/?s={search_term_string}\"},\"query-input\":{\"@type\":\"PropertyValueSpecification\",\"valueRequired\":true,\"valueName\":\"search_term_string\"}}],\"inLanguage\":\"vi\"}]}<\/script>\n<!-- \/ Yoast SEO plugin. -->","yoast_head_json":{"title":"\u0110\u1ea3m b\u1ea3o ngu\u1ed3n n\u01b0\u1edbc s\u1ea1ch &amp; \u0111i\u1ec1u ki\u1ec7n v\u1ec7 sinh - Qu\u1ef9 WeLoveU Qu\u1ed1c t\u1ebf","robots":{"index":"index","follow":"follow","max-snippet":"max-snippet:-1","max-image-preview":"max-image-preview:large","max-video-preview":"max-video-preview:-1"},"canonical":"https:\/\/intlweloveu.org\/vi\/clean-water\/","og_locale":"vi_VN","og_type":"article","og_title":"\u0110\u1ea3m b\u1ea3o ngu\u1ed3n n\u01b0\u1edbc s\u1ea1ch &amp; \u0111i\u1ec1u ki\u1ec7n v\u1ec7 sinh - Qu\u1ef9 WeLoveU Qu\u1ed1c t\u1ebf","og_description":"H\u1ed7 tr\u1ee3 c\u00e1c c\u01a1 s\u1edf cung c\u1ea5p n\u01b0\u1edbc s\u1ea1ch \u1edf nh\u1eefng khu v\u1ef1c khan hi\u1ebfm n\u01b0\u1edbc \u0111\u1ec3 ng\u0103n ng\u1eeba d\u1ecbch b\u1ec7nh","og_url":"https:\/\/intlweloveu.org\/vi\/clean-water\/","og_site_name":"Qu\u1ef9 WeLoveU Qu\u1ed1c t\u1ebf","article_modified_time":"2025-12-26T06:28:52+00:00","og_image":[{"width":1200,"height":630,"url":"https:\/\/intlweloveu.org\/wp-content\/uploads\/2025\/10\/thum_WeLoveU_project5.jpg","type":"image\/jpeg"}],"twitter_card":"summary_large_image","twitter_misc":{"\u01af\u1edbc t\u00ednh th\u1eddi gian \u0111\u1ecdc":"1 ph\u00fat"},"schema":{"@context":"https:\/\/schema.org","@graph":[{"@type":"WebPage","@id":"https:\/\/intlweloveu.org\/vi\/clean-water\/","url":"https:\/\/intlweloveu.org\/vi\/clean-water\/","name":"\u0110\u1ea3m b\u1ea3o ngu\u1ed3n n\u01b0\u1edbc s\u1ea1ch &amp; \u0111i\u1ec1u ki\u1ec7n v\u1ec7 sinh - Qu\u1ef9 WeLoveU Qu\u1ed1c t\u1ebf","isPartOf":{"@id":"https:\/\/intlweloveu.org\/#website"},"primaryImageOfPage":{"@id":"https:\/\/intlweloveu.org\/vi\/clean-water\/#primaryimage"},"image":{"@id":"https:\/\/intlweloveu.org\/vi\/clean-water\/#primaryimage"},"thumbnailUrl":"https:\/\/intlweloveu.org\/wp-content\/uploads\/2025\/10\/thum_WeLoveU_project5.jpg","datePublished":"2025-02-12T07:54:00+00:00","dateModified":"2025-12-26T06:28:52+00:00","breadcrumb":{"@id":"https:\/\/intlweloveu.org\/vi\/clean-water\/#breadcrumb"},"inLanguage":"vi","potentialAction":[{"@type":"ReadAction","target":["https:\/\/intlweloveu.org\/vi\/clean-water\/"]}]},{"@type":"ImageObject","inLanguage":"vi","@id":"https:\/\/intlweloveu.org\/vi\/clean-water\/#primaryimage","url":"https:\/\/intlweloveu.org\/wp-content\/uploads\/2025\/10\/thum_WeLoveU_project5.jpg","contentUrl":"https:\/\/intlweloveu.org\/wp-content\/uploads\/2025\/10\/thum_WeLoveU_project5.jpg","width":1200,"height":630},{"@type":"BreadcrumbList","@id":"https:\/\/intlweloveu.org\/vi\/clean-water\/#breadcrumb","itemListElement":[{"@type":"ListItem","position":1,"name":"\ud648","item":"https:\/\/intlweloveu.org\/vi\/"},{"@type":"ListItem","position":2,"name":"\u0110\u1ea3m b\u1ea3o ngu\u1ed3n n\u01b0\u1edbc s\u1ea1ch &amp; \u0111i\u1ec1u ki\u1ec7n v\u1ec7 sinh"}]},{"@type":"WebSite","@id":"https:\/\/intlweloveu.org\/#website","url":"https:\/\/intlweloveu.org\/","name":"The Intl. WeLoveU Foundation","description":"T\u00ecnh y\u00eau th\u01b0\u01a1ng c\u1ee7a m\u1eb9 \u0111\u01b0\u1ee3c truy\u1ec1n kh\u1eafp th\u1ebf gian","alternateName":"\uad6d\uc81c\uc704\ub7ec\ube0c\uc720\uc6b4\ub3d9\ubcf8\ubd80","potentialAction":[{"@type":"SearchAction","target":{"@type":"EntryPoint","urlTemplate":"https:\/\/intlweloveu.org\/?s={search_term_string}"},"query-input":{"@type":"PropertyValueSpecification","valueRequired":true,"valueName":"search_term_string"}}],"inLanguage":"vi"}]}},"_links":{"self":[{"href":"https:\/\/intlweloveu.org\/vi\/wp-json\/wp\/v2\/pages\/1765","targetHints":{"allow":["GET"]}}],"collection":[{"href":"https:\/\/intlweloveu.org\/vi\/wp-json\/wp\/v2\/pages"}],"about":[{"href":"https:\/\/intlweloveu.org\/vi\/wp-json\/wp\/v2\/types\/page"}],"author":[{"embeddable":true,"href":"https:\/\/intlweloveu.org\/vi\/wp-json\/wp\/v2\/users\/2"}],"replies":[{"embeddable":true,"href":"https:\/\/intlweloveu.org\/vi\/wp-json\/wp\/v2\/comments?post=1765"}],"version-history":[{"count":5,"href":"https:\/\/intlweloveu.org\/vi\/wp-json\/wp\/v2\/pages\/1765\/revisions"}],"predecessor-version":[{"id":208652,"href":"https:\/\/intlweloveu.org\/vi\/wp-json\/wp\/v2\/pages\/1765\/revisions\/208652"}],"wp:featuredmedia":[{"embeddable":true,"href":"https:\/\/intlweloveu.org\/vi\/wp-json\/wp\/v2\/media\/28622"}],"wp:attachment":[{"href":"https:\/\/intlweloveu.org\/vi\/wp-json\/wp\/v2\/media?parent=1765"}],"curies":[{"name":"wp","href":"https:\/\/api.w.org\/{rel}","templated":true}]}}