{"id":1755,"date":"2025-02-12T07:51:24","date_gmt":"2025-02-12T07:51:24","guid":{"rendered":"https:\/\/intlweloveu.org\/environmental\/"},"modified":"2025-12-26T06:28:09","modified_gmt":"2025-12-26T06:28:09","slug":"environmental","status":"publish","type":"page","link":"https:\/\/intlweloveu.org\/vi\/environmental\/","title":{"rendered":"B\u1ea3o t\u1ed3n m\u00f4i tr\u01b0\u1eddng"},"content":{"rendered":"<p class=\"desc\">Bi\u1ebfn \u0111\u1ed5i kh\u00ed h\u1eadu, s\u1ef1 n\u00f3ng l\u00ean to\u00e0n c\u1ea7u, \u00f4 nhi\u1ec5m m\u00f4i tr\u01b0\u1eddng v.v\u2026 khi\u1ebfn m\u1ef1c n\u01b0\u1edbc bi\u1ec3n d\u00e2ng cao, t\u1ea1o ra kh\u00ed gas nh\u00e0 k\u00ednh, th\u1ea3m h\u1ecda m\u00f4i tr\u01b0\u1eddng v.v\u2026 uy hi\u1ebfp cu\u1ed9c s\u1ed1ng h\u00f2a b\u00ecnh v\u00e0 \u1ed5n \u0111\u1ecbnh c\u1ee7a nh\u00e2n lo\u1ea1i, c\u0169ng uy hi\u1ebfp s\u1ef1 c\u00f9ng t\u1ed3n t\u1ea1i h\u00e0i h\u00f2a gi\u1eefa con ng\u01b0\u1eddi v\u00e0 thi\u00ean nhi\u00ean. Th\u00f4ng qua V\u1eadn \u0111\u1ed9ng Clean WORLD, l\u00e0 v\u1eadn \u0111\u1ed9ng ph\u00fac l\u1ee3i m\u00f4i tr\u01b0\u1eddng, Qu\u1ef9 WeLoveU Qu\u1ed1c t\u1ebf l\u00e0m s\u1ea1ch th\u00e0nh ph\u1ed1, c\u00f4ng vi\u00ean, n\u00fai, s\u00f4ng v\u00e0 bi\u1ec3n b\u1ecb \u00f4 nhi\u1ec5m \u1edf c\u00e1c n\u01b0\u1edbc tr\u00ean th\u1ebf gi\u1edbi, \u0111\u1ed3ng th\u1eddi ti\u1ebfn h\u00e0nh tr\u1ed3ng c\u00e2y, ho\u1ea1t \u0111\u1ed9ng ph\u00f2ng tr\u00e1nh sa m\u1ea1c h\u00f3a, b\u1ea3o v\u1ec7 h\u1ec7 sinh th\u00e1i, chi\u1ebfn d\u1ecbch b\u1ea3o v\u1ec7 m\u00f4i tr\u01b0\u1eddng, gi\u00e1o d\u1ee5c b\u1ea3o v\u1ec7 m\u00f4i tr\u01b0\u1eddng &amp; h\u1ed9i th\u1ea3o v.v\u2026<\/p>\n","protected":false},"excerpt":{"rendered":"C\u1ea3i thi\u1ec7n m\u00f4i tr\u01b0\u1eddng to\u00e0n c\u1ea7u <br>\nth\u00f4ng qua \u1ee9ng ph\u00f3 v\u1edbi kh\u1ee7ng ho\u1ea3ng kh\u00ed h\u1eadu v\u00e0 V\u1eadn \u0111\u1ed9ng Clean WORLD","protected":false},"author":2,"featured_media":28609,"parent":0,"menu_order":0,"comment_status":"closed","ping_status":"closed","template":"","meta":{"footnotes":""},"class_list":["post-1755","page","type-page","status-publish","has-post-thumbnail","hentry"],"yoast_head":"<!-- This site is optimized with the Yoast SEO plugin v26.8 - https:\/\/yoast.com\/product\/yoast-seo-wordpress\/ -->\n<title>B\u1ea3o t\u1ed3n m\u00f4i tr\u01b0\u1eddng - Qu\u1ef9 WeLoveU Qu\u1ed1c t\u1ebf<\/title>\n<meta name=\"robots\" content=\"index, follow, max-snippet:-1, max-image-preview:large, max-video-preview:-1\" \/>\n<link rel=\"canonical\" href=\"https:\/\/intlweloveu.org\/vi\/environmental\/\" \/>\n<meta property=\"og:locale\" content=\"vi_VN\" \/>\n<meta property=\"og:type\" content=\"article\" \/>\n<meta property=\"og:title\" content=\"B\u1ea3o t\u1ed3n m\u00f4i tr\u01b0\u1eddng - Qu\u1ef9 WeLoveU Qu\u1ed1c t\u1ebf\" \/>\n<meta property=\"og:description\" content=\"C\u1ea3i thi\u1ec7n m\u00f4i tr\u01b0\u1eddng to\u00e0n c\u1ea7u th\u00f4ng qua \u1ee9ng ph\u00f3 v\u1edbi kh\u1ee7ng ho\u1ea3ng kh\u00ed h\u1eadu v\u00e0 V\u1eadn \u0111\u1ed9ng Clean WORLD\" \/>\n<meta property=\"og:url\" content=\"https:\/\/intlweloveu.org\/vi\/environmental\/\" \/>\n<meta property=\"og:site_name\" content=\"Qu\u1ef9 WeLoveU Qu\u1ed1c t\u1ebf\" \/>\n<meta property=\"article:modified_time\" content=\"2025-12-26T06:28:09+00:00\" \/>\n<meta property=\"og:image\" content=\"https:\/\/intlweloveu.org\/wp-content\/uploads\/2025\/10\/thum_WeLoveU_project4.jpg\" \/>\n\t<meta property=\"og:image:width\" content=\"1200\" \/>\n\t<meta property=\"og:image:height\" content=\"630\" \/>\n\t<meta property=\"og:image:type\" content=\"image\/jpeg\" \/>\n<meta name=\"twitter:card\" content=\"summary_large_image\" \/>\n<meta name=\"twitter:label1\" content=\"\u01af\u1edbc t\u00ednh th\u1eddi gian \u0111\u1ecdc\" \/>\n\t<meta name=\"twitter:data1\" content=\"1 ph\u00fat\" \/>\n<script type=\"application\/ld+json\" class=\"yoast-schema-graph\">{\"@context\":\"https:\/\/schema.org\",\"@graph\":[{\"@type\":\"WebPage\",\"@id\":\"https:\/\/intlweloveu.org\/vi\/environmental\/\",\"url\":\"https:\/\/intlweloveu.org\/vi\/environmental\/\",\"name\":\"B\u1ea3o t\u1ed3n m\u00f4i tr\u01b0\u1eddng - Qu\u1ef9 WeLoveU Qu\u1ed1c t\u1ebf\",\"isPartOf\":{\"@id\":\"https:\/\/intlweloveu.org\/#website\"},\"primaryImageOfPage\":{\"@id\":\"https:\/\/intlweloveu.org\/vi\/environmental\/#primaryimage\"},\"image\":{\"@id\":\"https:\/\/intlweloveu.org\/vi\/environmental\/#primaryimage\"},\"thumbnailUrl\":\"https:\/\/intlweloveu.org\/wp-content\/uploads\/2025\/10\/thum_WeLoveU_project4.jpg\",\"datePublished\":\"2025-02-12T07:51:24+00:00\",\"dateModified\":\"2025-12-26T06:28:09+00:00\",\"breadcrumb\":{\"@id\":\"https:\/\/intlweloveu.org\/vi\/environmental\/#breadcrumb\"},\"inLanguage\":\"vi\",\"potentialAction\":[{\"@type\":\"ReadAction\",\"target\":[\"https:\/\/intlweloveu.org\/vi\/environmental\/\"]}]},{\"@type\":\"ImageObject\",\"inLanguage\":\"vi\",\"@id\":\"https:\/\/intlweloveu.org\/vi\/environmental\/#primaryimage\",\"url\":\"https:\/\/intlweloveu.org\/wp-content\/uploads\/2025\/10\/thum_WeLoveU_project4.jpg\",\"contentUrl\":\"https:\/\/intlweloveu.org\/wp-content\/uploads\/2025\/10\/thum_WeLoveU_project4.jpg\",\"width\":1200,\"height\":630},{\"@type\":\"BreadcrumbList\",\"@id\":\"https:\/\/intlweloveu.org\/vi\/environmental\/#breadcrumb\",\"itemListElement\":[{\"@type\":\"ListItem\",\"position\":1,\"name\":\"\ud648\",\"item\":\"https:\/\/intlweloveu.org\/vi\/\"},{\"@type\":\"ListItem\",\"position\":2,\"name\":\"B\u1ea3o t\u1ed3n m\u00f4i tr\u01b0\u1eddng\"}]},{\"@type\":\"WebSite\",\"@id\":\"https:\/\/intlweloveu.org\/#website\",\"url\":\"https:\/\/intlweloveu.org\/\",\"name\":\"The Intl. WeLoveU Foundation\",\"description\":\"T\u00ecnh y\u00eau th\u01b0\u01a1ng c\u1ee7a m\u1eb9 \u0111\u01b0\u1ee3c truy\u1ec1n kh\u1eafp th\u1ebf gian\",\"alternateName\":\"\uad6d\uc81c\uc704\ub7ec\ube0c\uc720\uc6b4\ub3d9\ubcf8\ubd80\",\"potentialAction\":[{\"@type\":\"SearchAction\",\"target\":{\"@type\":\"EntryPoint\",\"urlTemplate\":\"https:\/\/intlweloveu.org\/?s={search_term_string}\"},\"query-input\":{\"@type\":\"PropertyValueSpecification\",\"valueRequired\":true,\"valueName\":\"search_term_string\"}}],\"inLanguage\":\"vi\"}]}<\/script>\n<!-- \/ Yoast SEO plugin. -->","yoast_head_json":{"title":"B\u1ea3o t\u1ed3n m\u00f4i tr\u01b0\u1eddng - Qu\u1ef9 WeLoveU Qu\u1ed1c t\u1ebf","robots":{"index":"index","follow":"follow","max-snippet":"max-snippet:-1","max-image-preview":"max-image-preview:large","max-video-preview":"max-video-preview:-1"},"canonical":"https:\/\/intlweloveu.org\/vi\/environmental\/","og_locale":"vi_VN","og_type":"article","og_title":"B\u1ea3o t\u1ed3n m\u00f4i tr\u01b0\u1eddng - Qu\u1ef9 WeLoveU Qu\u1ed1c t\u1ebf","og_description":"C\u1ea3i thi\u1ec7n m\u00f4i tr\u01b0\u1eddng to\u00e0n c\u1ea7u th\u00f4ng qua \u1ee9ng ph\u00f3 v\u1edbi kh\u1ee7ng ho\u1ea3ng kh\u00ed h\u1eadu v\u00e0 V\u1eadn \u0111\u1ed9ng Clean WORLD","og_url":"https:\/\/intlweloveu.org\/vi\/environmental\/","og_site_name":"Qu\u1ef9 WeLoveU Qu\u1ed1c t\u1ebf","article_modified_time":"2025-12-26T06:28:09+00:00","og_image":[{"width":1200,"height":630,"url":"https:\/\/intlweloveu.org\/wp-content\/uploads\/2025\/10\/thum_WeLoveU_project4.jpg","type":"image\/jpeg"}],"twitter_card":"summary_large_image","twitter_misc":{"\u01af\u1edbc t\u00ednh th\u1eddi gian \u0111\u1ecdc":"1 ph\u00fat"},"schema":{"@context":"https:\/\/schema.org","@graph":[{"@type":"WebPage","@id":"https:\/\/intlweloveu.org\/vi\/environmental\/","url":"https:\/\/intlweloveu.org\/vi\/environmental\/","name":"B\u1ea3o t\u1ed3n m\u00f4i tr\u01b0\u1eddng - Qu\u1ef9 WeLoveU Qu\u1ed1c t\u1ebf","isPartOf":{"@id":"https:\/\/intlweloveu.org\/#website"},"primaryImageOfPage":{"@id":"https:\/\/intlweloveu.org\/vi\/environmental\/#primaryimage"},"image":{"@id":"https:\/\/intlweloveu.org\/vi\/environmental\/#primaryimage"},"thumbnailUrl":"https:\/\/intlweloveu.org\/wp-content\/uploads\/2025\/10\/thum_WeLoveU_project4.jpg","datePublished":"2025-02-12T07:51:24+00:00","dateModified":"2025-12-26T06:28:09+00:00","breadcrumb":{"@id":"https:\/\/intlweloveu.org\/vi\/environmental\/#breadcrumb"},"inLanguage":"vi","potentialAction":[{"@type":"ReadAction","target":["https:\/\/intlweloveu.org\/vi\/environmental\/"]}]},{"@type":"ImageObject","inLanguage":"vi","@id":"https:\/\/intlweloveu.org\/vi\/environmental\/#primaryimage","url":"https:\/\/intlweloveu.org\/wp-content\/uploads\/2025\/10\/thum_WeLoveU_project4.jpg","contentUrl":"https:\/\/intlweloveu.org\/wp-content\/uploads\/2025\/10\/thum_WeLoveU_project4.jpg","width":1200,"height":630},{"@type":"BreadcrumbList","@id":"https:\/\/intlweloveu.org\/vi\/environmental\/#breadcrumb","itemListElement":[{"@type":"ListItem","position":1,"name":"\ud648","item":"https:\/\/intlweloveu.org\/vi\/"},{"@type":"ListItem","position":2,"name":"B\u1ea3o t\u1ed3n m\u00f4i tr\u01b0\u1eddng"}]},{"@type":"WebSite","@id":"https:\/\/intlweloveu.org\/#website","url":"https:\/\/intlweloveu.org\/","name":"The Intl. WeLoveU Foundation","description":"T\u00ecnh y\u00eau th\u01b0\u01a1ng c\u1ee7a m\u1eb9 \u0111\u01b0\u1ee3c truy\u1ec1n kh\u1eafp th\u1ebf gian","alternateName":"\uad6d\uc81c\uc704\ub7ec\ube0c\uc720\uc6b4\ub3d9\ubcf8\ubd80","potentialAction":[{"@type":"SearchAction","target":{"@type":"EntryPoint","urlTemplate":"https:\/\/intlweloveu.org\/?s={search_term_string}"},"query-input":{"@type":"PropertyValueSpecification","valueRequired":true,"valueName":"search_term_string"}}],"inLanguage":"vi"}]}},"_links":{"self":[{"href":"https:\/\/intlweloveu.org\/vi\/wp-json\/wp\/v2\/pages\/1755","targetHints":{"allow":["GET"]}}],"collection":[{"href":"https:\/\/intlweloveu.org\/vi\/wp-json\/wp\/v2\/pages"}],"about":[{"href":"https:\/\/intlweloveu.org\/vi\/wp-json\/wp\/v2\/types\/page"}],"author":[{"embeddable":true,"href":"https:\/\/intlweloveu.org\/vi\/wp-json\/wp\/v2\/users\/2"}],"replies":[{"embeddable":true,"href":"https:\/\/intlweloveu.org\/vi\/wp-json\/wp\/v2\/comments?post=1755"}],"version-history":[{"count":5,"href":"https:\/\/intlweloveu.org\/vi\/wp-json\/wp\/v2\/pages\/1755\/revisions"}],"predecessor-version":[{"id":208637,"href":"https:\/\/intlweloveu.org\/vi\/wp-json\/wp\/v2\/pages\/1755\/revisions\/208637"}],"wp:featuredmedia":[{"embeddable":true,"href":"https:\/\/intlweloveu.org\/vi\/wp-json\/wp\/v2\/media\/28609"}],"wp:attachment":[{"href":"https:\/\/intlweloveu.org\/vi\/wp-json\/wp\/v2\/media?parent=1755"}],"curies":[{"name":"wp","href":"https:\/\/api.w.org\/{rel}","templated":true}]}}