{"id":938,"date":"2025-02-12T01:45:53","date_gmt":"2025-02-12T01:45:53","guid":{"rendered":"https:\/\/intlweloveu.org\/introduction\/"},"modified":"2025-12-04T01:22:01","modified_gmt":"2025-12-04T01:22:01","slug":"introduction","status":"publish","type":"page","link":"https:\/\/intlweloveu.org\/es\/introduction\/","title":{"rendered":"Introducci\u00f3n"},"content":{"rendered":"<section class=\"wp-block-group section about bg-gray\">\n<div class=\"wp-block-group__inner-container is-layout-constrained wp-block-group-is-layout-constrained\">\n<div class=\"wp-block-group container\">\n<div class=\"wp-block-group__inner-container is-layout-constrained wp-block-group-is-layout-constrained\">\n<div class=\"wp-block-columns is-layout-flex wp-container-core-columns-is-layout-9d6595d7 wp-block-columns-is-layout-flex\">\n<div class=\"wp-block-column is-layout-flow wp-block-column-is-layout-flow\" style=\"flex-basis:33.33%\">\n<h2 class=\"wp-block-heading typo-headline mg-b-16 mg-lgfix-b-36 sm-slide-Fide-In-Up\">Qui\u00e9nes somos<\/h2>\n<\/div>\n<div class=\"wp-block-column text-wrap sm-set is-layout-flow wp-block-column-is-layout-flow\" style=\"flex-basis:66.66%\">\n<p class=\"sm-slide-Fide-In-Up sm-item\">La Fundaci\u00f3n Internacional WeLoveU lleva a cabo actividades globales de caridad para que nuestro pr\u00f3jimo en todo el mundo que atraviesa necesidades debido a los desastres, enfermedades, pobreza, etc., pueda vivir en paz, siendo respetado sin discriminaci\u00f3n y m\u00e1s all\u00e1 de la nacionalidad, la raza, el idioma y la cultura.<\/p>\n<p class=\"sm-slide-Fide-In-Up sm-item\">No es exagerado decir que la madre es sin\u00f3nimo de respeto. As\u00ed como una madre aprecia a cada uno de los miembros de su familia y no escatima su amor y sacrificio por la vida y armon\u00eda de ellos, la Fundaci\u00f3n Internacional WeLoveU lleva a cabo servicios humanitarios con el coraz\u00f3n de una madre, considerando al mundo como una familia.<\/p>\n<p class=\"sm-slide-Fide-In-Up sm-item\">La Fundaci\u00f3n Internacional WeLoveU comenz\u00f3 en Corea en la d\u00e9cada de 1990. Desde su lanzamiento oficial en 2001, m\u00e1s de 155 000 miembros en 249 regiones de 73 pa\u00edses han estado haciendo esfuerzos multidimensionales para mejorar el bienestar de los desfavorecidos de la sociedad como ni\u00f1os, mujeres, ancianos, discapacitados, v\u00edctimas de desastres, refugiados y pobres, y para crear comunicaci\u00f3n y armon\u00eda en las comunidades.<\/p>\n<p class=\"sm-slide-Fide-In-Up sm-item\">Aprobada para la asociaci\u00f3n con el Departamento de Comunicaci\u00f3n Global de las Naciones Unidas (DCG) en 2018, la Fundaci\u00f3n Internacional WeLoveU se ha establecido como una ONG internacional. Como una ONG internacional asociada con el Departamento de Comunicaci\u00f3n Global de las Naciones Unidas (DCG), la Fundaci\u00f3n Internacional WeLoveU apoya la consecuci\u00f3n de los ODS de las Naciones Unidas, el mayor objetivo com\u00fan de la sociedad global, y establece redes y asociaciones globales con gobiernos, municipios e instituciones cruzando las fronteras nacionales, para el bienestar sostenible del mundo.<\/p>\n<\/div>\n<\/div>\n<\/div>\n<\/div>\n<\/div>\n<\/section>\n<section class=\"wp-block-group section video\">\n<div class=\"wp-block-group__inner-container is-layout-constrained wp-block-group-is-layout-constrained\">\n<div class=\"wp-block-group container\">\n<div class=\"wp-block-group__inner-container is-layout-constrained wp-block-group-is-layout-constrained\">\n<h2 class=\"wp-block-heading typo-headline mg-b-16 mg-lgfix-b-36 sm-slide-Fide-In-Up\">V\u00eddeo<\/h2>\n<figure class=\"wp-block-embed is-type-video is-provider-youtube wp-block-embed-youtube wp-embed-aspect-16-9 wp-has-aspect-ratio sm-slide-Fide-In-Up sm-item\">\n<div class=\"wp-block-embed__wrapper\">\n<iframe loading=\"lazy\" title=\"Esperanza para las personas con el coraz\u00f3n de una madre | Chairwoman Zahng Gil-jah\" width=\"500\" height=\"281\" src=\"https:\/\/www.youtube.com\/embed\/_Q6nzbBWSyE?feature=oembed\" frameborder=\"0\" allow=\"accelerometer; autoplay; clipboard-write; encrypted-media; gyroscope; picture-in-picture; web-share\" referrerpolicy=\"strict-origin-when-cross-origin\" allowfullscreen><\/iframe>\n<\/div>\n<\/figure>\n<\/div>\n<\/div>\n<\/div>\n<\/section>\n","protected":false},"excerpt":{"rendered":"Nuestro objetivo es hacer del mundo un lugar mejor donde todos sean respetados, y se cree la paz sostenible.","protected":false},"author":2,"featured_media":26032,"parent":0,"menu_order":0,"comment_status":"closed","ping_status":"closed","template":"","meta":{"footnotes":""},"class_list":["post-938","page","type-page","status-publish","has-post-thumbnail","hentry"],"yoast_head":"<!-- This site is optimized with the Yoast SEO plugin v26.8 - https:\/\/yoast.com\/product\/yoast-seo-wordpress\/ -->\n<title>Introducci\u00f3n - Fundaci\u00f3n Internacional WeLoveU<\/title>\n<meta name=\"robots\" content=\"index, follow, max-snippet:-1, max-image-preview:large, max-video-preview:-1\" \/>\n<link rel=\"canonical\" href=\"https:\/\/intlweloveu.org\/es\/introduction\/\" \/>\n<meta property=\"og:locale\" content=\"es_ES\" \/>\n<meta property=\"og:type\" content=\"article\" \/>\n<meta property=\"og:title\" content=\"Introducci\u00f3n - Fundaci\u00f3n Internacional WeLoveU\" \/>\n<meta property=\"og:description\" content=\"Nuestro objetivo es hacer del mundo un lugar mejor donde todos sean respetados, y se cree la paz sostenible.\" \/>\n<meta property=\"og:url\" content=\"https:\/\/intlweloveu.org\/es\/introduction\/\" \/>\n<meta property=\"og:site_name\" content=\"Fundaci\u00f3n Internacional WeLoveU\" \/>\n<meta property=\"article:modified_time\" content=\"2025-12-04T01:22:01+00:00\" \/>\n<meta property=\"og:image\" content=\"https:\/\/intlweloveu.org\/wp-content\/uploads\/2025\/10\/thum_WeLoveU_introduction-scaled.jpg\" \/>\n\t<meta property=\"og:image:width\" content=\"2560\" \/>\n\t<meta property=\"og:image:height\" content=\"1383\" \/>\n\t<meta property=\"og:image:type\" content=\"image\/jpeg\" \/>\n<meta name=\"twitter:card\" content=\"summary_large_image\" \/>\n<meta name=\"twitter:label1\" content=\"Tiempo de lectura\" \/>\n\t<meta name=\"twitter:data1\" content=\"2 minutos\" \/>\n<script type=\"application\/ld+json\" class=\"yoast-schema-graph\">{\"@context\":\"https:\/\/schema.org\",\"@graph\":[{\"@type\":\"WebPage\",\"@id\":\"https:\/\/intlweloveu.org\/es\/introduction\/\",\"url\":\"https:\/\/intlweloveu.org\/es\/introduction\/\",\"name\":\"Introducci\u00f3n - Fundaci\u00f3n Internacional WeLoveU\",\"isPartOf\":{\"@id\":\"https:\/\/intlweloveu.org\/#website\"},\"primaryImageOfPage\":{\"@id\":\"https:\/\/intlweloveu.org\/es\/introduction\/#primaryimage\"},\"image\":{\"@id\":\"https:\/\/intlweloveu.org\/es\/introduction\/#primaryimage\"},\"thumbnailUrl\":\"https:\/\/intlweloveu.org\/wp-content\/uploads\/2025\/10\/thum_WeLoveU_introduction-scaled.jpg\",\"datePublished\":\"2025-02-12T01:45:53+00:00\",\"dateModified\":\"2025-12-04T01:22:01+00:00\",\"breadcrumb\":{\"@id\":\"https:\/\/intlweloveu.org\/es\/introduction\/#breadcrumb\"},\"inLanguage\":\"es\",\"potentialAction\":[{\"@type\":\"ReadAction\",\"target\":[\"https:\/\/intlweloveu.org\/es\/introduction\/\"]}]},{\"@type\":\"ImageObject\",\"inLanguage\":\"es\",\"@id\":\"https:\/\/intlweloveu.org\/es\/introduction\/#primaryimage\",\"url\":\"https:\/\/intlweloveu.org\/wp-content\/uploads\/2025\/10\/thum_WeLoveU_introduction-scaled.jpg\",\"contentUrl\":\"https:\/\/intlweloveu.org\/wp-content\/uploads\/2025\/10\/thum_WeLoveU_introduction-scaled.jpg\",\"width\":2560,\"height\":1383},{\"@type\":\"BreadcrumbList\",\"@id\":\"https:\/\/intlweloveu.org\/es\/introduction\/#breadcrumb\",\"itemListElement\":[{\"@type\":\"ListItem\",\"position\":1,\"name\":\"\ud648\",\"item\":\"https:\/\/intlweloveu.org\/es\/\"},{\"@type\":\"ListItem\",\"position\":2,\"name\":\"Introducci\u00f3n\"}]},{\"@type\":\"WebSite\",\"@id\":\"https:\/\/intlweloveu.org\/#website\",\"url\":\"https:\/\/intlweloveu.org\/\",\"name\":\"The Intl. WeLoveU Foundation\",\"description\":\"El Amor de la Madre al Mundo Entero\",\"alternateName\":\"\uad6d\uc81c\uc704\ub7ec\ube0c\uc720\uc6b4\ub3d9\ubcf8\ubd80\",\"potentialAction\":[{\"@type\":\"SearchAction\",\"target\":{\"@type\":\"EntryPoint\",\"urlTemplate\":\"https:\/\/intlweloveu.org\/?s={search_term_string}\"},\"query-input\":{\"@type\":\"PropertyValueSpecification\",\"valueRequired\":true,\"valueName\":\"search_term_string\"}}],\"inLanguage\":\"es\"}]}<\/script>\n<!-- \/ Yoast SEO plugin. -->","yoast_head_json":{"title":"Introducci\u00f3n - Fundaci\u00f3n Internacional WeLoveU","robots":{"index":"index","follow":"follow","max-snippet":"max-snippet:-1","max-image-preview":"max-image-preview:large","max-video-preview":"max-video-preview:-1"},"canonical":"https:\/\/intlweloveu.org\/es\/introduction\/","og_locale":"es_ES","og_type":"article","og_title":"Introducci\u00f3n - Fundaci\u00f3n Internacional WeLoveU","og_description":"Nuestro objetivo es hacer del mundo un lugar mejor donde todos sean respetados, y se cree la paz sostenible.","og_url":"https:\/\/intlweloveu.org\/es\/introduction\/","og_site_name":"Fundaci\u00f3n Internacional WeLoveU","article_modified_time":"2025-12-04T01:22:01+00:00","og_image":[{"width":2560,"height":1383,"url":"https:\/\/intlweloveu.org\/wp-content\/uploads\/2025\/10\/thum_WeLoveU_introduction-scaled.jpg","type":"image\/jpeg"}],"twitter_card":"summary_large_image","twitter_misc":{"Tiempo de lectura":"2 minutos"},"schema":{"@context":"https:\/\/schema.org","@graph":[{"@type":"WebPage","@id":"https:\/\/intlweloveu.org\/es\/introduction\/","url":"https:\/\/intlweloveu.org\/es\/introduction\/","name":"Introducci\u00f3n - Fundaci\u00f3n Internacional WeLoveU","isPartOf":{"@id":"https:\/\/intlweloveu.org\/#website"},"primaryImageOfPage":{"@id":"https:\/\/intlweloveu.org\/es\/introduction\/#primaryimage"},"image":{"@id":"https:\/\/intlweloveu.org\/es\/introduction\/#primaryimage"},"thumbnailUrl":"https:\/\/intlweloveu.org\/wp-content\/uploads\/2025\/10\/thum_WeLoveU_introduction-scaled.jpg","datePublished":"2025-02-12T01:45:53+00:00","dateModified":"2025-12-04T01:22:01+00:00","breadcrumb":{"@id":"https:\/\/intlweloveu.org\/es\/introduction\/#breadcrumb"},"inLanguage":"es","potentialAction":[{"@type":"ReadAction","target":["https:\/\/intlweloveu.org\/es\/introduction\/"]}]},{"@type":"ImageObject","inLanguage":"es","@id":"https:\/\/intlweloveu.org\/es\/introduction\/#primaryimage","url":"https:\/\/intlweloveu.org\/wp-content\/uploads\/2025\/10\/thum_WeLoveU_introduction-scaled.jpg","contentUrl":"https:\/\/intlweloveu.org\/wp-content\/uploads\/2025\/10\/thum_WeLoveU_introduction-scaled.jpg","width":2560,"height":1383},{"@type":"BreadcrumbList","@id":"https:\/\/intlweloveu.org\/es\/introduction\/#breadcrumb","itemListElement":[{"@type":"ListItem","position":1,"name":"\ud648","item":"https:\/\/intlweloveu.org\/es\/"},{"@type":"ListItem","position":2,"name":"Introducci\u00f3n"}]},{"@type":"WebSite","@id":"https:\/\/intlweloveu.org\/#website","url":"https:\/\/intlweloveu.org\/","name":"The Intl. WeLoveU Foundation","description":"El Amor de la Madre al Mundo Entero","alternateName":"\uad6d\uc81c\uc704\ub7ec\ube0c\uc720\uc6b4\ub3d9\ubcf8\ubd80","potentialAction":[{"@type":"SearchAction","target":{"@type":"EntryPoint","urlTemplate":"https:\/\/intlweloveu.org\/?s={search_term_string}"},"query-input":{"@type":"PropertyValueSpecification","valueRequired":true,"valueName":"search_term_string"}}],"inLanguage":"es"}]}},"_links":{"self":[{"href":"https:\/\/intlweloveu.org\/es\/wp-json\/wp\/v2\/pages\/938","targetHints":{"allow":["GET"]}}],"collection":[{"href":"https:\/\/intlweloveu.org\/es\/wp-json\/wp\/v2\/pages"}],"about":[{"href":"https:\/\/intlweloveu.org\/es\/wp-json\/wp\/v2\/types\/page"}],"author":[{"embeddable":true,"href":"https:\/\/intlweloveu.org\/es\/wp-json\/wp\/v2\/users\/2"}],"replies":[{"embeddable":true,"href":"https:\/\/intlweloveu.org\/es\/wp-json\/wp\/v2\/comments?post=938"}],"version-history":[{"count":5,"href":"https:\/\/intlweloveu.org\/es\/wp-json\/wp\/v2\/pages\/938\/revisions"}],"predecessor-version":[{"id":48561,"href":"https:\/\/intlweloveu.org\/es\/wp-json\/wp\/v2\/pages\/938\/revisions\/48561"}],"wp:featuredmedia":[{"embeddable":true,"href":"https:\/\/intlweloveu.org\/es\/wp-json\/wp\/v2\/media\/26032"}],"wp:attachment":[{"href":"https:\/\/intlweloveu.org\/es\/wp-json\/wp\/v2\/media?parent=938"}],"curies":[{"name":"wp","href":"https:\/\/api.w.org\/{rel}","templated":true}]}}