{"id":2695,"date":"2025-02-12T07:59:26","date_gmt":"2025-02-12T07:59:26","guid":{"rendered":"https:\/\/intlweloveu.org\/blood-drive\/"},"modified":"2025-12-23T07:01:17","modified_gmt":"2025-12-23T07:01:17","slug":"blood-drive","status":"publish","type":"page","link":"https:\/\/intlweloveu.org\/es\/blood-drive\/","title":{"rendered":"Campa\u00f1a de Donaci\u00f3n de Sangre Uno-Dos"},"content":{"rendered":"<div class=\"wp-block-group col-lg-4 total\">\n<div class=\"wp-block-group__inner-container is-layout-constrained wp-block-group-is-layout-constrained\">\n<h4 class=\"wp-block-heading\"><strong><strong>Total<\/strong><\/strong><\/h4>\n<div class=\"wp-block-group\">\n<div class=\"wp-block-group__inner-container is-layout-constrained wp-block-group-is-layout-constrained\">\n<h4 class=\"wp-block-heading\"><strong><strong>N.\u00ba de pa\u00edses participantes<\/strong><\/strong><\/h4>\n<p><strong>64<\/strong><\/p>\n<\/div>\n<\/div>\n<div class=\"wp-block-group\">\n<div class=\"wp-block-group__inner-container is-layout-constrained wp-block-group-is-layout-constrained\">\n<h4 class=\"wp-block-heading\"><strong><strong>N.\u00ba de campa\u00f1as de donaci\u00f3n de sangre<\/strong><\/strong><\/h4>\n<p><strong><mark style=\"background-color:rgba(0, 0, 0, 0);color:#00b585\" class=\"has-inline-color\">797<\/mark><\/strong><\/p>\n<\/div>\n<\/div>\n<div class=\"wp-block-group\">\n<div class=\"wp-block-group__inner-container is-layout-constrained wp-block-group-is-layout-constrained\">\n<h4 class=\"wp-block-heading\"><strong><strong>N.\u00ba de participantes<\/strong><\/strong><\/h4>\n<p><strong><mark style=\"background-color:rgba(0, 0, 0, 0);color:#027aff\" class=\"has-inline-color\">137 742<\/mark><\/strong><\/p>\n<\/div>\n<\/div>\n<div class=\"wp-block-group\">\n<div class=\"wp-block-group__inner-container is-layout-constrained wp-block-group-is-layout-constrained\">\n<h4 class=\"wp-block-heading\"><strong><strong>N.\u00ba de donantes<\/strong><\/strong><\/h4>\n<p><strong><mark style=\"background-color:rgba(0, 0, 0, 0);color:#fc4100\" class=\"has-inline-color\">61 797<\/mark><\/strong><\/p>\n<\/div>\n<\/div>\n<\/div>\n<\/div>\n<div class=\"wp-block-group col-lg-8 detail\">\n<div class=\"wp-block-group__inner-container is-layout-constrained wp-block-group-is-layout-constrained\">\n<figure class=\"wp-block-table\">\n<table>\n<tbody>\n<tr>\n<th>A\u00f1o<\/th>\n<th><strong>N.\u00ba de pa\u00edses participantes<\/strong><\/th>\n<th>N.\u00ba de donantes<\/th>\n<th>N.\u00ba de campa\u00f1as de donaci\u00f3n de sangre<\/th>\n<\/tr>\n<tr>\n<td>2025<\/td>\n<td>19 433<\/td>\n<td>9 347<\/td>\n<td>129<\/td>\n<\/tr>\n<tr>\n<td>2024<\/td>\n<td>1 588<\/td>\n<td>1 060<\/td>\n<td>9<\/td>\n<\/tr>\n<tr>\n<td>2023<\/td>\n<td>38 393<\/td>\n<td>16 370<\/td>\n<td>204<\/td>\n<\/tr>\n<tr>\n<td>2022<\/td>\n<td>1 282<\/td>\n<td>1 015<\/td>\n<td>7<\/td>\n<\/tr>\n<tr>\n<td>2021<\/td>\n<td>7 880<\/td>\n<td>4 841<\/td>\n<td>76<\/td>\n<\/tr>\n<tr>\n<td>2020<\/td>\n<td>248<\/td>\n<td>194<\/td>\n<td>7<\/td>\n<\/tr>\n<tr>\n<td>2019<\/td>\n<td>31 316<\/td>\n<td>14 542<\/td>\n<td>203<\/td>\n<\/tr>\n<tr>\n<td>2018<\/td>\n<td>1 849<\/td>\n<td>954<\/td>\n<td>6<\/td>\n<\/tr>\n<tr>\n<td>2017<\/td>\n<td>40<\/td>\n<td>19<\/td>\n<td>1<\/td>\n<\/tr>\n<tr>\n<td>2016<\/td>\n<td>2 036<\/td>\n<td>233<\/td>\n<td>5<\/td>\n<\/tr>\n<tr>\n<td>2015<\/td>\n<td>631<\/td>\n<td>258<\/td>\n<td>3<\/td>\n<\/tr>\n<tr>\n<td>2014<\/td>\n<td>541<\/td>\n<td>224<\/td>\n<td>9<\/td>\n<\/tr>\n<tr>\n<td>2013<\/td>\n<td>75<\/td>\n<td>30<\/td>\n<td>1<\/td>\n<\/tr>\n<tr>\n<td>2012<\/td>\n<td>23 634<\/td>\n<td>8 915<\/td>\n<td>121<\/td>\n<\/tr>\n<tr>\n<td>2011<\/td>\n<td>1 332<\/td>\n<td>638<\/td>\n<td>3<\/td>\n<\/tr>\n<tr>\n<td>2010<\/td>\n<td>4 926<\/td>\n<td>1 931<\/td>\n<td>8<\/td>\n<\/tr>\n<tr>\n<td>2009<\/td>\n<td>1 398<\/td>\n<td>571<\/td>\n<td>3<\/td>\n<\/tr>\n<tr>\n<td>2004<\/td>\n<td>1 000<\/td>\n<td>655<\/td>\n<td>1<\/td>\n<\/tr>\n<\/tbody>\n<\/table>\n<\/figure>\n<\/div>\n<\/div>\n","protected":false},"excerpt":{"rendered":"La donaci\u00f3n de sangre es la \u00fanica forma de ayudar a los pacientes \ncuyas vidas est\u00e1n en peligro a causa de la escasez de sangre. \nCon el amor incondicional de una madre hacia sus hijos, la Fundaci\u00f3n Internacional WeLoveU lleva a cabo \nla Campa\u00f1a de Donaci\u00f3n de Sangre Uno-Dos en Todo el Mundo, un movimiento global para compartir la vida.","protected":false},"author":2,"featured_media":29196,"parent":0,"menu_order":0,"comment_status":"closed","ping_status":"closed","template":"","meta":{"footnotes":""},"class_list":["post-2695","page","type-page","status-publish","has-post-thumbnail","hentry"],"yoast_head":"<!-- This site is optimized with the Yoast SEO plugin v26.8 - https:\/\/yoast.com\/product\/yoast-seo-wordpress\/ -->\n<title>Campa\u00f1a de Donaci\u00f3n de Sangre Uno-Dos - Fundaci\u00f3n Internacional WeLoveU<\/title>\n<meta name=\"robots\" content=\"index, follow, max-snippet:-1, max-image-preview:large, max-video-preview:-1\" \/>\n<link rel=\"canonical\" href=\"https:\/\/intlweloveu.org\/es\/blood-drive\/\" \/>\n<meta property=\"og:locale\" content=\"es_ES\" \/>\n<meta property=\"og:type\" content=\"article\" \/>\n<meta property=\"og:title\" content=\"Campa\u00f1a de Donaci\u00f3n de Sangre Uno-Dos - Fundaci\u00f3n Internacional WeLoveU\" \/>\n<meta property=\"og:description\" content=\"La donaci\u00f3n de sangre es la \u00fanica forma de ayudar a los pacientes cuyas vidas est\u00e1n en peligro a causa de la escasez de sangre. Con el amor incondicional de una madre hacia sus hijos, la Fundaci\u00f3n Internacional WeLoveU lleva a cabo la Campa\u00f1a de Donaci\u00f3n de Sangre Uno-Dos en Todo el Mundo, un movimiento global para compartir la vida.\" \/>\n<meta property=\"og:url\" content=\"https:\/\/intlweloveu.org\/es\/blood-drive\/\" \/>\n<meta property=\"og:site_name\" content=\"Fundaci\u00f3n Internacional WeLoveU\" \/>\n<meta property=\"article:modified_time\" content=\"2025-12-23T07:01:17+00:00\" \/>\n<meta property=\"og:image\" content=\"https:\/\/intlweloveu.org\/wp-content\/uploads\/2025\/10\/thum_WeLoveU_saving_lives.jpg\" \/>\n\t<meta property=\"og:image:width\" content=\"1200\" \/>\n\t<meta property=\"og:image:height\" content=\"630\" \/>\n\t<meta property=\"og:image:type\" content=\"image\/jpeg\" \/>\n<meta name=\"twitter:card\" content=\"summary_large_image\" \/>\n<meta name=\"twitter:label1\" content=\"Tiempo de lectura\" \/>\n\t<meta name=\"twitter:data1\" content=\"1 minuto\" \/>\n<script type=\"application\/ld+json\" class=\"yoast-schema-graph\">{\"@context\":\"https:\/\/schema.org\",\"@graph\":[{\"@type\":\"WebPage\",\"@id\":\"https:\/\/intlweloveu.org\/es\/blood-drive\/\",\"url\":\"https:\/\/intlweloveu.org\/es\/blood-drive\/\",\"name\":\"Campa\u00f1a de Donaci\u00f3n de Sangre Uno-Dos - Fundaci\u00f3n Internacional WeLoveU\",\"isPartOf\":{\"@id\":\"https:\/\/intlweloveu.org\/#website\"},\"primaryImageOfPage\":{\"@id\":\"https:\/\/intlweloveu.org\/es\/blood-drive\/#primaryimage\"},\"image\":{\"@id\":\"https:\/\/intlweloveu.org\/es\/blood-drive\/#primaryimage\"},\"thumbnailUrl\":\"https:\/\/intlweloveu.org\/wp-content\/uploads\/2025\/10\/thum_WeLoveU_saving_lives.jpg\",\"datePublished\":\"2025-02-12T07:59:26+00:00\",\"dateModified\":\"2025-12-23T07:01:17+00:00\",\"breadcrumb\":{\"@id\":\"https:\/\/intlweloveu.org\/es\/blood-drive\/#breadcrumb\"},\"inLanguage\":\"es\",\"potentialAction\":[{\"@type\":\"ReadAction\",\"target\":[\"https:\/\/intlweloveu.org\/es\/blood-drive\/\"]}]},{\"@type\":\"ImageObject\",\"inLanguage\":\"es\",\"@id\":\"https:\/\/intlweloveu.org\/es\/blood-drive\/#primaryimage\",\"url\":\"https:\/\/intlweloveu.org\/wp-content\/uploads\/2025\/10\/thum_WeLoveU_saving_lives.jpg\",\"contentUrl\":\"https:\/\/intlweloveu.org\/wp-content\/uploads\/2025\/10\/thum_WeLoveU_saving_lives.jpg\",\"width\":1200,\"height\":630},{\"@type\":\"BreadcrumbList\",\"@id\":\"https:\/\/intlweloveu.org\/es\/blood-drive\/#breadcrumb\",\"itemListElement\":[{\"@type\":\"ListItem\",\"position\":1,\"name\":\"\ud648\",\"item\":\"https:\/\/intlweloveu.org\/es\/\"},{\"@type\":\"ListItem\",\"position\":2,\"name\":\"Campa\u00f1a de Donaci\u00f3n de Sangre Uno-Dos\"}]},{\"@type\":\"WebSite\",\"@id\":\"https:\/\/intlweloveu.org\/#website\",\"url\":\"https:\/\/intlweloveu.org\/\",\"name\":\"The Intl. WeLoveU Foundation\",\"description\":\"El Amor de la Madre al Mundo Entero\",\"alternateName\":\"\uad6d\uc81c\uc704\ub7ec\ube0c\uc720\uc6b4\ub3d9\ubcf8\ubd80\",\"potentialAction\":[{\"@type\":\"SearchAction\",\"target\":{\"@type\":\"EntryPoint\",\"urlTemplate\":\"https:\/\/intlweloveu.org\/?s={search_term_string}\"},\"query-input\":{\"@type\":\"PropertyValueSpecification\",\"valueRequired\":true,\"valueName\":\"search_term_string\"}}],\"inLanguage\":\"es\"}]}<\/script>\n<!-- \/ Yoast SEO plugin. -->","yoast_head_json":{"title":"Campa\u00f1a de Donaci\u00f3n de Sangre Uno-Dos - Fundaci\u00f3n Internacional WeLoveU","robots":{"index":"index","follow":"follow","max-snippet":"max-snippet:-1","max-image-preview":"max-image-preview:large","max-video-preview":"max-video-preview:-1"},"canonical":"https:\/\/intlweloveu.org\/es\/blood-drive\/","og_locale":"es_ES","og_type":"article","og_title":"Campa\u00f1a de Donaci\u00f3n de Sangre Uno-Dos - Fundaci\u00f3n Internacional WeLoveU","og_description":"La donaci\u00f3n de sangre es la \u00fanica forma de ayudar a los pacientes cuyas vidas est\u00e1n en peligro a causa de la escasez de sangre. Con el amor incondicional de una madre hacia sus hijos, la Fundaci\u00f3n Internacional WeLoveU lleva a cabo la Campa\u00f1a de Donaci\u00f3n de Sangre Uno-Dos en Todo el Mundo, un movimiento global para compartir la vida.","og_url":"https:\/\/intlweloveu.org\/es\/blood-drive\/","og_site_name":"Fundaci\u00f3n Internacional WeLoveU","article_modified_time":"2025-12-23T07:01:17+00:00","og_image":[{"width":1200,"height":630,"url":"https:\/\/intlweloveu.org\/wp-content\/uploads\/2025\/10\/thum_WeLoveU_saving_lives.jpg","type":"image\/jpeg"}],"twitter_card":"summary_large_image","twitter_misc":{"Tiempo de lectura":"1 minuto"},"schema":{"@context":"https:\/\/schema.org","@graph":[{"@type":"WebPage","@id":"https:\/\/intlweloveu.org\/es\/blood-drive\/","url":"https:\/\/intlweloveu.org\/es\/blood-drive\/","name":"Campa\u00f1a de Donaci\u00f3n de Sangre Uno-Dos - Fundaci\u00f3n Internacional WeLoveU","isPartOf":{"@id":"https:\/\/intlweloveu.org\/#website"},"primaryImageOfPage":{"@id":"https:\/\/intlweloveu.org\/es\/blood-drive\/#primaryimage"},"image":{"@id":"https:\/\/intlweloveu.org\/es\/blood-drive\/#primaryimage"},"thumbnailUrl":"https:\/\/intlweloveu.org\/wp-content\/uploads\/2025\/10\/thum_WeLoveU_saving_lives.jpg","datePublished":"2025-02-12T07:59:26+00:00","dateModified":"2025-12-23T07:01:17+00:00","breadcrumb":{"@id":"https:\/\/intlweloveu.org\/es\/blood-drive\/#breadcrumb"},"inLanguage":"es","potentialAction":[{"@type":"ReadAction","target":["https:\/\/intlweloveu.org\/es\/blood-drive\/"]}]},{"@type":"ImageObject","inLanguage":"es","@id":"https:\/\/intlweloveu.org\/es\/blood-drive\/#primaryimage","url":"https:\/\/intlweloveu.org\/wp-content\/uploads\/2025\/10\/thum_WeLoveU_saving_lives.jpg","contentUrl":"https:\/\/intlweloveu.org\/wp-content\/uploads\/2025\/10\/thum_WeLoveU_saving_lives.jpg","width":1200,"height":630},{"@type":"BreadcrumbList","@id":"https:\/\/intlweloveu.org\/es\/blood-drive\/#breadcrumb","itemListElement":[{"@type":"ListItem","position":1,"name":"\ud648","item":"https:\/\/intlweloveu.org\/es\/"},{"@type":"ListItem","position":2,"name":"Campa\u00f1a de Donaci\u00f3n de Sangre Uno-Dos"}]},{"@type":"WebSite","@id":"https:\/\/intlweloveu.org\/#website","url":"https:\/\/intlweloveu.org\/","name":"The Intl. WeLoveU Foundation","description":"El Amor de la Madre al Mundo Entero","alternateName":"\uad6d\uc81c\uc704\ub7ec\ube0c\uc720\uc6b4\ub3d9\ubcf8\ubd80","potentialAction":[{"@type":"SearchAction","target":{"@type":"EntryPoint","urlTemplate":"https:\/\/intlweloveu.org\/?s={search_term_string}"},"query-input":{"@type":"PropertyValueSpecification","valueRequired":true,"valueName":"search_term_string"}}],"inLanguage":"es"}]}},"_links":{"self":[{"href":"https:\/\/intlweloveu.org\/es\/wp-json\/wp\/v2\/pages\/2695","targetHints":{"allow":["GET"]}}],"collection":[{"href":"https:\/\/intlweloveu.org\/es\/wp-json\/wp\/v2\/pages"}],"about":[{"href":"https:\/\/intlweloveu.org\/es\/wp-json\/wp\/v2\/types\/page"}],"author":[{"embeddable":true,"href":"https:\/\/intlweloveu.org\/es\/wp-json\/wp\/v2\/users\/2"}],"replies":[{"embeddable":true,"href":"https:\/\/intlweloveu.org\/es\/wp-json\/wp\/v2\/comments?post=2695"}],"version-history":[{"count":4,"href":"https:\/\/intlweloveu.org\/es\/wp-json\/wp\/v2\/pages\/2695\/revisions"}],"predecessor-version":[{"id":205372,"href":"https:\/\/intlweloveu.org\/es\/wp-json\/wp\/v2\/pages\/2695\/revisions\/205372"}],"wp:featuredmedia":[{"embeddable":true,"href":"https:\/\/intlweloveu.org\/es\/wp-json\/wp\/v2\/media\/29196"}],"wp:attachment":[{"href":"https:\/\/intlweloveu.org\/es\/wp-json\/wp\/v2\/media?parent=2695"}],"curies":[{"name":"wp","href":"https:\/\/api.w.org\/{rel}","templated":true}]}}