{"id":2072,"date":"2025-02-20T06:54:46","date_gmt":"2025-02-20T06:54:46","guid":{"rendered":"https:\/\/intlweloveu.org\/greeting\/"},"modified":"2026-02-05T10:53:41","modified_gmt":"2026-02-05T10:53:41","slug":"greeting","status":"publish","type":"page","link":"https:\/\/intlweloveu.org\/es\/greeting\/","title":{"rendered":"Saludo de Bienvenida"},"content":{"rendered":"<section class=\"wp-block-group section bg-brown\">\n<div class=\"wp-block-group__inner-container is-layout-constrained wp-block-group-is-layout-constrained\">\n<div class=\"wp-block-columns chairwoman container-xl is-layout-flex wp-container-core-columns-is-layout-9d6595d7 wp-block-columns-is-layout-flex\">\n<div class=\"wp-block-column is-layout-flow wp-block-column-is-layout-flow\">\n<figure class=\"wp-block-image size-full\"><img loading=\"lazy\" decoding=\"async\" width=\"1500\" height=\"1826\" src=\"https:\/\/intlweloveu.org\/wp-content\/uploads\/2025\/10\/greeting_chairwoman@2x.jpg\" alt=\"\" class=\"wp-image-26090\" srcset=\"https:\/\/intlweloveu.org\/wp-content\/uploads\/2025\/10\/greeting_chairwoman@2x.jpg 1500w, https:\/\/intlweloveu.org\/wp-content\/uploads\/2025\/10\/greeting_chairwoman@2x-768x935.jpg 768w, https:\/\/intlweloveu.org\/wp-content\/uploads\/2025\/10\/greeting_chairwoman@2x-1262x1536.jpg 1262w, https:\/\/intlweloveu.org\/wp-content\/uploads\/2025\/10\/greeting_chairwoman@2x-411x500.jpg 411w\" sizes=\"auto, (max-width: 1500px) 100vw, 1500px\" \/><figcaption class=\"wp-element-caption\">Presidenta Honoraria de la Fundaci\u00f3n Internacional WeLoveU <br><strong>Zahng Gil-jah<\/strong><\/figcaption><\/figure>\n<\/div>\n<div class=\"wp-block-column text-wrap is-layout-flow wp-block-column-is-layout-flow\">\n<h2 class=\"wp-block-heading typo-headline\">Lo que el mundo realmente necesita ahora es la calidez y la compasi\u00f3n similares al abrazo de  una madre.<\/h2>\n<p>Toda persona desea tener una vida feliz. Sin embargo, a pesar de su voluntad, a veces caen en la depresi\u00f3n y no pueden ser felices; as\u00ed es la vida. De acuerdo con los principios de la naturaleza, si al ser humano le falta algo, aunque sea m\u00ednimo, se siente inquieto y ansioso, y no puede seguir un camino recto en su vida, lo cual incluso puede hacer que la aldea global se entristezca.<\/p>\n<p>Vivimos en una aldea global donde las personas se est\u00e1n acercando, pero, parad\u00f3jicamente, nuestros corazones se distancian cada vez m\u00e1s. La dura realidad de la vida ha llevado a una disminuci\u00f3n de la capacidad de compartir y dar, mientras que nuestra atenci\u00f3n se ha vuelto individualista, limit\u00e1ndose a nuestro mundo personal en lugar de abrazar el mundo m\u00e1s amplio que todos compartimos. Aquellos que solo persiguen su propio \u00e9xito y felicidad, corriendo hacia adelante sin mirar atr\u00e1s, han perdido el tiempo para detenerse y observar a quienes los rodean. En su prisa, han olvidado la generosidad de extender una mano amiga a quienes est\u00e1n luchando, cayendo o sufriendo. Lo que el mundo realmente necesita ahora es la calidez y la compasi\u00f3n similares al abrazo de una madre.<\/p>\n<p>La Fundaci\u00f3n Internacional WeLoveU se siente apenada por esta situaci\u00f3n en la que se encuentra nuestra sociedad, y su preocupaci\u00f3n es compartir la felicidad que todos desean. Para una sociedad saludable y un futuro esperanzador, nos gustar\u00eda compartir el amor con los necesitados a trav\u00e9s de sistem\u00e1ticas actividades de bienestar social. Con sonrisas alegres y brillantes, aspiramos a ser el pr\u00f3jimo que brinde esperanza a quienes enfrentan la angustia y la desesperanza. La Fundaci\u00f3n Internacional WeLoveU se esforzar\u00e1 por crecer con su apoyo e inter\u00e9s inquebrantables.<\/p>\n<\/div>\n<\/div>\n<\/div>\n<\/section>\n<section class=\"wp-block-group chairman section bg-white\">\n<div class=\"wp-block-group__inner-container is-layout-constrained wp-block-group-is-layout-constrained\">\n<div class=\"wp-block-columns container-md is-layout-flex wp-container-core-columns-is-layout-9d6595d7 wp-block-columns-is-layout-flex\">\n<div class=\"wp-block-column is-layout-flow wp-block-column-is-layout-flow\" style=\"flex-basis:33.33%\">\n<figure class=\"wp-block-image size-full\"><img loading=\"lazy\" decoding=\"async\" width=\"413\" height=\"531\" src=\"https:\/\/intlweloveu.org\/wp-content\/uploads\/2025\/10\/greeting_kim-joon-rak@2x.jpg\" alt=\"\" class=\"wp-image-26091\" srcset=\"https:\/\/intlweloveu.org\/wp-content\/uploads\/2025\/10\/greeting_kim-joon-rak@2x.jpg 413w, https:\/\/intlweloveu.org\/wp-content\/uploads\/2025\/10\/greeting_kim-joon-rak@2x-389x500.jpg 389w\" sizes=\"auto, (max-width: 413px) 100vw, 413px\" \/><figcaption class=\"wp-element-caption\">Director General de la Fundaci\u00f3n Internacional WeLoveU <br><strong>Kim Joong-rak<\/strong><\/figcaption><\/figure>\n<\/div>\n<div class=\"wp-block-column text-wrap is-layout-flow wp-block-column-is-layout-flow\" style=\"flex-basis:66.66%\">\n<h2 class=\"wp-block-heading typo-headline\">El primer amor de la humanidad <br>El gran poder detr\u00e1s de la felicidad futura<\/h2>\n<p>El bamb\u00fa moso apenas crece unos pocos cent\u00edmetros en sus primeros cuatro a\u00f1os, pero en el quinto, crece sorprendentemente varios cent\u00edmetros cada d\u00eda. Este notable crecimiento es alimentado por los nutrientes y la humedad almacenados profundamente en sus ra\u00edces, que se han extendido cientos de metros bajo tierra, soportando a\u00f1os de dificultades y pruebas en preparaci\u00f3n para elevarse hacia un futuro esperanzador.<\/p>\n<p>La Fundaci\u00f3n Internacional WeLoveU comenz\u00f3 con los silenciosos actos de compasi\u00f3n de su fundadora, quien compart\u00eda hasta un plato de guiso de pasta de soja con los vecinos en tiempos de dificultades y hambre. Es realmente inspirador que lo que comenz\u00f3 como una organizaci\u00f3n peque\u00f1a y discreta se haya extendido ahora como un movimiento global, difundiendo activamente amor y apoyo en 249 regiones de 73 pa\u00edses. Este crecimiento es como aquel del bamb\u00fa moso, alimentado por el perdurable y desinteresado&nbsp;<em>amor de una madre<\/em>, que se ha practicado consistente y silenciosamente a lo largo del tiempo.<\/p>\n<p>A menudo se dice que el amor de una madre es la forma m\u00e1s fundamental, pura y absoluta del amor. Este primer amor que experimentamos al nacer forma el fundamento de las familias, y a partir de \u00e9l se construyen naciones y sociedades humanas. Creo que el calor del amor de una madre tiene el poder de convertir silenciosamente las crisis de la humanidad en esperanza.<\/p>\n<p>Bajo el liderazgo de la Presidenta Zahng Gil-jah, todos los miembros est\u00e1n comprometidos a trabajar por la felicidad y el bienestar de nuestra familia mundial. Su c\u00e1lida preocupaci\u00f3n y apoyo son los factores clave que mantienen nuestros esfuerzos en marcha. Les pido amablemente que nos acompa\u00f1en en este viaje para crear un mundo mejor, donde nadie se quede atr\u00e1s y nadie se sienta solo, todo basado en el amor de una madre.<\/p>\n<p>Espero trabajar alegremente junto con ustedes para hacer del mundo un lugar mejor. Muchas gracias.<\/p>\n<\/div>\n<\/div>\n<\/div>\n<\/section>\n<section class=\"wp-block-group association section bg-blue\">\n<div class=\"wp-block-group__inner-container is-layout-constrained wp-block-group-is-layout-constrained\">\n<div class=\"wp-block-columns container-md is-layout-flex wp-container-core-columns-is-layout-9d6595d7 wp-block-columns-is-layout-flex\">\n<div class=\"wp-block-column is-layout-flow wp-block-column-is-layout-flow\" style=\"flex-basis:33.33%\">\n<figure class=\"wp-block-image size-full\"><img loading=\"lazy\" decoding=\"async\" width=\"300\" height=\"459\" src=\"https:\/\/intlweloveu.org\/wp-content\/uploads\/2025\/10\/greeting_yi-bae-keun@2x.jpg\" alt=\"\" class=\"wp-image-26096\"\/><figcaption class=\"wp-element-caption\">Presidente de la Asociaci\u00f3n Coreana para la Prevenci\u00f3n del Abuso Infantil <br><strong>Yi Bae-keun<\/strong><\/figcaption><\/figure>\n<\/div>\n<div class=\"wp-block-column text-wrap is-layout-flow wp-block-column-is-layout-flow\" style=\"flex-basis:66.66%\">\n<h2 class=\"wp-block-heading typo-headline\">\u201cCuando t\u00fa des limosna, no sepa tu izquierda lo que hace tu derecha\u201d.<\/h2>\n<p>Aunque muchos pioneros se han esforzado por crear \u201cun mundo donde los ni\u00f1os sean felices\u201d, la realidad es que la valla para proteger a los ni\u00f1os y fomentar sus esperanzas y sue\u00f1os se est\u00e1 desmoronando.<\/p>\n<p>Algunos ni\u00f1os son hu\u00e9rfanos de la guerra; otros mueren por las enfermedades y el hambre; y algunos caen en la violencia y el abuso. El lema: \u201cNo maldigas a los ni\u00f1os, ni abuses de ellos, ni los explotes\u201d, ha perdido sentido, y el dolor y sufrimiento de los ni\u00f1os aumenta cada vez m\u00e1s. Los ni\u00f1os son el futuro y la esperanza de la familia, la sociedad y la humanidad.<\/p>\n<p>A fin de crear un mundo donde los ni\u00f1os sean felices y todos los seres humanos est\u00e9n llenos de esperanza, se necesita nuestro amor y preocupaci\u00f3n por los ni\u00f1os con mayor urgencia m\u00e1s all\u00e1 de la nacionalidad y la raza.<\/p>\n<p>La Fundaci\u00f3n Internacional WeLoveU ha tomado la iniciativa de proteger la vida y la felicidad de los ni\u00f1os hasta la actualidad. Con la convicci\u00f3n del amor al pr\u00f3jimo, la Fundaci\u00f3n Internacional WeLoveU hace el bien con la mano derecha sin que la mano izquierda lo sepa. Est\u00e1n creando una humanidad con un futuro brillante y hermoso al igual que la palabra de Dios que no ha cambiado desde hace dos mil a\u00f1os.<\/p>\n<p>Creo que la Fundaci\u00f3n Internacional WeLoveU, que practica el amor de Dios en silencio y con sinceridad, devolver\u00e1 las saludables sonrisas a los ni\u00f1os y tambi\u00e9n a todas las personas del mundo.<\/p>\n<p>Realmente doy gracias a la Presidenta Honoraria Zahng Gil-jah que siempre nos da ejemplo, asimismo a los directores y a todos los miembros. Deseo que la Fundaci\u00f3n Internacional WeLoveU prospere y tenga \u00e9xito en los d\u00edas venideros.<\/p>\n<\/div>\n<\/div>\n<\/div>\n<\/section>\n","protected":false},"excerpt":{"rendered":"Dondequiera que se necesite amor, estamos <br>\nall\u00ed con el coraz\u00f3n y el esp\u00edritu de una madre.","protected":false},"author":2,"featured_media":237928,"parent":0,"menu_order":0,"comment_status":"closed","ping_status":"closed","template":"","meta":{"footnotes":""},"class_list":["post-2072","page","type-page","status-publish","has-post-thumbnail","hentry"],"yoast_head":"<!-- This site is optimized with the Yoast SEO plugin v26.8 - https:\/\/yoast.com\/product\/yoast-seo-wordpress\/ -->\n<title>Saludo de Bienvenida - Fundaci\u00f3n Internacional WeLoveU<\/title>\n<meta name=\"robots\" content=\"index, follow, max-snippet:-1, max-image-preview:large, max-video-preview:-1\" \/>\n<link rel=\"canonical\" href=\"https:\/\/intlweloveu.org\/es\/greeting\/\" \/>\n<meta property=\"og:locale\" content=\"es_ES\" \/>\n<meta property=\"og:type\" content=\"article\" \/>\n<meta property=\"og:title\" content=\"Saludo de Bienvenida - Fundaci\u00f3n Internacional WeLoveU\" \/>\n<meta property=\"og:description\" content=\"Dondequiera que se necesite amor, estamos all\u00ed con el coraz\u00f3n y el esp\u00edritu de una madre.\" \/>\n<meta property=\"og:url\" content=\"https:\/\/intlweloveu.org\/es\/greeting\/\" \/>\n<meta property=\"og:site_name\" content=\"Fundaci\u00f3n Internacional WeLoveU\" \/>\n<meta property=\"article:modified_time\" content=\"2026-02-05T10:53:41+00:00\" \/>\n<meta property=\"og:image\" content=\"https:\/\/intlweloveu.org\/wp-content\/uploads\/2026\/02\/thum_WeLoveU_greeting.jpg\" \/>\n\t<meta property=\"og:image:width\" content=\"1200\" \/>\n\t<meta property=\"og:image:height\" content=\"630\" \/>\n\t<meta property=\"og:image:type\" content=\"image\/jpeg\" \/>\n<meta name=\"twitter:card\" content=\"summary_large_image\" \/>\n<meta name=\"twitter:label1\" content=\"Tiempo de lectura\" \/>\n\t<meta name=\"twitter:data1\" content=\"7 minutos\" \/>\n<script type=\"application\/ld+json\" class=\"yoast-schema-graph\">{\"@context\":\"https:\/\/schema.org\",\"@graph\":[{\"@type\":\"WebPage\",\"@id\":\"https:\/\/intlweloveu.org\/es\/greeting\/\",\"url\":\"https:\/\/intlweloveu.org\/es\/greeting\/\",\"name\":\"Saludo de Bienvenida - Fundaci\u00f3n Internacional WeLoveU\",\"isPartOf\":{\"@id\":\"https:\/\/intlweloveu.org\/#website\"},\"primaryImageOfPage\":{\"@id\":\"https:\/\/intlweloveu.org\/es\/greeting\/#primaryimage\"},\"image\":{\"@id\":\"https:\/\/intlweloveu.org\/es\/greeting\/#primaryimage\"},\"thumbnailUrl\":\"https:\/\/intlweloveu.org\/wp-content\/uploads\/2026\/02\/thum_WeLoveU_greeting.jpg\",\"datePublished\":\"2025-02-20T06:54:46+00:00\",\"dateModified\":\"2026-02-05T10:53:41+00:00\",\"breadcrumb\":{\"@id\":\"https:\/\/intlweloveu.org\/es\/greeting\/#breadcrumb\"},\"inLanguage\":\"es\",\"potentialAction\":[{\"@type\":\"ReadAction\",\"target\":[\"https:\/\/intlweloveu.org\/es\/greeting\/\"]}]},{\"@type\":\"ImageObject\",\"inLanguage\":\"es\",\"@id\":\"https:\/\/intlweloveu.org\/es\/greeting\/#primaryimage\",\"url\":\"https:\/\/intlweloveu.org\/wp-content\/uploads\/2026\/02\/thum_WeLoveU_greeting.jpg\",\"contentUrl\":\"https:\/\/intlweloveu.org\/wp-content\/uploads\/2026\/02\/thum_WeLoveU_greeting.jpg\",\"width\":1200,\"height\":630},{\"@type\":\"BreadcrumbList\",\"@id\":\"https:\/\/intlweloveu.org\/es\/greeting\/#breadcrumb\",\"itemListElement\":[{\"@type\":\"ListItem\",\"position\":1,\"name\":\"\ud648\",\"item\":\"https:\/\/intlweloveu.org\/es\/\"},{\"@type\":\"ListItem\",\"position\":2,\"name\":\"Saludo de Bienvenida\"}]},{\"@type\":\"WebSite\",\"@id\":\"https:\/\/intlweloveu.org\/#website\",\"url\":\"https:\/\/intlweloveu.org\/\",\"name\":\"The Intl. WeLoveU Foundation\",\"description\":\"El Amor de la Madre al Mundo Entero\",\"alternateName\":\"\uad6d\uc81c\uc704\ub7ec\ube0c\uc720\uc6b4\ub3d9\ubcf8\ubd80\",\"potentialAction\":[{\"@type\":\"SearchAction\",\"target\":{\"@type\":\"EntryPoint\",\"urlTemplate\":\"https:\/\/intlweloveu.org\/?s={search_term_string}\"},\"query-input\":{\"@type\":\"PropertyValueSpecification\",\"valueRequired\":true,\"valueName\":\"search_term_string\"}}],\"inLanguage\":\"es\"}]}<\/script>\n<!-- \/ Yoast SEO plugin. -->","yoast_head_json":{"title":"Saludo de Bienvenida - Fundaci\u00f3n Internacional WeLoveU","robots":{"index":"index","follow":"follow","max-snippet":"max-snippet:-1","max-image-preview":"max-image-preview:large","max-video-preview":"max-video-preview:-1"},"canonical":"https:\/\/intlweloveu.org\/es\/greeting\/","og_locale":"es_ES","og_type":"article","og_title":"Saludo de Bienvenida - Fundaci\u00f3n Internacional WeLoveU","og_description":"Dondequiera que se necesite amor, estamos all\u00ed con el coraz\u00f3n y el esp\u00edritu de una madre.","og_url":"https:\/\/intlweloveu.org\/es\/greeting\/","og_site_name":"Fundaci\u00f3n Internacional WeLoveU","article_modified_time":"2026-02-05T10:53:41+00:00","og_image":[{"width":1200,"height":630,"url":"https:\/\/intlweloveu.org\/wp-content\/uploads\/2026\/02\/thum_WeLoveU_greeting.jpg","type":"image\/jpeg"}],"twitter_card":"summary_large_image","twitter_misc":{"Tiempo de lectura":"7 minutos"},"schema":{"@context":"https:\/\/schema.org","@graph":[{"@type":"WebPage","@id":"https:\/\/intlweloveu.org\/es\/greeting\/","url":"https:\/\/intlweloveu.org\/es\/greeting\/","name":"Saludo de Bienvenida - Fundaci\u00f3n Internacional WeLoveU","isPartOf":{"@id":"https:\/\/intlweloveu.org\/#website"},"primaryImageOfPage":{"@id":"https:\/\/intlweloveu.org\/es\/greeting\/#primaryimage"},"image":{"@id":"https:\/\/intlweloveu.org\/es\/greeting\/#primaryimage"},"thumbnailUrl":"https:\/\/intlweloveu.org\/wp-content\/uploads\/2026\/02\/thum_WeLoveU_greeting.jpg","datePublished":"2025-02-20T06:54:46+00:00","dateModified":"2026-02-05T10:53:41+00:00","breadcrumb":{"@id":"https:\/\/intlweloveu.org\/es\/greeting\/#breadcrumb"},"inLanguage":"es","potentialAction":[{"@type":"ReadAction","target":["https:\/\/intlweloveu.org\/es\/greeting\/"]}]},{"@type":"ImageObject","inLanguage":"es","@id":"https:\/\/intlweloveu.org\/es\/greeting\/#primaryimage","url":"https:\/\/intlweloveu.org\/wp-content\/uploads\/2026\/02\/thum_WeLoveU_greeting.jpg","contentUrl":"https:\/\/intlweloveu.org\/wp-content\/uploads\/2026\/02\/thum_WeLoveU_greeting.jpg","width":1200,"height":630},{"@type":"BreadcrumbList","@id":"https:\/\/intlweloveu.org\/es\/greeting\/#breadcrumb","itemListElement":[{"@type":"ListItem","position":1,"name":"\ud648","item":"https:\/\/intlweloveu.org\/es\/"},{"@type":"ListItem","position":2,"name":"Saludo de Bienvenida"}]},{"@type":"WebSite","@id":"https:\/\/intlweloveu.org\/#website","url":"https:\/\/intlweloveu.org\/","name":"The Intl. WeLoveU Foundation","description":"El Amor de la Madre al Mundo Entero","alternateName":"\uad6d\uc81c\uc704\ub7ec\ube0c\uc720\uc6b4\ub3d9\ubcf8\ubd80","potentialAction":[{"@type":"SearchAction","target":{"@type":"EntryPoint","urlTemplate":"https:\/\/intlweloveu.org\/?s={search_term_string}"},"query-input":{"@type":"PropertyValueSpecification","valueRequired":true,"valueName":"search_term_string"}}],"inLanguage":"es"}]}},"_links":{"self":[{"href":"https:\/\/intlweloveu.org\/es\/wp-json\/wp\/v2\/pages\/2072","targetHints":{"allow":["GET"]}}],"collection":[{"href":"https:\/\/intlweloveu.org\/es\/wp-json\/wp\/v2\/pages"}],"about":[{"href":"https:\/\/intlweloveu.org\/es\/wp-json\/wp\/v2\/types\/page"}],"author":[{"embeddable":true,"href":"https:\/\/intlweloveu.org\/es\/wp-json\/wp\/v2\/users\/2"}],"replies":[{"embeddable":true,"href":"https:\/\/intlweloveu.org\/es\/wp-json\/wp\/v2\/comments?post=2072"}],"version-history":[{"count":5,"href":"https:\/\/intlweloveu.org\/es\/wp-json\/wp\/v2\/pages\/2072\/revisions"}],"predecessor-version":[{"id":208681,"href":"https:\/\/intlweloveu.org\/es\/wp-json\/wp\/v2\/pages\/2072\/revisions\/208681"}],"wp:featuredmedia":[{"embeddable":true,"href":"https:\/\/intlweloveu.org\/es\/wp-json\/wp\/v2\/media\/237928"}],"wp:attachment":[{"href":"https:\/\/intlweloveu.org\/es\/wp-json\/wp\/v2\/media?parent=2072"}],"curies":[{"name":"wp","href":"https:\/\/api.w.org\/{rel}","templated":true}]}}