{"id":2057,"date":"2025-02-24T05:35:13","date_gmt":"2025-02-24T05:35:13","guid":{"rendered":"https:\/\/intlweloveu.org\/vision\/"},"modified":"2025-12-04T01:23:53","modified_gmt":"2025-12-04T01:23:53","slug":"vision","status":"publish","type":"page","link":"https:\/\/intlweloveu.org\/es\/vision\/","title":{"rendered":"Visi\u00f3n"},"content":{"rendered":"<h3 class=\"wp-block-heading typo-headline-2 sm-slide-Fide-In-Up\">Amor por la humanidad<\/h3>\n<p class=\"sm-slide-Fide-In-Up\">El amor de las madres es la fuente de la felicidad. La Fundaci\u00f3n Internacional WeLoveU continuar\u00e1 alimentando la paz sostenible y haciendo que el mundo se respete mutuamente. Ayudamos a las personas que sufren guerras, desastres, enfermedades y pobreza a recuperar la esperanza y el coraje, y a vivir en paz y felicidad.<\/p>\n<h3 class=\"wp-block-heading typo-headline-2 mg-var-t-50 sm-slide-Fide-In-Up\">Los cambios creativos son provocados por personas<\/h3>\n<p class=\"sm-slide-Fide-In-Up\">La verdadera soluci\u00f3n para el bienestar humano es la gente. Si nosotros, las personas, cambiamos, el mundo cambiar\u00e1. Consideramos a toda la humanidad como una familia con el amor de una madre. Esperamos hacer de las familias, las comunidades, los pa\u00edses y el mundo un c\u00e1lido nido de amor y sembrar semillas de altruismo m\u00e1s que individualismo o ego\u00edsmo.<\/p>\n","protected":false},"excerpt":{"rendered":"La Fundaci\u00f3n Internacional WeLoveU continuar\u00e1 alimentando la paz sostenible <br>y haciendo que el mundo se respete mutuamente.","protected":false},"author":2,"featured_media":26226,"parent":0,"menu_order":0,"comment_status":"closed","ping_status":"closed","template":"","meta":{"footnotes":""},"class_list":["post-2057","page","type-page","status-publish","has-post-thumbnail","hentry"],"yoast_head":"<!-- This site is optimized with the Yoast SEO plugin v26.8 - https:\/\/yoast.com\/product\/yoast-seo-wordpress\/ -->\n<title>Visi\u00f3n - Fundaci\u00f3n Internacional WeLoveU<\/title>\n<meta name=\"robots\" content=\"index, follow, max-snippet:-1, max-image-preview:large, max-video-preview:-1\" \/>\n<link rel=\"canonical\" href=\"https:\/\/intlweloveu.org\/es\/vision\/\" \/>\n<meta property=\"og:locale\" content=\"es_ES\" \/>\n<meta property=\"og:type\" content=\"article\" \/>\n<meta property=\"og:title\" content=\"Visi\u00f3n - Fundaci\u00f3n Internacional WeLoveU\" \/>\n<meta property=\"og:description\" content=\"La Fundaci\u00f3n Internacional WeLoveU continuar\u00e1 alimentando la paz sostenible y haciendo que el mundo se respete mutuamente.\" \/>\n<meta property=\"og:url\" content=\"https:\/\/intlweloveu.org\/es\/vision\/\" \/>\n<meta property=\"og:site_name\" content=\"Fundaci\u00f3n Internacional WeLoveU\" \/>\n<meta property=\"article:modified_time\" content=\"2025-12-04T01:23:53+00:00\" \/>\n<meta property=\"og:image\" content=\"https:\/\/intlweloveu.org\/wp-content\/uploads\/2025\/10\/thum_WeLoveU_vision.jpg\" \/>\n\t<meta property=\"og:image:width\" content=\"1800\" \/>\n\t<meta property=\"og:image:height\" content=\"985\" \/>\n\t<meta property=\"og:image:type\" content=\"image\/jpeg\" \/>\n<meta name=\"twitter:card\" content=\"summary_large_image\" \/>\n<meta name=\"twitter:label1\" content=\"Tiempo de lectura\" \/>\n\t<meta name=\"twitter:data1\" content=\"1 minuto\" \/>\n<script type=\"application\/ld+json\" class=\"yoast-schema-graph\">{\"@context\":\"https:\/\/schema.org\",\"@graph\":[{\"@type\":\"WebPage\",\"@id\":\"https:\/\/intlweloveu.org\/es\/vision\/\",\"url\":\"https:\/\/intlweloveu.org\/es\/vision\/\",\"name\":\"Visi\u00f3n - Fundaci\u00f3n Internacional WeLoveU\",\"isPartOf\":{\"@id\":\"https:\/\/intlweloveu.org\/#website\"},\"primaryImageOfPage\":{\"@id\":\"https:\/\/intlweloveu.org\/es\/vision\/#primaryimage\"},\"image\":{\"@id\":\"https:\/\/intlweloveu.org\/es\/vision\/#primaryimage\"},\"thumbnailUrl\":\"https:\/\/intlweloveu.org\/wp-content\/uploads\/2025\/10\/thum_WeLoveU_vision.jpg\",\"datePublished\":\"2025-02-24T05:35:13+00:00\",\"dateModified\":\"2025-12-04T01:23:53+00:00\",\"breadcrumb\":{\"@id\":\"https:\/\/intlweloveu.org\/es\/vision\/#breadcrumb\"},\"inLanguage\":\"es\",\"potentialAction\":[{\"@type\":\"ReadAction\",\"target\":[\"https:\/\/intlweloveu.org\/es\/vision\/\"]}]},{\"@type\":\"ImageObject\",\"inLanguage\":\"es\",\"@id\":\"https:\/\/intlweloveu.org\/es\/vision\/#primaryimage\",\"url\":\"https:\/\/intlweloveu.org\/wp-content\/uploads\/2025\/10\/thum_WeLoveU_vision.jpg\",\"contentUrl\":\"https:\/\/intlweloveu.org\/wp-content\/uploads\/2025\/10\/thum_WeLoveU_vision.jpg\",\"width\":1800,\"height\":985},{\"@type\":\"BreadcrumbList\",\"@id\":\"https:\/\/intlweloveu.org\/es\/vision\/#breadcrumb\",\"itemListElement\":[{\"@type\":\"ListItem\",\"position\":1,\"name\":\"\ud648\",\"item\":\"https:\/\/intlweloveu.org\/es\/\"},{\"@type\":\"ListItem\",\"position\":2,\"name\":\"Visi\u00f3n\"}]},{\"@type\":\"WebSite\",\"@id\":\"https:\/\/intlweloveu.org\/#website\",\"url\":\"https:\/\/intlweloveu.org\/\",\"name\":\"The Intl. WeLoveU Foundation\",\"description\":\"El Amor de la Madre al Mundo Entero\",\"alternateName\":\"\uad6d\uc81c\uc704\ub7ec\ube0c\uc720\uc6b4\ub3d9\ubcf8\ubd80\",\"potentialAction\":[{\"@type\":\"SearchAction\",\"target\":{\"@type\":\"EntryPoint\",\"urlTemplate\":\"https:\/\/intlweloveu.org\/?s={search_term_string}\"},\"query-input\":{\"@type\":\"PropertyValueSpecification\",\"valueRequired\":true,\"valueName\":\"search_term_string\"}}],\"inLanguage\":\"es\"}]}<\/script>\n<!-- \/ Yoast SEO plugin. -->","yoast_head_json":{"title":"Visi\u00f3n - Fundaci\u00f3n Internacional WeLoveU","robots":{"index":"index","follow":"follow","max-snippet":"max-snippet:-1","max-image-preview":"max-image-preview:large","max-video-preview":"max-video-preview:-1"},"canonical":"https:\/\/intlweloveu.org\/es\/vision\/","og_locale":"es_ES","og_type":"article","og_title":"Visi\u00f3n - Fundaci\u00f3n Internacional WeLoveU","og_description":"La Fundaci\u00f3n Internacional WeLoveU continuar\u00e1 alimentando la paz sostenible y haciendo que el mundo se respete mutuamente.","og_url":"https:\/\/intlweloveu.org\/es\/vision\/","og_site_name":"Fundaci\u00f3n Internacional WeLoveU","article_modified_time":"2025-12-04T01:23:53+00:00","og_image":[{"width":1800,"height":985,"url":"https:\/\/intlweloveu.org\/wp-content\/uploads\/2025\/10\/thum_WeLoveU_vision.jpg","type":"image\/jpeg"}],"twitter_card":"summary_large_image","twitter_misc":{"Tiempo de lectura":"1 minuto"},"schema":{"@context":"https:\/\/schema.org","@graph":[{"@type":"WebPage","@id":"https:\/\/intlweloveu.org\/es\/vision\/","url":"https:\/\/intlweloveu.org\/es\/vision\/","name":"Visi\u00f3n - Fundaci\u00f3n Internacional WeLoveU","isPartOf":{"@id":"https:\/\/intlweloveu.org\/#website"},"primaryImageOfPage":{"@id":"https:\/\/intlweloveu.org\/es\/vision\/#primaryimage"},"image":{"@id":"https:\/\/intlweloveu.org\/es\/vision\/#primaryimage"},"thumbnailUrl":"https:\/\/intlweloveu.org\/wp-content\/uploads\/2025\/10\/thum_WeLoveU_vision.jpg","datePublished":"2025-02-24T05:35:13+00:00","dateModified":"2025-12-04T01:23:53+00:00","breadcrumb":{"@id":"https:\/\/intlweloveu.org\/es\/vision\/#breadcrumb"},"inLanguage":"es","potentialAction":[{"@type":"ReadAction","target":["https:\/\/intlweloveu.org\/es\/vision\/"]}]},{"@type":"ImageObject","inLanguage":"es","@id":"https:\/\/intlweloveu.org\/es\/vision\/#primaryimage","url":"https:\/\/intlweloveu.org\/wp-content\/uploads\/2025\/10\/thum_WeLoveU_vision.jpg","contentUrl":"https:\/\/intlweloveu.org\/wp-content\/uploads\/2025\/10\/thum_WeLoveU_vision.jpg","width":1800,"height":985},{"@type":"BreadcrumbList","@id":"https:\/\/intlweloveu.org\/es\/vision\/#breadcrumb","itemListElement":[{"@type":"ListItem","position":1,"name":"\ud648","item":"https:\/\/intlweloveu.org\/es\/"},{"@type":"ListItem","position":2,"name":"Visi\u00f3n"}]},{"@type":"WebSite","@id":"https:\/\/intlweloveu.org\/#website","url":"https:\/\/intlweloveu.org\/","name":"The Intl. WeLoveU Foundation","description":"El Amor de la Madre al Mundo Entero","alternateName":"\uad6d\uc81c\uc704\ub7ec\ube0c\uc720\uc6b4\ub3d9\ubcf8\ubd80","potentialAction":[{"@type":"SearchAction","target":{"@type":"EntryPoint","urlTemplate":"https:\/\/intlweloveu.org\/?s={search_term_string}"},"query-input":{"@type":"PropertyValueSpecification","valueRequired":true,"valueName":"search_term_string"}}],"inLanguage":"es"}]}},"_links":{"self":[{"href":"https:\/\/intlweloveu.org\/es\/wp-json\/wp\/v2\/pages\/2057","targetHints":{"allow":["GET"]}}],"collection":[{"href":"https:\/\/intlweloveu.org\/es\/wp-json\/wp\/v2\/pages"}],"about":[{"href":"https:\/\/intlweloveu.org\/es\/wp-json\/wp\/v2\/types\/page"}],"author":[{"embeddable":true,"href":"https:\/\/intlweloveu.org\/es\/wp-json\/wp\/v2\/users\/2"}],"replies":[{"embeddable":true,"href":"https:\/\/intlweloveu.org\/es\/wp-json\/wp\/v2\/comments?post=2057"}],"version-history":[{"count":4,"href":"https:\/\/intlweloveu.org\/es\/wp-json\/wp\/v2\/pages\/2057\/revisions"}],"predecessor-version":[{"id":48565,"href":"https:\/\/intlweloveu.org\/es\/wp-json\/wp\/v2\/pages\/2057\/revisions\/48565"}],"wp:featuredmedia":[{"embeddable":true,"href":"https:\/\/intlweloveu.org\/es\/wp-json\/wp\/v2\/media\/26226"}],"wp:attachment":[{"href":"https:\/\/intlweloveu.org\/es\/wp-json\/wp\/v2\/media?parent=2057"}],"curies":[{"name":"wp","href":"https:\/\/api.w.org\/{rel}","templated":true}]}}