{"id":1727,"date":"2025-02-12T07:45:54","date_gmt":"2025-02-12T07:45:54","guid":{"rendered":"https:\/\/intlweloveu.org\/no-poverty-zero-hunger\/"},"modified":"2025-12-26T06:24:40","modified_gmt":"2025-12-26T06:24:40","slug":"no-poverty-zero-hunger","status":"publish","type":"page","link":"https:\/\/intlweloveu.org\/es\/no-poverty-zero-hunger\/","title":{"rendered":"Sin pobreza y hambre cero"},"content":{"rendered":"<p class=\"desc\">A pesar del extenso desarrollo industrial global, muchas personas siguen luchando contra la pobreza y el hambre. Con el fin de garantizar una mejora sostenible de la calidad de vida, especialmente de las personas que viven en \u00e1reas desfavorecidas cuyas vidas se ven afectadas por la pobreza, la Fundaci\u00f3n Internacional WeLoveU ofrece diversos tipos de apoyo que van desde alimentos hasta art\u00edculos de primera necesidad, art\u00edculos de invierno, suministros de calefacci\u00f3n, instalaciones sanitarias y gastos de manutenci\u00f3n, para ayudarles a formar una base para la autosubsistencia. Tambi\u00e9n apoyamos a las personas desplazadas que perdieron sus hogares y fueron perjudicadas en sus medios de vida debido a desastres naturales, calamidades y disturbios civiles, ofreciendo servicios de mejora de las condiciones de vida, recuperaci\u00f3n psicol\u00f3gica, etc.<\/p>\n","protected":false},"excerpt":{"rendered":"Entrega de bienes esenciales, art\u00edculos de higiene y apoyo de manutenci\u00f3n \na grupos vulnerables que enfrentan pobreza y desastres","protected":false},"author":2,"featured_media":28104,"parent":0,"menu_order":0,"comment_status":"closed","ping_status":"closed","template":"","meta":{"footnotes":""},"class_list":["post-1727","page","type-page","status-publish","has-post-thumbnail","hentry"],"yoast_head":"<!-- This site is optimized with the Yoast SEO plugin v26.8 - https:\/\/yoast.com\/product\/yoast-seo-wordpress\/ -->\n<title>Sin pobreza y hambre cero - Fundaci\u00f3n Internacional WeLoveU<\/title>\n<meta name=\"robots\" content=\"index, follow, max-snippet:-1, max-image-preview:large, max-video-preview:-1\" \/>\n<link rel=\"canonical\" href=\"https:\/\/intlweloveu.org\/es\/no-poverty-zero-hunger\/\" \/>\n<meta property=\"og:locale\" content=\"es_ES\" \/>\n<meta property=\"og:type\" content=\"article\" \/>\n<meta property=\"og:title\" content=\"Sin pobreza y hambre cero - Fundaci\u00f3n Internacional WeLoveU\" \/>\n<meta property=\"og:description\" content=\"Entrega de bienes esenciales, art\u00edculos de higiene y apoyo de manutenci\u00f3n a grupos vulnerables que enfrentan pobreza y desastres\" \/>\n<meta property=\"og:url\" content=\"https:\/\/intlweloveu.org\/es\/no-poverty-zero-hunger\/\" \/>\n<meta property=\"og:site_name\" content=\"Fundaci\u00f3n Internacional WeLoveU\" \/>\n<meta property=\"article:modified_time\" content=\"2025-12-26T06:24:40+00:00\" \/>\n<meta property=\"og:image\" content=\"https:\/\/intlweloveu.org\/wp-content\/uploads\/2025\/10\/thum_WeLoveU_project1.jpg\" \/>\n\t<meta property=\"og:image:width\" content=\"1200\" \/>\n\t<meta property=\"og:image:height\" content=\"630\" \/>\n\t<meta property=\"og:image:type\" content=\"image\/jpeg\" \/>\n<meta name=\"twitter:card\" content=\"summary_large_image\" \/>\n<meta name=\"twitter:label1\" content=\"Tiempo de lectura\" \/>\n\t<meta name=\"twitter:data1\" content=\"1 minuto\" \/>\n<script type=\"application\/ld+json\" class=\"yoast-schema-graph\">{\"@context\":\"https:\/\/schema.org\",\"@graph\":[{\"@type\":\"WebPage\",\"@id\":\"https:\/\/intlweloveu.org\/es\/no-poverty-zero-hunger\/\",\"url\":\"https:\/\/intlweloveu.org\/es\/no-poverty-zero-hunger\/\",\"name\":\"Sin pobreza y hambre cero - Fundaci\u00f3n Internacional WeLoveU\",\"isPartOf\":{\"@id\":\"https:\/\/intlweloveu.org\/#website\"},\"primaryImageOfPage\":{\"@id\":\"https:\/\/intlweloveu.org\/es\/no-poverty-zero-hunger\/#primaryimage\"},\"image\":{\"@id\":\"https:\/\/intlweloveu.org\/es\/no-poverty-zero-hunger\/#primaryimage\"},\"thumbnailUrl\":\"https:\/\/intlweloveu.org\/wp-content\/uploads\/2025\/10\/thum_WeLoveU_project1.jpg\",\"datePublished\":\"2025-02-12T07:45:54+00:00\",\"dateModified\":\"2025-12-26T06:24:40+00:00\",\"breadcrumb\":{\"@id\":\"https:\/\/intlweloveu.org\/es\/no-poverty-zero-hunger\/#breadcrumb\"},\"inLanguage\":\"es\",\"potentialAction\":[{\"@type\":\"ReadAction\",\"target\":[\"https:\/\/intlweloveu.org\/es\/no-poverty-zero-hunger\/\"]}]},{\"@type\":\"ImageObject\",\"inLanguage\":\"es\",\"@id\":\"https:\/\/intlweloveu.org\/es\/no-poverty-zero-hunger\/#primaryimage\",\"url\":\"https:\/\/intlweloveu.org\/wp-content\/uploads\/2025\/10\/thum_WeLoveU_project1.jpg\",\"contentUrl\":\"https:\/\/intlweloveu.org\/wp-content\/uploads\/2025\/10\/thum_WeLoveU_project1.jpg\",\"width\":1200,\"height\":630},{\"@type\":\"BreadcrumbList\",\"@id\":\"https:\/\/intlweloveu.org\/es\/no-poverty-zero-hunger\/#breadcrumb\",\"itemListElement\":[{\"@type\":\"ListItem\",\"position\":1,\"name\":\"\ud648\",\"item\":\"https:\/\/intlweloveu.org\/es\/\"},{\"@type\":\"ListItem\",\"position\":2,\"name\":\"Sin pobreza y hambre cero\"}]},{\"@type\":\"WebSite\",\"@id\":\"https:\/\/intlweloveu.org\/#website\",\"url\":\"https:\/\/intlweloveu.org\/\",\"name\":\"The Intl. WeLoveU Foundation\",\"description\":\"El Amor de la Madre al Mundo Entero\",\"alternateName\":\"\uad6d\uc81c\uc704\ub7ec\ube0c\uc720\uc6b4\ub3d9\ubcf8\ubd80\",\"potentialAction\":[{\"@type\":\"SearchAction\",\"target\":{\"@type\":\"EntryPoint\",\"urlTemplate\":\"https:\/\/intlweloveu.org\/?s={search_term_string}\"},\"query-input\":{\"@type\":\"PropertyValueSpecification\",\"valueRequired\":true,\"valueName\":\"search_term_string\"}}],\"inLanguage\":\"es\"}]}<\/script>\n<!-- \/ Yoast SEO plugin. -->","yoast_head_json":{"title":"Sin pobreza y hambre cero - Fundaci\u00f3n Internacional WeLoveU","robots":{"index":"index","follow":"follow","max-snippet":"max-snippet:-1","max-image-preview":"max-image-preview:large","max-video-preview":"max-video-preview:-1"},"canonical":"https:\/\/intlweloveu.org\/es\/no-poverty-zero-hunger\/","og_locale":"es_ES","og_type":"article","og_title":"Sin pobreza y hambre cero - Fundaci\u00f3n Internacional WeLoveU","og_description":"Entrega de bienes esenciales, art\u00edculos de higiene y apoyo de manutenci\u00f3n a grupos vulnerables que enfrentan pobreza y desastres","og_url":"https:\/\/intlweloveu.org\/es\/no-poverty-zero-hunger\/","og_site_name":"Fundaci\u00f3n Internacional WeLoveU","article_modified_time":"2025-12-26T06:24:40+00:00","og_image":[{"width":1200,"height":630,"url":"https:\/\/intlweloveu.org\/wp-content\/uploads\/2025\/10\/thum_WeLoveU_project1.jpg","type":"image\/jpeg"}],"twitter_card":"summary_large_image","twitter_misc":{"Tiempo de lectura":"1 minuto"},"schema":{"@context":"https:\/\/schema.org","@graph":[{"@type":"WebPage","@id":"https:\/\/intlweloveu.org\/es\/no-poverty-zero-hunger\/","url":"https:\/\/intlweloveu.org\/es\/no-poverty-zero-hunger\/","name":"Sin pobreza y hambre cero - Fundaci\u00f3n Internacional WeLoveU","isPartOf":{"@id":"https:\/\/intlweloveu.org\/#website"},"primaryImageOfPage":{"@id":"https:\/\/intlweloveu.org\/es\/no-poverty-zero-hunger\/#primaryimage"},"image":{"@id":"https:\/\/intlweloveu.org\/es\/no-poverty-zero-hunger\/#primaryimage"},"thumbnailUrl":"https:\/\/intlweloveu.org\/wp-content\/uploads\/2025\/10\/thum_WeLoveU_project1.jpg","datePublished":"2025-02-12T07:45:54+00:00","dateModified":"2025-12-26T06:24:40+00:00","breadcrumb":{"@id":"https:\/\/intlweloveu.org\/es\/no-poverty-zero-hunger\/#breadcrumb"},"inLanguage":"es","potentialAction":[{"@type":"ReadAction","target":["https:\/\/intlweloveu.org\/es\/no-poverty-zero-hunger\/"]}]},{"@type":"ImageObject","inLanguage":"es","@id":"https:\/\/intlweloveu.org\/es\/no-poverty-zero-hunger\/#primaryimage","url":"https:\/\/intlweloveu.org\/wp-content\/uploads\/2025\/10\/thum_WeLoveU_project1.jpg","contentUrl":"https:\/\/intlweloveu.org\/wp-content\/uploads\/2025\/10\/thum_WeLoveU_project1.jpg","width":1200,"height":630},{"@type":"BreadcrumbList","@id":"https:\/\/intlweloveu.org\/es\/no-poverty-zero-hunger\/#breadcrumb","itemListElement":[{"@type":"ListItem","position":1,"name":"\ud648","item":"https:\/\/intlweloveu.org\/es\/"},{"@type":"ListItem","position":2,"name":"Sin pobreza y hambre cero"}]},{"@type":"WebSite","@id":"https:\/\/intlweloveu.org\/#website","url":"https:\/\/intlweloveu.org\/","name":"The Intl. WeLoveU Foundation","description":"El Amor de la Madre al Mundo Entero","alternateName":"\uad6d\uc81c\uc704\ub7ec\ube0c\uc720\uc6b4\ub3d9\ubcf8\ubd80","potentialAction":[{"@type":"SearchAction","target":{"@type":"EntryPoint","urlTemplate":"https:\/\/intlweloveu.org\/?s={search_term_string}"},"query-input":{"@type":"PropertyValueSpecification","valueRequired":true,"valueName":"search_term_string"}}],"inLanguage":"es"}]}},"_links":{"self":[{"href":"https:\/\/intlweloveu.org\/es\/wp-json\/wp\/v2\/pages\/1727","targetHints":{"allow":["GET"]}}],"collection":[{"href":"https:\/\/intlweloveu.org\/es\/wp-json\/wp\/v2\/pages"}],"about":[{"href":"https:\/\/intlweloveu.org\/es\/wp-json\/wp\/v2\/types\/page"}],"author":[{"embeddable":true,"href":"https:\/\/intlweloveu.org\/es\/wp-json\/wp\/v2\/users\/2"}],"replies":[{"embeddable":true,"href":"https:\/\/intlweloveu.org\/es\/wp-json\/wp\/v2\/comments?post=1727"}],"version-history":[{"count":4,"href":"https:\/\/intlweloveu.org\/es\/wp-json\/wp\/v2\/pages\/1727\/revisions"}],"predecessor-version":[{"id":208609,"href":"https:\/\/intlweloveu.org\/es\/wp-json\/wp\/v2\/pages\/1727\/revisions\/208609"}],"wp:featuredmedia":[{"embeddable":true,"href":"https:\/\/intlweloveu.org\/es\/wp-json\/wp\/v2\/media\/28104"}],"wp:attachment":[{"href":"https:\/\/intlweloveu.org\/es\/wp-json\/wp\/v2\/media?parent=1727"}],"curies":[{"name":"wp","href":"https:\/\/api.w.org\/{rel}","templated":true}]}}