{"id":1294,"date":"2025-02-21T06:22:13","date_gmt":"2025-02-21T06:22:13","guid":{"rendered":"https:\/\/intlweloveu.org\/introduction\/zahng-gil-jah\/"},"modified":"2025-10-27T11:54:12","modified_gmt":"2025-10-27T11:54:12","slug":"zahng-gil-jah","status":"publish","type":"page","link":"https:\/\/intlweloveu.org\/es\/zahng-gil-jah\/","title":{"rendered":"Presidenta Honoraria Zahng Gil-jah"},"content":{"rendered":"<h2 class=\"wp-block-heading typo-headline\">Visi\u00f3n<\/h2>\n<p>\u201cQuiero asegurarme de que nadie en nuestra familia de la aldea global tenga una vida solitaria. Independientemente del pa\u00eds, la raza, el origen \u00e9tnico, la religi\u00f3n, y sin discriminaci\u00f3n contra los d\u00e9biles, discapacitados, mujeres y ni\u00f1os, espero que cada persona viva en paz y felicidad, siendo respetada, no descuidada.\u201d<\/p>\n<p>Zahng Gil-jah ha estado llevando a cabo actividades de bienestar global para ayudar al pr\u00f3jimo y la sociedad y para llegar a las familias globales, con el lema \u201cCon el coraz\u00f3n de una madre\u201d, deseando la felicidad de cada familia. Ha ofrecido una nueva vida a los ni\u00f1os que luchan por respirar, ha dado esperanza y valor a los ni\u00f1os que sufren desastres repentinos para que vuelvan a ponerse de pie, y ha transmitido amor tierno y cuidado a aquellos que est\u00e1n descuidados y solitarios. Por esa raz\u00f3n, mucha gente en el mundo la llama madre.<\/p>\n<h2 class=\"wp-block-heading typo-headline\">Actividades de Zahng Gil-jah<\/h2>\n<h3 class=\"wp-block-heading typo-headline-2\">Protecci\u00f3n de los derechos humanos de las mujeres<\/h3>\n<p>Incluso en este preciso momento, muchas mujeres en todo el mundo sufren violencia y discriminaci\u00f3n, neg\u00e1ndoseles sus derechos humanos. Adem\u00e1s de apoyar la educaci\u00f3n de las ni\u00f1as, Zahng Gil-jah lleva a cabo diversas actividades para la protecci\u00f3n de los derechos humanos de las mujeres, y ha brindado asistencia m\u00e9dica, apoyo de manutenci\u00f3n, asistencia social y ayuda psicol\u00f3gica para familias monoparentales, ancianas que viven solas, mujeres con discapacidades, etc.<\/p>\n<p>La Presidenta Honoraria ha brindado asistencia econ\u00f3mica para el parto a una universitaria internacional que estudia en el extranjero con su esposo y viven en dificultades econ\u00f3micas en un pa\u00eds con un idioma y una cultura diferentes. Ha ayudado a las amas de casa multiculturales con la adaptaci\u00f3n social y el tratamiento de la nostalgia apoy\u00e1ndolas para visitar su anhelado pa\u00eds de origen, y al hacerlo les permiti\u00f3 abrazar su nueva vida. Ha protegido el derecho a la vida de las mujeres a trav\u00e9s del evento \u201cEntregando amor con briquetas de carb\u00f3n\u201d, y les ha brindado esperanza y valor a trav\u00e9s del apoyo de manutenci\u00f3n. Cada a\u00f1o, ha promovido la salud y la estabilizaci\u00f3n del sustento de las mujeres inmigrantes, los ancianos que viven solos y los grupos sociales vulnerables, llevando a cabo el Festival de Preparaci\u00f3n de Kimchi.<\/p>\n<h3 class=\"wp-block-heading typo-headline-2\">Creaci\u00f3n de una sociedad sin desigualdad ni discriminaci\u00f3n<\/h3>\n<p>Aunque ha llegado la Cuarta Revoluci\u00f3n Industrial, que se puede resumir en inteligencia artificial y grandes vol\u00famenes de datos, hay personas que siguen sufriendo desigualdad y discriminaci\u00f3n en todo tipo de situaciones, como hambruna, escasez de agua, pobreza, enfermedades, desastres, cambio clim\u00e1tico y contaminaci\u00f3n ambiental. Zahng Gil-jah se ha esforzado diligentemente por proteger a los desfavorecidos, para que todos sean tratados con igualdad y vivan sin discriminaci\u00f3n por motivos de g\u00e9nero, raza, edad, cultura, discapacidad o condici\u00f3n econ\u00f3mica.<\/p>\n<p>Ha trabajado constantemente para ayudar a pacientes pedi\u00e1tricos con males card\u00edacos y enfermedades raras o incurables, ni\u00f1os, adolescentes, discapacitados, ancianos que viven solos, trabajadores extranjeros, familias en situaci\u00f3n de pobreza y refugiados clim\u00e1ticos, con tratamiento m\u00e9dico, independencia econ\u00f3mica y educaci\u00f3n. Ella ha visitado sitios de desastre para consolar a las v\u00edctimas del naufragio del transbordador Sewol, el incendio del tren subterr\u00e1neo de Daegu y el derrame de petr\u00f3leo de Taean, y ha tomado la delantera en servicios voluntarios con los miembros de la Fundaci\u00f3n Internacional WeLoveU al donar fondos de ayuda, realizar operaciones de limpieza y proporcionar servicios de comida gratuita. Ha instalado bombas de agua, tanques de agua e instalaciones de suministro de agua en pa\u00edses asi\u00e1ticos y africanos con escasez de agua, y ha asegurado una gesti\u00f3n de seguimiento sistem\u00e1tica para prevenir enfermedades transmitidas por el agua contaminada, sentando las bases para que los residentes tengan una vida saludable.<\/p>\n<p>Ha llevado a cabo la \u201c<a href=\"https:\/\/intlweloveu.org\/es\/blood-drive\/\">Campa\u00f1a de Donaci\u00f3n de Sangre en Todo el Mundo<\/a>\u201d desde 2004 para salvar vidas que est\u00e1n en riesgo debido a la escasez de sangre, inculcando un respeto por la conciencia de la vida en todos los pa\u00edses y aumentando la participaci\u00f3n en la donaci\u00f3n de sangre. Con el \u201c<a href=\"https:\/\/intlweloveu.org\/es\/clean-world\/\">Movimiento Mundial Clean WORLD<\/a>\u201d, que comenz\u00f3 en 2007 para preservar el medio ambiente, ha contribuido a proteger los ecosistemas marinos y terrestres, mejorando la salud y la higiene, reduciendo los gases de efecto invernadero, mejorando los entornos forestales y evitando la desertificaci\u00f3n, para que todas las personas del mundo puedan disfrutar de una vida saludable en un ambiente seguro sin discriminaci\u00f3n. Ha llevado a cabo el Seminario Ambiental Green Campus con el Presidente de Gab\u00f3n, y brind\u00f3 becas Green Campus a estudiantes universitarios que est\u00e1n comprometidos con la protecci\u00f3n del medio ambiente en sus respectivos pa\u00edses, y alienta a los universitarios y a los j\u00f3venes a convertirse en l\u00edderes mundiales en protecci\u00f3n ambiental sostenible y actividades de protecci\u00f3n ambiental de las generaciones futuras.<\/p>\n<p>Ha sido anfitriona de la \u201c<a href=\"https:\/\/intlweloveu.org\/es\/family-walkathon\/\">Caminata Familiar Nueva Vida<\/a>\u201d y el \u201c<a href=\"https:\/\/intlweloveu.org\/es\/concert\/\">Concierto Nueva Vida<\/a>\u201d durante veinte a\u00f1os para ayudar a las personas que sufren desastres, enfermedades y pobreza, para promover la armon\u00eda entre los miembros de la familia y los vecinos, para crear conciencia sobre el bienestar y para promover la educaci\u00f3n de ni\u00f1os y j\u00f3venes por la igualdad y la convivencia. En particular, las caminatas tambi\u00e9n se llevan a cabo una tras otra en Estados Unidos, Per\u00fa y Filipinas, y est\u00e1n avanzando en el \u201cbienestar de ganador-ganador\u201d para la aldea global.<\/p>\n<h3 class=\"wp-block-heading typo-headline-2\">Logrando un mundo sin guerras<\/h3>\n<p>Las guerras destruyen la vida pac\u00edfica de los individuos y los cimientos de familias, vecindarios, comunidades y pa\u00edses. Debido a conflictos pol\u00edticos, econ\u00f3micos, \u00e9tnicos, raciales o religiosos, se pierden muchas vidas inocentes y se inflige un da\u00f1o tremendo en todos los aspectos de la sociedad, econom\u00eda y cultura.<\/p>\n<p>Zahng Gil-jah ha visitado el Hospital de Veteranos para apoyar a los veteranos de guerra y militares heridos solventando los gastos m\u00e9dicos, a los veteranos discapacitados y sus familias en otros pa\u00edses con suministros y gastos m\u00e9dicos; y a los refugiados de guerra para volver a ser autosuficientes. La guerra civil perpetua ha estado en Irak durante varios a\u00f1os y un n\u00famero considerable de desplazados internos padecen enfermedades debido a que viven en condiciones que no se consideran adecuadas, y las dificultades de Jordania son inexplicables, ya que est\u00e1n acomodando a los refugiados sirios en aumento. Despu\u00e9s de enterarse de esta situaci\u00f3n a trav\u00e9s del embajador de Jordania en Corea y de un funcionario de la embajada de Irak, cubri\u00f3 los gastos de 90 tipos de suministros m\u00e9dicos a trav\u00e9s de la\u00a0<a href=\"http:\/\/www.uimsiraq.org\/\">Sociedad M\u00e9dica Iraqu\u00ed Unida (United Iraqi Medical Society, UIMS)<\/a>, una organizaci\u00f3n no gubernamental iraqu\u00ed para la ayuda y el desarrollo, y proporcion\u00f3 provisiones para los refugiados sirios mediante la cooperaci\u00f3n con la\u00a0<a href=\"https:\/\/www.jhco.org.jo\/\">Organizaci\u00f3n Ben\u00e9fica Hachemita de Jordania (Jordan Hashemite Charity Organization, JHCO)<\/a>, una organizaci\u00f3n sin fines de lucro que representa a Jordania.<\/p>\n<p>Para asegurarse de que nadie experimente dolor ni sufrimiento por la guerra, ha buscado m\u00e9todos constructivos llevando a cabo foros para trabajar juntos internacionalmente para una ayuda de emergencia sostenible, estableciendo un sistema de prevenci\u00f3n y respuesta y forjando una asociaci\u00f3n global.<\/p>\n<h3 class=\"wp-block-heading typo-headline-2\">Logro de la paz internacional sostenible<\/h3>\n<p>La paz no puede realizarse solo al final de los conflictos y las guerras. La verdadera paz se logra cuando no hay delitos sociales, conflictos ni discriminaci\u00f3n, cuando se pueden garantizar los derechos de los miembros de la comunidad, y cuando se logra la comunicaci\u00f3n y la unidad. Este proceso deben realizarlo \u201cjuntos\u201d los individuos, regiones, naciones y el mundo.<\/p>\n<p>Zahng Gil-jah inspira todos los \u00e1mbitos de la vida e infunde un sentido de esp\u00edritu comunitario para la aldea global, y llama la atenci\u00f3n de la gente hacia la vida, los derechos humanos, la igualdad y la armon\u00eda. Realiza educaci\u00f3n del car\u00e1cter para adolescentes y sus padres, a trav\u00e9s de diversas actividades, como el Foro Internacional Salvemos al Mundo, y reuniones sobre el bienestar global con diplom\u00e1ticos en Corea, y la firma de acuerdos con el Presidente de Gab\u00f3n y con personas de todos los niveles de la sociedad, a fin de cooperar con organizaciones internacionales, gobiernos, agencias y sociedades civiles. Alienta a todas las personas de diversos campos (pol\u00edtica, econom\u00eda, sociedad, ciencia, derecho, atenci\u00f3n m\u00e9dica, cultura, artes y deportes) a participar en actividades de bienestar, independientemente de su nacionalidad, origen \u00e9tnico, idioma o cultura. Sus esfuerzos humanitarios globales corresponden a los&nbsp;<a href=\"https:\/\/www.un.org\/sustainabledevelopment\/es\/\">Objetivos de Desarrollo Sostenible (ODS)<\/a>, los objetivos comunes de la sociedad internacional, y abren el camino para la paz mundial.<\/p>\n","protected":false},"excerpt":{"rendered":"Zahng Gil-jah ha vivido toda su vida como una madre. Abraza a toda la humanidad como a una familia de la aldea global, y ha llevado a cabo actividades humanitarias para la felicidad de todos, como una madre que prodiga amor y atenci\u00f3n a su familia, y constantemente sirve y se sacrifica por ellos en la posici\u00f3n m\u00e1s humilde. El camino que Zahng Gil-jah ha recorrido, se ha cubierto de amor y de compartir, y ha permitido que la Fundaci\u00f3n Internacional WeLoveU, que comenz\u00f3 en Corea, se convierta en una ONG internacional con m\u00e1s de 155 000 miembros en 73 pa\u00edses.","protected":false},"author":2,"featured_media":25939,"parent":0,"menu_order":0,"comment_status":"closed","ping_status":"closed","template":"","meta":{"footnotes":""},"class_list":["post-1294","page","type-page","status-publish","has-post-thumbnail","hentry"],"yoast_head":"<!-- This site is optimized with the Yoast SEO plugin v26.8 - https:\/\/yoast.com\/product\/yoast-seo-wordpress\/ -->\n<title>Presidenta Honoraria Zahng Gil-jah - Fundaci\u00f3n Internacional WeLoveU<\/title>\n<meta name=\"robots\" content=\"index, follow, max-snippet:-1, max-image-preview:large, max-video-preview:-1\" \/>\n<link rel=\"canonical\" href=\"https:\/\/intlweloveu.org\/es\/zahng-gil-jah\/\" \/>\n<meta property=\"og:locale\" content=\"es_ES\" \/>\n<meta property=\"og:type\" content=\"article\" \/>\n<meta property=\"og:title\" content=\"Presidenta Honoraria Zahng Gil-jah - Fundaci\u00f3n Internacional WeLoveU\" \/>\n<meta property=\"og:description\" content=\"Zahng Gil-jah ha vivido toda su vida como una madre. Abraza a toda la humanidad como a una familia de la aldea global, y ha llevado a cabo actividades humanitarias para la felicidad de todos, como una madre que prodiga amor y atenci\u00f3n a su familia, y constantemente sirve y se sacrifica por ellos en la posici\u00f3n m\u00e1s humilde. El camino que Zahng Gil-jah ha recorrido, se ha cubierto de amor y de compartir, y ha permitido que la Fundaci\u00f3n Internacional WeLoveU, que comenz\u00f3 en Corea, se convierta en una ONG internacional con m\u00e1s de 155 000 miembros en 73 pa\u00edses.\" \/>\n<meta property=\"og:url\" content=\"https:\/\/intlweloveu.org\/es\/zahng-gil-jah\/\" \/>\n<meta property=\"og:site_name\" content=\"Fundaci\u00f3n Internacional WeLoveU\" \/>\n<meta property=\"article:modified_time\" content=\"2025-10-27T11:54:12+00:00\" \/>\n<meta property=\"og:image\" content=\"https:\/\/intlweloveu.org\/wp-content\/uploads\/2025\/10\/intlweloveu_chairwoman_zahng-gil-jah@2x.jpg\" \/>\n\t<meta property=\"og:image:width\" content=\"1000\" \/>\n\t<meta property=\"og:image:height\" content=\"1217\" \/>\n\t<meta property=\"og:image:type\" content=\"image\/jpeg\" \/>\n<meta name=\"twitter:card\" content=\"summary_large_image\" \/>\n<meta name=\"twitter:label1\" content=\"Tiempo de lectura\" \/>\n\t<meta name=\"twitter:data1\" content=\"8 minutos\" \/>\n<script type=\"application\/ld+json\" class=\"yoast-schema-graph\">{\"@context\":\"https:\/\/schema.org\",\"@graph\":[{\"@type\":\"WebPage\",\"@id\":\"https:\/\/intlweloveu.org\/es\/zahng-gil-jah\/\",\"url\":\"https:\/\/intlweloveu.org\/es\/zahng-gil-jah\/\",\"name\":\"Presidenta Honoraria Zahng Gil-jah - Fundaci\u00f3n Internacional WeLoveU\",\"isPartOf\":{\"@id\":\"https:\/\/intlweloveu.org\/#website\"},\"primaryImageOfPage\":{\"@id\":\"https:\/\/intlweloveu.org\/es\/zahng-gil-jah\/#primaryimage\"},\"image\":{\"@id\":\"https:\/\/intlweloveu.org\/es\/zahng-gil-jah\/#primaryimage\"},\"thumbnailUrl\":\"https:\/\/intlweloveu.org\/wp-content\/uploads\/2025\/10\/intlweloveu_chairwoman_zahng-gil-jah@2x.jpg\",\"datePublished\":\"2025-02-21T06:22:13+00:00\",\"dateModified\":\"2025-10-27T11:54:12+00:00\",\"breadcrumb\":{\"@id\":\"https:\/\/intlweloveu.org\/es\/zahng-gil-jah\/#breadcrumb\"},\"inLanguage\":\"es\",\"potentialAction\":[{\"@type\":\"ReadAction\",\"target\":[\"https:\/\/intlweloveu.org\/es\/zahng-gil-jah\/\"]}]},{\"@type\":\"ImageObject\",\"inLanguage\":\"es\",\"@id\":\"https:\/\/intlweloveu.org\/es\/zahng-gil-jah\/#primaryimage\",\"url\":\"https:\/\/intlweloveu.org\/wp-content\/uploads\/2025\/10\/intlweloveu_chairwoman_zahng-gil-jah@2x.jpg\",\"contentUrl\":\"https:\/\/intlweloveu.org\/wp-content\/uploads\/2025\/10\/intlweloveu_chairwoman_zahng-gil-jah@2x.jpg\",\"width\":1000,\"height\":1217},{\"@type\":\"BreadcrumbList\",\"@id\":\"https:\/\/intlweloveu.org\/es\/zahng-gil-jah\/#breadcrumb\",\"itemListElement\":[{\"@type\":\"ListItem\",\"position\":1,\"name\":\"\ud648\",\"item\":\"https:\/\/intlweloveu.org\/es\/\"},{\"@type\":\"ListItem\",\"position\":2,\"name\":\"Presidenta Honoraria Zahng Gil-jah\"}]},{\"@type\":\"WebSite\",\"@id\":\"https:\/\/intlweloveu.org\/#website\",\"url\":\"https:\/\/intlweloveu.org\/\",\"name\":\"The Intl. WeLoveU Foundation\",\"description\":\"El Amor de la Madre al Mundo Entero\",\"alternateName\":\"\uad6d\uc81c\uc704\ub7ec\ube0c\uc720\uc6b4\ub3d9\ubcf8\ubd80\",\"potentialAction\":[{\"@type\":\"SearchAction\",\"target\":{\"@type\":\"EntryPoint\",\"urlTemplate\":\"https:\/\/intlweloveu.org\/?s={search_term_string}\"},\"query-input\":{\"@type\":\"PropertyValueSpecification\",\"valueRequired\":true,\"valueName\":\"search_term_string\"}}],\"inLanguage\":\"es\"}]}<\/script>\n<!-- \/ Yoast SEO plugin. -->","yoast_head_json":{"title":"Presidenta Honoraria Zahng Gil-jah - Fundaci\u00f3n Internacional WeLoveU","robots":{"index":"index","follow":"follow","max-snippet":"max-snippet:-1","max-image-preview":"max-image-preview:large","max-video-preview":"max-video-preview:-1"},"canonical":"https:\/\/intlweloveu.org\/es\/zahng-gil-jah\/","og_locale":"es_ES","og_type":"article","og_title":"Presidenta Honoraria Zahng Gil-jah - Fundaci\u00f3n Internacional WeLoveU","og_description":"Zahng Gil-jah ha vivido toda su vida como una madre. Abraza a toda la humanidad como a una familia de la aldea global, y ha llevado a cabo actividades humanitarias para la felicidad de todos, como una madre que prodiga amor y atenci\u00f3n a su familia, y constantemente sirve y se sacrifica por ellos en la posici\u00f3n m\u00e1s humilde. El camino que Zahng Gil-jah ha recorrido, se ha cubierto de amor y de compartir, y ha permitido que la Fundaci\u00f3n Internacional WeLoveU, que comenz\u00f3 en Corea, se convierta en una ONG internacional con m\u00e1s de 155 000 miembros en 73 pa\u00edses.","og_url":"https:\/\/intlweloveu.org\/es\/zahng-gil-jah\/","og_site_name":"Fundaci\u00f3n Internacional WeLoveU","article_modified_time":"2025-10-27T11:54:12+00:00","og_image":[{"width":1000,"height":1217,"url":"https:\/\/intlweloveu.org\/wp-content\/uploads\/2025\/10\/intlweloveu_chairwoman_zahng-gil-jah@2x.jpg","type":"image\/jpeg"}],"twitter_card":"summary_large_image","twitter_misc":{"Tiempo de lectura":"8 minutos"},"schema":{"@context":"https:\/\/schema.org","@graph":[{"@type":"WebPage","@id":"https:\/\/intlweloveu.org\/es\/zahng-gil-jah\/","url":"https:\/\/intlweloveu.org\/es\/zahng-gil-jah\/","name":"Presidenta Honoraria Zahng Gil-jah - Fundaci\u00f3n Internacional WeLoveU","isPartOf":{"@id":"https:\/\/intlweloveu.org\/#website"},"primaryImageOfPage":{"@id":"https:\/\/intlweloveu.org\/es\/zahng-gil-jah\/#primaryimage"},"image":{"@id":"https:\/\/intlweloveu.org\/es\/zahng-gil-jah\/#primaryimage"},"thumbnailUrl":"https:\/\/intlweloveu.org\/wp-content\/uploads\/2025\/10\/intlweloveu_chairwoman_zahng-gil-jah@2x.jpg","datePublished":"2025-02-21T06:22:13+00:00","dateModified":"2025-10-27T11:54:12+00:00","breadcrumb":{"@id":"https:\/\/intlweloveu.org\/es\/zahng-gil-jah\/#breadcrumb"},"inLanguage":"es","potentialAction":[{"@type":"ReadAction","target":["https:\/\/intlweloveu.org\/es\/zahng-gil-jah\/"]}]},{"@type":"ImageObject","inLanguage":"es","@id":"https:\/\/intlweloveu.org\/es\/zahng-gil-jah\/#primaryimage","url":"https:\/\/intlweloveu.org\/wp-content\/uploads\/2025\/10\/intlweloveu_chairwoman_zahng-gil-jah@2x.jpg","contentUrl":"https:\/\/intlweloveu.org\/wp-content\/uploads\/2025\/10\/intlweloveu_chairwoman_zahng-gil-jah@2x.jpg","width":1000,"height":1217},{"@type":"BreadcrumbList","@id":"https:\/\/intlweloveu.org\/es\/zahng-gil-jah\/#breadcrumb","itemListElement":[{"@type":"ListItem","position":1,"name":"\ud648","item":"https:\/\/intlweloveu.org\/es\/"},{"@type":"ListItem","position":2,"name":"Presidenta Honoraria Zahng Gil-jah"}]},{"@type":"WebSite","@id":"https:\/\/intlweloveu.org\/#website","url":"https:\/\/intlweloveu.org\/","name":"The Intl. WeLoveU Foundation","description":"El Amor de la Madre al Mundo Entero","alternateName":"\uad6d\uc81c\uc704\ub7ec\ube0c\uc720\uc6b4\ub3d9\ubcf8\ubd80","potentialAction":[{"@type":"SearchAction","target":{"@type":"EntryPoint","urlTemplate":"https:\/\/intlweloveu.org\/?s={search_term_string}"},"query-input":{"@type":"PropertyValueSpecification","valueRequired":true,"valueName":"search_term_string"}}],"inLanguage":"es"}]}},"_links":{"self":[{"href":"https:\/\/intlweloveu.org\/es\/wp-json\/wp\/v2\/pages\/1294","targetHints":{"allow":["GET"]}}],"collection":[{"href":"https:\/\/intlweloveu.org\/es\/wp-json\/wp\/v2\/pages"}],"about":[{"href":"https:\/\/intlweloveu.org\/es\/wp-json\/wp\/v2\/types\/page"}],"author":[{"embeddable":true,"href":"https:\/\/intlweloveu.org\/es\/wp-json\/wp\/v2\/users\/2"}],"replies":[{"embeddable":true,"href":"https:\/\/intlweloveu.org\/es\/wp-json\/wp\/v2\/comments?post=1294"}],"version-history":[{"count":5,"href":"https:\/\/intlweloveu.org\/es\/wp-json\/wp\/v2\/pages\/1294\/revisions"}],"predecessor-version":[{"id":26208,"href":"https:\/\/intlweloveu.org\/es\/wp-json\/wp\/v2\/pages\/1294\/revisions\/26208"}],"wp:featuredmedia":[{"embeddable":true,"href":"https:\/\/intlweloveu.org\/es\/wp-json\/wp\/v2\/media\/25939"}],"wp:attachment":[{"href":"https:\/\/intlweloveu.org\/es\/wp-json\/wp\/v2\/media?parent=1294"}],"curies":[{"name":"wp","href":"https:\/\/api.w.org\/{rel}","templated":true}]}}